{"id":1540,"date":"2018-11-12T13:30:26","date_gmt":"2018-11-12T13:30:26","guid":{"rendered":"http:\/\/www.mediresor.se\/?page_id=1540"},"modified":"2018-11-12T15:41:17","modified_gmt":"2018-11-12T15:41:17","slug":"fedtsugning","status":"publish","type":"page","link":"https:\/\/mediresor.se\/da\/fedtsugning\/","title":{"rendered":"Fedtsugning i Tallinn, Estland"},"content":{"rendered":"<p class=\"p1\"><span class=\"s1\">FEDTSUGNING<\/span><\/p>\n<table width=\"741\">\n<tbody>\n<tr>\n<td><\/td>\n<td>L\u00e6ge: dr. P. Kirjanen.<\/p>\n<div id=\"rev_slider_2_1_wrapper\" class=\"rev_slider_wrapper fullwidthbanner-container\"><\/div>\n<div class=\"rev_slider_wrapper fullwidthbanner-container\">\n\t\t\t<!-- START Fettsugning, fettsuging, fedtsugning i Estland REVOLUTION SLIDER 6.2.15 --><p class=\"rs-p-wp-fix\"><\/p>\n\t\t\t<rs-module-wrap id=\"rev_slider_3_1_wrapper\" data-source=\"gallery\" style=\"background:transparent;padding:0;margin:0px auto;margin-top:0;margin-bottom:0;max-width:;\">\n\t\t\t\t<rs-module id=\"rev_slider_3_1\" style=\"\" data-version=\"6.2.15\">\n\t\t\t\t\t<rs-slides>\n\t\t\t\t\t\t<rs-slide data-key=\"rs-14\" data-title=\"Slide\" data-anim=\"ei:d;eo:d;s:d;r:0;t:fade;sl:d;\">\n\t\t\t\t\t\t\t<img decoding=\"async\" src=\"\/\/www.mediresor.se\/wp-content\/uploads\/2015\/08\/rasvaimu.jpg\" title=\"Fedtsugning i Tallinn, Estland\" class=\"rev-slidebg\" data-no-retina>\n<!---->\t\t\t\t\t\t<\/rs-slide>\n\t\t\t\t\t\t<rs-slide data-key=\"rs-15\" data-title=\"Slide\" data-anim=\"ei:d;eo:d;s:d;r:0;t:fade;sl:d;\">\n\t\t\t\t\t\t\t<img decoding=\"async\" src=\"\/\/www.mediresor.se\/wp-content\/uploads\/2018\/11\/Screen-Shot-2018-11-12-at-17.31.50.png\" title=\"Fedtsugning i Tallinn, Estland\" class=\"rev-slidebg\" data-no-retina>\n<!---->\t\t\t\t\t\t<\/rs-slide>\n\t\t\t\t\t\t<rs-slide data-key=\"rs-16\" data-title=\"Slide\" data-anim=\"ei:d;eo:d;s:d;r:0;t:fade;sl:d;\">\n\t\t\t\t\t\t\t<img decoding=\"async\" src=\"\/\/www.mediresor.se\/wp-content\/uploads\/2018\/11\/Screen-Shot-2018-11-12-at-17.33.18.png\" title=\"Fedtsugning i Tallinn, Estland\" class=\"rev-slidebg\" data-no-retina>\n<!---->\t\t\t\t\t\t<\/rs-slide>\n\t\t\t\t\t<\/rs-slides>\n\t\t\t\t<\/rs-module>\n\t\t\t\t<script type=\"text\/javascript\">\n\t\t\t\t\tsetREVStartSize({c: 'rev_slider_3_1',rl:[1240,1024,778,480],el:[],gw:[1240],gh:[868],type:'standard',justify:'',layout:'fullwidth',mh:\"0\"});\n\t\t\t\t\tvar\trevapi3,\n\t\t\t\t\t\ttpj;\n\t\t\t\t\tjQuery(function() {\n\t\t\t\t\t\ttpj = jQuery;\n\t\t\t\t\t\trevapi3 = tpj(\"#rev_slider_3_1\")\n\t\t\t\t\t\tif(revapi3==undefined || revapi3.revolution == undefined){\n\t\t\t\t\t\t\trevslider_showDoubleJqueryError(\"rev_slider_3_1\");\n\t\t\t\t\t\t}else{\n\t\t\t\t\t\t\trevapi3.revolution({\n\t\t\t\t\t\t\t\tduration:2000,\n\t\t\t\t\t\t\t\tvisibilityLevels:\"1240,1024,778,480\",\n\t\t\t\t\t\t\t\tgridwidth:1240,\n\t\t\t\t\t\t\t\tgridheight:868,\n\t\t\t\t\t\t\t\tspinner:\"spinner0\",\n\t\t\t\t\t\t\t\tperspectiveType:\"local\",\n\t\t\t\t\t\t\t\tresponsiveLevels:\"1240,1024,778,480\",\n\t\t\t\t\t\t\t\tprogressBar:{disableProgressBar:true},\n\t\t\t\t\t\t\t\tnavigation: {\n\t\t\t\t\t\t\t\t\tonHoverStop:false\n\t\t\t\t\t\t\t\t},\n\t\t\t\t\t\t\t\tfallbacks: {\n\t\t\t\t\t\t\t\t\tallowHTML5AutoPlayOnAndroid:true\n\t\t\t\t\t\t\t\t},\n\t\t\t\t\t\t\t});\n\t\t\t\t\t\t}\n\t\t\t\t\t\t\n\t\t\t\t\t});\n\t\t\t\t<\/script>\n\t\t\t<\/rs-module-wrap>\n\t\t\t<!-- END REVOLUTION SLIDER -->\n<\/div>\n<p>**<\/td>\n<\/tr>\n<\/tbody>\n<\/table>\n<div class=\"page\" title=\"Page 1\"><\/div>\n<p class=\"p1\"><span class=\"s1\">Visse fedtaflejringer reagerer ikke p\u00e5 almindelige metoder. Det ved du godt selv, for du har allerede pr\u00f8vet adskillige di\u00e6ter og tr\u00e6ningsmetoder. Alligevel \u00e6ndrer de problematiske omr\u00e5der sig ikke. I stedet begynder de at for\u00e5rsage ubehag eller smerte.<\/span><\/p>\n<p class=\"p1\"><span class=\"s1\">Til at slippe af med s\u00e5danne genstridige fedtaflejringer og smerte er fedtsugning n\u00e6sten den eneste l\u00f8sning, eftersom de p\u00e5g\u00e6ldende fedtceller fjernes permanent i l\u00f8bet heraf. <\/span><\/p>\n<p class=\"p1\"><span class=\"s1\">Med denne operation fjernes overfl\u00f8digt fedt fra de omr\u00e5der, hvor det er mest generende for dig. Disse omr\u00e5der identificerer vi i l\u00f8bet af konsultationen inden operationen. <\/span><\/p>\n<p class=\"p1\"><span class=\"s1\">HVORDAN FINDER HELE PROCESSEN STED?<\/span><\/p>\n<p class=\"p1\"><span class=\"s1\">Konsultationen tjener til at bed\u00f8mme din generelle helbredstilstand, samt afvigelser fra den ideelle kropsform og hudens tilstand.<\/span><\/p>\n<p class=\"p1\"><span class=\"s1\">Den f\u00f8rste konsultation finder sted pr. e-mail. Herunder klarl\u00e6gger vi dine \u00f8nsker og operationens faktiske omfang ud fra din journal og de l\u00e6gemidler, du tager.<\/span><\/p>\n<p class=\"p1\"><span class=\"s1\">P\u00e5 grundlag af de indsamlede oplysninger giver vi dig et pristilbud og tilbyder mulige datoer for operationens udf\u00f8relse.<\/span><\/p>\n<p class=\"p1\"><span class=\"s1\">Hvis det passer, aftaler vi datoen for operationen og beder om dine kontaktoplysninger til bekr\u00e6ftelse af reservationen. N\u00e5r d\u00e9t er gjort, forts\u00e6tter vi med konsultation via e-post og\/eller telefon.<\/span><\/p>\n<p class=\"p1\"><span class=\"s1\">Selve operationen tager almindeligvis 3 til 4 timer. Vor klinik anvender den mest moderne og effektive fedtsugningsmetode, som giver meget gode resultater \u2013 vandassisteret fedtsugning. Ved denne metode fjernes fedtv\u00e6vet med en vandstr\u00f8m (<i>body-jet<\/i>), som p\u00e5virker andet v\u00e6v i mindre grad og dermed g\u00f8r rekonvalescen lettere og mindre smertefuld. <\/span><\/p>\n<p class=\"p1\"><span class=\"s1\">Du bliver udskrevet allerede morgenen efter operationen. <\/span><\/p>\n<p class=\"p1\"><span class=\"s1\">Det er forskelligt fra patient til patient, hvor hurtigt man kommer sig efter operationen; men du skal regne med, at s\u00e5rene skal holdes d\u00e6kket i to uger med s\u00e5rtape og plastre, ligeledes skal man b\u00e6re st\u00f8ttekl\u00e6der p\u00e5 det opererede omr\u00e5de i 4 til 6 uger (f\u00f8rsteklasses st\u00f8ttekl\u00e6der udleveres af klinikken og indg\u00e5r i prisen p\u00e5 operationen). Ligeledes beder vi dig om at undg\u00e5 fysisk belastning i de f\u00f8rste uger af rekonvalescensen.<\/span><\/p>\n<p class=\"p1\"><span class=\"s1\">HVOR UDF\u00d8RES OPERATIONEN, OG HVEM UDF\u00d8RER DEN?<\/span><\/p>\n<p class=\"p1\"><span class=\"s1\">Hele processen finder sted p\u00e5 det nye privathospital for plastikkirurgi i Tallinn. Det blev opf\u00f8rt i \u00e5rene 2016-2017 og er specialiseret i plastikkirurgi p\u00e5 h\u00f8jt niveau. Tallinn ligger blot godt en times flyvning fra dig. Du er velkommen til at nyde servicen p\u00e5 et femstjernet hotel med nordisk kvalitet, alt dette til en favorabel pris. <\/span><\/p>\n<p class=\"p1\"><span class=\"s1\">P\u00e5 klinikken opererer vi \u00e5rligt over 300 patienter fra Skandinavien, hertil kommer de lokale patienter. Vi har omfattende erfaring med at organisere behandling og rejse for udenlandske patienter, hvor m\u00e5let er at opn\u00e5 det bedst mulige \u00e6stetiske resultat og naturligvis garantere patientens sikkerhed.<\/span><\/p>\n<p class=\"p1\"><span class=\"s1\">Du vil finde klinikkens personale meget venligt og st\u00f8ttende \u2013 professionaliteten er en selvf\u00f8lge. Din kirurg er dr. Pille Kirjanen, som er meget erfaren og licenseret specialist indenfor feltet.<\/span><\/p>\n<p class=\"p1\"><span class=\"s1\">S\u00e6t dig endelig i forbindelse med os, hvis du vil have et tilbud eller har sp\u00f8rgsm\u00e5l i forbindelse med en s\u00e5dan operation. <\/span><\/p>\n<p class=\"p1\"><span class=\"s1\">Du er velkommen til at ringe til +46 7 36 36 36 90 eller at skrive til adressen info@mediresor.se<\/span><\/p>\n","protected":false},"excerpt":{"rendered":"<p>FEDTSUGNING L\u00e6ge: dr. P. Kirjanen. ** Visse fedtaflejringer reagerer ikke p\u00e5 almindelige metoder. Det ved du godt selv, for du har allerede pr\u00f8vet adskillige di\u00e6ter og tr\u00e6ningsmetoder. Alligevel \u00e6ndrer de problematiske omr\u00e5der sig ikke. I stedet begynder de at for\u00e5rsage ubehag eller smerte. Til at slippe af med s\u00e5danne genstridige fedtaflejringer og smerte er fedtsugning&hellip; <a class=\"read-more\" href=\"https:\/\/mediresor.se\/da\/fedtsugning\/\">Read More<\/a><\/p>\n","protected":false},"author":1,"featured_media":0,"parent":0,"menu_order":0,"comment_status":"closed","ping_status":"closed","template":"","meta":{"footnotes":""},"class_list":["post-1540","page","type-page","status-publish","hentry"],"_links":{"self":[{"href":"https:\/\/mediresor.se\/da\/wp-json\/wp\/v2\/pages\/1540","targetHints":{"allow":["GET"]}}],"collection":[{"href":"https:\/\/mediresor.se\/da\/wp-json\/wp\/v2\/pages"}],"about":[{"href":"https:\/\/mediresor.se\/da\/wp-json\/wp\/v2\/types\/page"}],"author":[{"embeddable":true,"href":"https:\/\/mediresor.se\/da\/wp-json\/wp\/v2\/users\/1"}],"replies":[{"embeddable":true,"href":"https:\/\/mediresor.se\/da\/wp-json\/wp\/v2\/comments?post=1540"}],"version-history":[{"count":5,"href":"https:\/\/mediresor.se\/da\/wp-json\/wp\/v2\/pages\/1540\/revisions"}],"predecessor-version":[{"id":1576,"href":"https:\/\/mediresor.se\/da\/wp-json\/wp\/v2\/pages\/1540\/revisions\/1576"}],"wp:attachment":[{"href":"https:\/\/mediresor.se\/da\/wp-json\/wp\/v2\/media?parent=1540"}],"curies":[{"name":"wp","href":"https:\/\/api.w.org\/{rel}","templated":true}]}}