{"id":1547,"date":"2018-11-12T13:41:25","date_gmt":"2018-11-12T13:41:25","guid":{"rendered":"http:\/\/www.mediresor.se\/?page_id=1547"},"modified":"2018-11-12T13:41:25","modified_gmt":"2018-11-12T13:41:25","slug":"maveplastik-i-tallinn-estland","status":"publish","type":"page","link":"https:\/\/mediresor.se\/da\/maveplastik-i-tallinn-estland\/","title":{"rendered":"Maveplastik i Tallinn, Estland"},"content":{"rendered":"<p class=\"p1\"><span class=\"s1\">MAVEPLASTIK<\/span><\/p>\n<p class=\"p1\">\n<p class=\"p1\"><span class=\"s1\">Efter et betydeligt v\u00e6gttab vil mange m\u00e6nd og kvinder finde, at de har overfl\u00f8dig hud p\u00e5 den nederste del af maven. Eller for kvinders vedkommende efter gennemf\u00f8rt graviditet. I alle tilf\u00e6lde er der tale om et \u00e6stetisk problem.<\/span><\/p>\n<p class=\"p1\"><span class=\"s1\">Denne operation giver dig den mave, som du fortjener at have med sund levevis og tr\u00e6ning.<\/span><\/p>\n<p class=\"p1\">\n<p class=\"p1\"><span class=\"s1\">HVORDAN FINDER HELE PROCESSEN STED?<\/span><\/p>\n<p class=\"p1\"><span class=\"s1\">Inden vi aftaler tid for din operation, klarl\u00e6gger vi sammen dine forventninger og vore muligheder for at opfylde disse forventninger. Vi vurderer din generelle helbredstilstand og udf\u00f8rer unders\u00f8gelser.<\/span><\/p>\n<p class=\"p1\"><span class=\"s1\">Alt efter de fremkomne resultater giver vi dig et pristilbud. Ligeledes tilbyder vi dig mulige datoer for operationen.<\/span><\/p>\n<p class=\"p1\"><span class=\"s1\">Hvis det passer, beder vi om dine oplysninger til bekr\u00e6ftelse af reservationen. N\u00e5r d\u00e9t er gjort, forts\u00e6tter vi med konsultation via e-post og\/eller telefon.<\/span><\/p>\n<p class=\"p1\"><span class=\"s1\">Mini-maveplastik eller almindelige maveplastikoperationer udf\u00f8res af dr. Pille Kirjanen, som har mange \u00e5rs erfaring og har licens som plastikkirurg.<\/span><\/p>\n<p class=\"p1\"><span class=\"s1\">Selve operationen udf\u00f8res under fuld narkose og varer mellem \u00e9n og halvanden time. I l\u00f8bet af operationen fjernes overfl\u00f8dig hud, og mavemusklerne strammes.<\/span><\/p>\n<p class=\"p1\"><span class=\"s1\">Denne operation b\u00f8r ikke forveksles med fedtsugning, selv om begge operationer godt kan udf\u00f8res sammen. Denne beslutning er dog op til patienten og l\u00e6gen.<\/span><\/p>\n<p class=\"p1\"><span class=\"s1\">Efter operationen tilbringer du yderligere 1-2 dage i vor klinik.<\/span><\/p>\n<p class=\"p1\"><span class=\"s1\">Det kan tage indtil 4-6 uger at komme sig efter operationen. De f\u00f8rste dage kan du have vanskeligt ved at str\u00e6kke dig ud. Dette g\u00e5r dog hurtigt over. Du vil f\u00e5 udleveret et s\u00e6t st\u00f8tteundert\u00f8j\/korset af meget h\u00f8j kvalitet, som du skal have p\u00e5 hele tiden i 4-6 uger. Uanset dette anbefaler vi dig at undg\u00e5 st\u00f8rre fysisk belastning i de f\u00f8rste uger.<\/span><\/p>\n<p class=\"p1\">\n<p class=\"p1\"><span class=\"s1\">HVOR UDF\u00d8RES OPERATIONEN?<\/span><\/p>\n<p class=\"p1\"><span class=\"s1\">Hele processen finder sted p\u00e5 det nye privathospital for plastikkirurgi i Tallinn. Det blev opf\u00f8rt i \u00e5rene 2016-2017 og er specialiseret i plastikkirurgi p\u00e5 h\u00f8jt niveau. Tallinn ligger blot godt en times flyvning fra dig. Du er velkommen til at nyde servicen p\u00e5 et femstjernet hotel med nordisk kvalitet, alt dette til en favorabel pris. <\/span><\/p>\n<p class=\"p1\"><span class=\"s1\">P\u00e5 klinikken opererer vi \u00e5rligt over 300 patienter fra Skandinavien, hertil kommer de lokale patienter. Vi har omfattende erfaring med at organisere behandling og rejse for udenlandske patienter, hvor m\u00e5let er at opn\u00e5 det bedst mulige \u00e6stetiske resultat og naturligvis garantere patientens sikkerhed.<\/span><\/p>\n<p class=\"p1\"><span class=\"s1\">Du vil finde klinikkens personale meget venligt og st\u00f8ttende \u2013 professionaliteten er en selvf\u00f8lge.<\/span><\/p>\n<p class=\"p1\">\n<p class=\"p1\"><span class=\"s1\">S\u00e6t dig endelig i forbindelse med os, hvis du vil have et tilbud eller har sp\u00f8rgsm\u00e5l i forbindelse med en s\u00e5dan operation.<\/span><\/p>\n<p class=\"p1\"><span class=\"s1\"> Du er velkommen til at ringe til +46 7 36 36 36 90 eller at skrive til adressen info@mediresor.se<\/span><\/p>\n","protected":false},"excerpt":{"rendered":"<p>MAVEPLASTIK Efter et betydeligt v\u00e6gttab vil mange m\u00e6nd og kvinder finde, at de har overfl\u00f8dig hud p\u00e5 den nederste del af maven. Eller for kvinders vedkommende efter gennemf\u00f8rt graviditet. I alle tilf\u00e6lde er der tale om et \u00e6stetisk problem. Denne operation giver dig den mave, som du fortjener at have med sund levevis og tr\u00e6ning.&hellip; <a class=\"read-more\" href=\"https:\/\/mediresor.se\/da\/maveplastik-i-tallinn-estland\/\">Read More<\/a><\/p>\n","protected":false},"author":1,"featured_media":0,"parent":0,"menu_order":0,"comment_status":"closed","ping_status":"closed","template":"","meta":{"footnotes":""},"class_list":["post-1547","page","type-page","status-publish","hentry"],"_links":{"self":[{"href":"https:\/\/mediresor.se\/da\/wp-json\/wp\/v2\/pages\/1547","targetHints":{"allow":["GET"]}}],"collection":[{"href":"https:\/\/mediresor.se\/da\/wp-json\/wp\/v2\/pages"}],"about":[{"href":"https:\/\/mediresor.se\/da\/wp-json\/wp\/v2\/types\/page"}],"author":[{"embeddable":true,"href":"https:\/\/mediresor.se\/da\/wp-json\/wp\/v2\/users\/1"}],"replies":[{"embeddable":true,"href":"https:\/\/mediresor.se\/da\/wp-json\/wp\/v2\/comments?post=1547"}],"version-history":[{"count":1,"href":"https:\/\/mediresor.se\/da\/wp-json\/wp\/v2\/pages\/1547\/revisions"}],"predecessor-version":[{"id":1548,"href":"https:\/\/mediresor.se\/da\/wp-json\/wp\/v2\/pages\/1547\/revisions\/1548"}],"wp:attachment":[{"href":"https:\/\/mediresor.se\/da\/wp-json\/wp\/v2\/media?parent=1547"}],"curies":[{"name":"wp","href":"https:\/\/api.w.org\/{rel}","templated":true}]}}