{"id":1550,"date":"2018-11-12T13:43:27","date_gmt":"2018-11-12T13:43:27","guid":{"rendered":"http:\/\/www.mediresor.se\/?page_id=1550"},"modified":"2018-11-12T16:02:35","modified_gmt":"2018-11-12T16:02:35","slug":"maveballon-i-tallinn-estland","status":"publish","type":"page","link":"https:\/\/mediresor.se\/da\/maveballon-i-tallinn-estland\/","title":{"rendered":"Maveballon i Tallinn, Estland"},"content":{"rendered":"<p class=\"p1\">\n\t\t\t<!-- START Gastric bypass or sleeve REVOLUTION SLIDER 6.2.15 --><p class=\"rs-p-wp-fix\"><\/p>\n\t\t\t<rs-module-wrap id=\"rev_slider_2_1_wrapper\" data-source=\"gallery\" style=\"background:transparent;padding:0;margin:0px auto;margin-top:0;margin-bottom:0;max-width:;\">\n\t\t\t\t<rs-module id=\"rev_slider_2_1\" style=\"\" data-version=\"6.2.15\">\n\t\t\t\t\t<rs-slides>\n\t\t\t\t\t\t<rs-slide data-key=\"rs-9\" data-title=\"Slide\" data-anim=\"ei:d;eo:d;s:d;r:0;t:fade;sl:d;\">\n\t\t\t\t\t\t\t<img decoding=\"async\" src=\"\/\/www.mediresor.se\/wp-content\/uploads\/2018\/11\/gastric_bypass_fo\u0308re_eefter.png\" title=\"Maveballon i Tallinn, Estland\" data-parallax=\"off\" class=\"rev-slidebg\" data-no-retina>\n<!---->\t\t\t\t\t\t<\/rs-slide>\n\t\t\t\t\t\t<rs-slide data-key=\"rs-10\" data-title=\"Slide\" data-anim=\"ei:d;eo:d;s:d;r:0;t:fade;sl:d;\">\n\t\t\t\t\t\t\t<img decoding=\"async\" src=\"\/\/www.mediresor.se\/wp-content\/uploads\/2018\/11\/gastric_plication_fo\u0308re_efter.png\" title=\"Maveballon i Tallinn, Estland\" data-parallax=\"off\" class=\"rev-slidebg\" data-no-retina>\n<!---->\t\t\t\t\t\t<\/rs-slide>\n\t\t\t\t\t\t<rs-slide data-key=\"rs-11\" data-title=\"Slide\" data-anim=\"ei:d;eo:d;s:d;r:0;t:fade;sl:d;\">\n\t\t\t\t\t\t\t<img decoding=\"async\" src=\"\/\/www.mediresor.se\/wp-content\/uploads\/2018\/11\/gastric_sleeve_fo\u0308re_e_efter.png\" title=\"Maveballon i Tallinn, Estland\" data-parallax=\"off\" class=\"rev-slidebg\" data-no-retina>\n<!---->\t\t\t\t\t\t<\/rs-slide>\n\t\t\t\t\t\t<rs-slide data-key=\"rs-17\" data-title=\"Slide\" data-anim=\"ei:d;eo:d;s:d;r:0;t:fade;sl:d;\">\n\t\t\t\t\t\t\t<img decoding=\"async\" src=\"\/\/www.mediresor.se\/wp-content\/uploads\/2018\/11\/Screen-Shot-2018-11-12-at-17.31.23.png\" title=\"Maveballon i Tallinn, Estland\" data-parallax=\"off\" class=\"rev-slidebg\" data-no-retina>\n<!---->\t\t\t\t\t\t<\/rs-slide>\n\t\t\t\t\t<\/rs-slides>\n\t\t\t\t<\/rs-module>\n\t\t\t\t<script type=\"text\/javascript\">\n\t\t\t\t\tsetREVStartSize({c: 'rev_slider_2_1',rl:[1240,1024,778,480],el:[],gw:[1240],gh:[868],type:'standard',justify:'',layout:'fullwidth',mh:\"0\"});\n\t\t\t\t\tvar\trevapi2,\n\t\t\t\t\t\ttpj;\n\t\t\t\t\tjQuery(function() {\n\t\t\t\t\t\ttpj = jQuery;\n\t\t\t\t\t\trevapi2 = tpj(\"#rev_slider_2_1\")\n\t\t\t\t\t\tif(revapi2==undefined || revapi2.revolution == undefined){\n\t\t\t\t\t\t\trevslider_showDoubleJqueryError(\"rev_slider_2_1\");\n\t\t\t\t\t\t}else{\n\t\t\t\t\t\t\trevapi2.revolution({\n\t\t\t\t\t\t\t\tduration:2000,\n\t\t\t\t\t\t\t\tvisibilityLevels:\"1240,1024,778,480\",\n\t\t\t\t\t\t\t\tgridwidth:1240,\n\t\t\t\t\t\t\t\tgridheight:868,\n\t\t\t\t\t\t\t\tspinner:\"spinner2\",\n\t\t\t\t\t\t\t\tperspectiveType:\"local\",\n\t\t\t\t\t\t\t\tresponsiveLevels:\"1240,1024,778,480\",\n\t\t\t\t\t\t\t\tprogressBar:{disableProgressBar:true},\n\t\t\t\t\t\t\t\tnavigation: {\n\t\t\t\t\t\t\t\t\tonHoverStop:false\n\t\t\t\t\t\t\t\t},\n\t\t\t\t\t\t\t\tparallax: {\n\t\t\t\t\t\t\t\t\tlevels:[5,10,15,20,25,30,35,40,45,50,47,48,49,50,51,30],\n\t\t\t\t\t\t\t\t\ttype:\"mouse\",\n\t\t\t\t\t\t\t\t\tspeed:200\n\t\t\t\t\t\t\t\t},\n\t\t\t\t\t\t\t\tfallbacks: {\n\t\t\t\t\t\t\t\t\tallowHTML5AutoPlayOnAndroid:true\n\t\t\t\t\t\t\t\t},\n\t\t\t\t\t\t\t});\n\t\t\t\t\t\t}\n\t\t\t\t\t\t\n\t\t\t\t\t});\n\t\t\t\t<\/script>\n\t\t\t\t<script>\n\t\t\t\t\tvar htmlDivCss = ' #rev_slider_2_1_wrapper rs-loader.spinner2{ background-color: #FFFFFF !important; } '\n\t\t\t\t\tvar htmlDiv = document.getElementById('rs-plugin-settings-inline-css');\n\t\t\t\t\tif(htmlDiv) {\n\t\t\t\t\t\thtmlDiv.innerHTML = htmlDiv.innerHTML + htmlDivCss;\n\t\t\t\t\t}else{\n\t\t\t\t\t\tvar htmlDiv = document.createElement('div');\n\t\t\t\t\t\thtmlDiv.innerHTML = '<style>' + htmlDivCss + '<\/style>';\n\t\t\t\t\t\tdocument.getElementsByTagName('head')[0].appendChild(htmlDiv.childNodes[0]);\n\t\t\t\t\t}\n\t\t\t\t<\/script>\n\t\t\t<\/rs-module-wrap>\n\t\t\t<!-- END REVOLUTION SLIDER -->\n\n<p class=\"p1\">\n<p class=\"p1\"><span class=\"s1\">MAVEBALLONER<\/span><\/p>\n<p class=\"p1\"><span class=\"s1\">Hvis du er parat til at overholde en di\u00e6t og r\u00f8re dig, er en maveballon en meget effektiv og bekvem m\u00e5de at tabe sig p\u00e5. Eftersom man med en fyldt maveballon hurtigere opn\u00e5r m\u00e6thedsfornemmelsen, er det lettere at overholde di\u00e6ten og tabe sig. Det forventelige v\u00e6gttab kan v\u00e6re 10-25 kilogram.<\/span><\/p>\n<p class=\"p1\"><span class=\"s1\">HVORDAN FINDER HELE PROCESSEN STED.<\/span><\/p>\n<p class=\"p1\"><span class=\"s1\">Vi kan tilbyde dig to slags balloner \u2013 6-m\u00e5neders balloner og de nyere 12-m\u00e5neders Spatz-balloner.<\/span><\/p>\n<p class=\"p1\"><span class=\"s1\">Inden vi aftaler en dato for operationen, klarl\u00e6gger vi dine forventninger. Vi vurderer din generelle helbredstilstand samt udf\u00f8rer unders\u00f8gelser og m\u00e5linger. Hertil h\u00f8rer obligatorisk fastl\u00e6ggelse af dit kropsv\u00e6gtsindeks (BMI).<\/span><\/p>\n<p class=\"p1\"><span class=\"s1\">P\u00e5 grundlag af de indsamlede oplysninger giver vi dig et pristilbud og tilbyder mulige datoer for operationens udf\u00f8relse.<\/span><\/p>\n<p class=\"p1\"><span class=\"s1\">Hvis det passer, aftaler vi datoen for operationen og beder om dine kontaktoplysninger til bekr\u00e6ftelse af reservationen. N\u00e5r d\u00e9t er gjort, forts\u00e6tter vi med konsultation via e-post og\/eller telefon.<\/span><\/p>\n<p class=\"p1\"><span class=\"s1\">De sidste 12 timer inden operationen b\u00f8r du hverken indtage fast eller flydende f\u00f8de.<\/span><\/p>\n<p class=\"p1\"><span class=\"s1\">Operationen med anbringelse af en maveballon udf\u00f8res af dr. Rein Adamson, som er meget erfaren indenfor feltet med mere end 1000 operationer i l\u00f8bet af de seneste tyve \u00e5r.<\/span><\/p>\n<p class=\"p1\"><span class=\"s1\">Selve operationen varer fra en halv til en hel time. I l\u00f8bet af operationen indf\u00f8res ballonen i maven uden kirurgiske snit, derefter fyldes den med en saltopl\u00f8sning.<\/span><\/p>\n<p class=\"p1\"><span class=\"s1\">Efter operationen bliver du i vor klinik natten over.<\/span><\/p>\n<p class=\"p1\"><span class=\"s1\">Det kan tage et par uger at komme sig efter operationen. I denne periode skal du indledningsvis holde dig til flydende f\u00f8de, derefter kan du gradvist lade maven v\u00e6nne sig til fast f\u00f8de. I de f\u00f8rste dage kan du f\u00f8le et let ubehag i maven, ballonen udg\u00f8r dog ingen fare for helbredet.<\/span><\/p>\n<p class=\"p1\"><span class=\"s1\">6 eller 12 m\u00e5neder senere fjernes ballonen. Hvis din kropsv\u00e6gt stadig er for stor, kan denne procedure gentages efter en kortere pause. Det skal dog ikke glemmes, at ballonen blot er et hj\u00e6lpemiddel, og det er dig selv, som skal s\u00f8rge for at holde styr p\u00e5 f\u00f8deindtagelse og motion.<\/span><\/p>\n<p class=\"p1\"><span class=\"s1\">Til opn\u00e5else af endnu st\u00f8rre virkning kan det lade sig g\u00f8re at fylde yderligere v\u00e6ske p\u00e5 den 12-m\u00e5neders Spatz-ballon, n\u00e5r de f\u00f8rste 2-3 m\u00e5neder er g\u00e5et.<\/span><\/p>\n<p class=\"p1\"><span class=\"s1\">HVOR UDF\u00d8RES OPERATIONEN?<\/span><\/p>\n<p class=\"p1\"><span class=\"s1\">Hele processen finder sted i Tallinn p\u00e5 en moderne klinik, der ligger blot godt en times flyvning fra dig. Du er velkommen til at nyde servicen p\u00e5 et femstjernet hotel med nordisk kvalitet, alt dette til en favorabel pris. <\/span><\/p>\n<p class=\"p1\"><span class=\"s1\">P\u00e5 klinikken opererer vi \u00e5rligt over 300 patienter fra Skandinavien, hertil kommer de lokale patienter. Vi har omfattende erfaring med at organisere behandling og rejse for udenlandske patienter, hvor m\u00e5let er at opn\u00e5 det bedst mulige \u00e6stetiske resultat og naturligvis garantere patientens sikkerhed.<\/span><\/p>\n<p class=\"p1\"><span class=\"s1\">Du vil finde klinikkens personale meget venligt og st\u00f8ttende \u2013 professionaliteten er en selvf\u00f8lge.<\/span><\/p>\n<p class=\"p1\"><span class=\"s1\">S\u00e6t dig endelig i forbindelse med os, hvis du vil have et tilbud eller har sp\u00f8rgsm\u00e5l i forbindelse med en s\u00e5dan operation. <\/span><\/p>\n<p class=\"p1\"><span class=\"s1\">Du er velkommen til at ringe til +46 7 36 36 36 90 eller at skrive til adressen info@mediresor.se<\/span><\/p>\n","protected":false},"excerpt":{"rendered":"<p>MAVEBALLONER Hvis du er parat til at overholde en di\u00e6t og r\u00f8re dig, er en maveballon en meget effektiv og bekvem m\u00e5de at tabe sig p\u00e5. Eftersom man med en fyldt maveballon hurtigere opn\u00e5r m\u00e6thedsfornemmelsen, er det lettere at overholde di\u00e6ten og tabe sig. Det forventelige v\u00e6gttab kan v\u00e6re 10-25 kilogram. HVORDAN FINDER HELE PROCESSEN&hellip; <a class=\"read-more\" href=\"https:\/\/mediresor.se\/da\/maveballon-i-tallinn-estland\/\">Read More<\/a><\/p>\n","protected":false},"author":1,"featured_media":0,"parent":0,"menu_order":0,"comment_status":"closed","ping_status":"closed","template":"","meta":{"footnotes":""},"class_list":["post-1550","page","type-page","status-publish","hentry"],"_links":{"self":[{"href":"https:\/\/mediresor.se\/da\/wp-json\/wp\/v2\/pages\/1550","targetHints":{"allow":["GET"]}}],"collection":[{"href":"https:\/\/mediresor.se\/da\/wp-json\/wp\/v2\/pages"}],"about":[{"href":"https:\/\/mediresor.se\/da\/wp-json\/wp\/v2\/types\/page"}],"author":[{"embeddable":true,"href":"https:\/\/mediresor.se\/da\/wp-json\/wp\/v2\/users\/1"}],"replies":[{"embeddable":true,"href":"https:\/\/mediresor.se\/da\/wp-json\/wp\/v2\/comments?post=1550"}],"version-history":[{"count":2,"href":"https:\/\/mediresor.se\/da\/wp-json\/wp\/v2\/pages\/1550\/revisions"}],"predecessor-version":[{"id":1581,"href":"https:\/\/mediresor.se\/da\/wp-json\/wp\/v2\/pages\/1550\/revisions\/1581"}],"wp:attachment":[{"href":"https:\/\/mediresor.se\/da\/wp-json\/wp\/v2\/media?parent=1550"}],"curies":[{"name":"wp","href":"https:\/\/api.w.org\/{rel}","templated":true}]}}