{"id":1553,"date":"2018-11-12T13:47:33","date_gmt":"2018-11-12T13:47:33","guid":{"rendered":"http:\/\/www.mediresor.se\/?page_id=1553"},"modified":"2018-11-12T13:49:42","modified_gmt":"2018-11-12T13:49:42","slug":"forstorrelse-af-brysterne-i-tallinn-estland","status":"publish","type":"page","link":"https:\/\/mediresor.se\/da\/forstorrelse-af-brysterne-i-tallinn-estland\/","title":{"rendered":"Forst\u00f8rrelse af brysterne i Tallinn, Estland"},"content":{"rendered":"<p class=\"p1\"><span class=\"s1\">FORST\u00d8RRELSE AF BRYSTERNE<\/span><\/p>\n<p class=\"p1\"><span class=\"s1\">Der kan v\u00e6re mange grunde til, at du kunne \u00f8nske at g\u00f8re dine bryster st\u00f8rre; men under alle disse grunde ligger den egentlige \u00e5rsag \u2013 at kunne v\u00e6re smuk og f\u00f8le sig veltilpas i sin krop. <\/span><\/p>\n<p class=\"p1\"><span class=\"s1\">En brystforst\u00f8rrelsesoperation er en fortr\u00e6ffelig mulighed for at rette op p\u00e5 sine bryster, for eksempel efter graviditet og amning eller efter en stor \u00e6ndring af kropsv\u00e6gten.<\/span><\/p>\n<p class=\"p1\"><span class=\"s1\">HVORDAN FINDER HELE PROCESSEN STED?<\/span><\/p>\n<p class=\"p1\"><span class=\"s1\">Din operation gennemf\u00f8res af dr. Pille Kirjanen, som er licenseret plastikkirurg. Hun har over 10 \u00e5rs erfaring som kirurg, har virket p\u00e5 Tartu Universitetshospital og p\u00e5 Tallinns st\u00f8rste regionalsygehus, har ladet sig videreuddanne p\u00e5 mange forskellige kurser verden over og har specialiseret sig i opn\u00e5else af f\u00f8rsteklasses resultater i brystplastikkirurgi. Hun er meget patientcentreret og hj\u00e6lper altid patienten med at v\u00e6lge den rigtige fremgangsm\u00e5de og det bedste implantat. Hun tager sig ogs\u00e5 efter operationen af patienten og bist\u00e5r hende i h\u00f8j grad. Hun udf\u00f8rer omkring 300 operationer \u00e5rligt.<\/span><\/p>\n<p class=\"p1\"><span class=\"s1\">Under konsultationen inden operationen klarl\u00e6gger vi dine forventninger og ser n\u00e6rmere p\u00e5 din generelle sundhedstilstand. Herudover udf\u00f8rer vi n\u00e6rmere unders\u00f8gelser af brystkassen og brystkirtlerne. Som afslutning p\u00e5 konsultationen m\u00e5ler vi brysterne for at kunne planl\u00e6gge valget af implantater, deres beliggenhed og stilling i forhold til brystkirtlen. Vi tager ogs\u00e5 de n\u00f8dvendige billeder af brysterne til journalen.<\/span><\/p>\n<p class=\"p1\"><span class=\"s1\">Operationen varer \u00e9n time og udf\u00f8res under fuld narkose. <\/span><\/p>\n<p class=\"p1\"><span class=\"s1\">Efter operationen forbliver du kun \u00e9n nat i vor klinik. Med andre ord kan du p\u00e5begynde hjemrejsen allerede n\u00e6ste morgen.<\/span><\/p>\n<p class=\"p1\"><span class=\"s1\">Selv om det fra patient til patient er forskelligt, hvordan man kommer sig efter operationen, er smertestillende pleje n\u00f8dvendig i de f\u00f8rste dage. Vi d\u00e6kker s\u00e5rene af med s\u00e5rtape og plastre i indtil to uger. <\/span><\/p>\n<p class=\"p1\"><span class=\"s1\">Brugen af st\u00f8ttende BH er individuelt fra tilf\u00e6lde til tilf\u00e6lde.<\/span><\/p>\n<p class=\"p1\"><span class=\"s1\">Dog anbefaler vi at ikke anvende push-up BH med st\u00f8tteb\u00f8jler efter operationen.<\/span><\/p>\n<p class=\"p1\"><span class=\"s1\">Og som det er almindeligt for alle operationer, beder vi dig om at undg\u00e5 fysisk belastning i de f\u00f8rste par uger af rekonvalescensen.<\/span><\/p>\n<p class=\"p1\"><span class=\"s1\">HVOR UDF\u00d8RES OPERATIONEN?<\/span><\/p>\n<p class=\"p1\"><span class=\"s1\">Hele processen finder sted p\u00e5 det nye privathospital for plastikkirurgi i Tallinn. Det blev opf\u00f8rt i \u00e5rene 2016-2017 og er specialiseret i plastikkirurgi p\u00e5 h\u00f8jt niveau. Tallinn ligger blot godt en times flyvning fra dig. Du er velkommen til at nyde servicen p\u00e5 et femstjernet hotel med nordisk kvalitet, alt dette til en favorabel pris. <\/span><\/p>\n<p class=\"p1\"><span class=\"s1\">P\u00e5 klinikken opererer vi \u00e5rligt over 300 patienter fra Skandinavien, hertil kommer de lokale patienter. Vi har omfattende erfaring med at organisere behandling og rejse for udenlandske patienter, hvor m\u00e5let er at opn\u00e5 det bedst mulige \u00e6stetiske resultat og naturligvis garantere patientens sikkerhed.<\/span><\/p>\n<p class=\"p1\"><span class=\"s1\">Du vil finde klinikkens personale meget venligt og st\u00f8ttende \u2013 professionaliteten er en selvf\u00f8lge.<\/span><\/p>\n<p class=\"p1\"><span class=\"s1\">S\u00e6t dig endelig i forbindelse med os, hvis du vil have et tilbud eller har sp\u00f8rgsm\u00e5l i forbindelse med en s\u00e5dan operation. <\/span><\/p>\n<p class=\"p1\"><span class=\"s1\">Du er velkommen til at ringe til +46 7 36 36 36 90 eller at skrive til adressen info@mediresor.se<\/span><\/p>\n","protected":false},"excerpt":{"rendered":"<p>FORST\u00d8RRELSE AF BRYSTERNE Der kan v\u00e6re mange grunde til, at du kunne \u00f8nske at g\u00f8re dine bryster st\u00f8rre; men under alle disse grunde ligger den egentlige \u00e5rsag \u2013 at kunne v\u00e6re smuk og f\u00f8le sig veltilpas i sin krop. En brystforst\u00f8rrelsesoperation er en fortr\u00e6ffelig mulighed for at rette op p\u00e5 sine bryster, for eksempel efter&hellip; <a class=\"read-more\" href=\"https:\/\/mediresor.se\/da\/forstorrelse-af-brysterne-i-tallinn-estland\/\">Read More<\/a><\/p>\n","protected":false},"author":1,"featured_media":0,"parent":0,"menu_order":0,"comment_status":"closed","ping_status":"closed","template":"","meta":{"footnotes":""},"class_list":["post-1553","page","type-page","status-publish","hentry"],"_links":{"self":[{"href":"https:\/\/mediresor.se\/da\/wp-json\/wp\/v2\/pages\/1553","targetHints":{"allow":["GET"]}}],"collection":[{"href":"https:\/\/mediresor.se\/da\/wp-json\/wp\/v2\/pages"}],"about":[{"href":"https:\/\/mediresor.se\/da\/wp-json\/wp\/v2\/types\/page"}],"author":[{"embeddable":true,"href":"https:\/\/mediresor.se\/da\/wp-json\/wp\/v2\/users\/1"}],"replies":[{"embeddable":true,"href":"https:\/\/mediresor.se\/da\/wp-json\/wp\/v2\/comments?post=1553"}],"version-history":[{"count":2,"href":"https:\/\/mediresor.se\/da\/wp-json\/wp\/v2\/pages\/1553\/revisions"}],"predecessor-version":[{"id":1556,"href":"https:\/\/mediresor.se\/da\/wp-json\/wp\/v2\/pages\/1553\/revisions\/1556"}],"wp:attachment":[{"href":"https:\/\/mediresor.se\/da\/wp-json\/wp\/v2\/media?parent=1553"}],"curies":[{"name":"wp","href":"https:\/\/api.w.org\/{rel}","templated":true}]}}