{"id":872,"date":"2016-09-19T09:29:32","date_gmt":"2016-09-19T08:29:32","guid":{"rendered":"http:\/\/www.mediresor.se\/?page_id=872"},"modified":"2019-11-21T05:03:53","modified_gmt":"2019-11-21T05:03:53","slug":"priser","status":"publish","type":"page","link":"https:\/\/mediresor.se\/da\/priser\/","title":{"rendered":"Priser"},"content":{"rendered":"<p><b>Priser<\/b><\/p>\n<p>Opdateret d. 1\/9-2019<\/p>\n<h2><b>Generel og gastrisk kirurgi<\/b><\/h2>\n<p>Pakkepriser inkluderer:<\/p>\n<p>1) Specialistkonsultation p\u00e5 klinikken i Tallinn.<\/p>\n<p>2) Blodpr\u00f8ver, an\u00e6stesi og operation p\u00e5 klinikken i Tallinn.<\/p>\n<p>&nbsp;<\/p>\n<table border=\"1\" width=\"100%\" cellspacing=\"0\" cellpadding=\"0\">\n<thead>\n<tr>\n<td valign=\"middle\">Operation<\/td>\n<td>Pakkepris\u00a0(EURO)<\/td>\n<\/tr>\n<\/thead>\n<tbody>\n<tr>\n<td><b>\u00a0\u00c5reknudekirurgi<\/b>\u00a0(1 ben)<\/td>\n<td>957<\/td>\n<\/tr>\n<tr>\n<td><b>\u00c5reknudebehandling <\/b><b>(skuminjektion)<\/b><\/td>\n<td>387<\/td>\n<\/tr>\n<tr>\n<td><b>Navlebrokoperation<\/b><\/td>\n<td>1090<\/td>\n<\/tr>\n<tr>\n<td><b>Laparoskopisk navlebrokoperation<\/b><\/td>\n<td>1490<\/td>\n<\/tr>\n<tr>\n<td><b>Lyskebrokoperation<\/b><\/td>\n<td>1297<\/td>\n<\/tr>\n<tr>\n<td><b>Laparoskopisk lyskebrokoperation<\/b><\/td>\n<td>1980<\/td>\n<\/tr>\n<tr>\n<td><b>\u00a0Galdebl\u00e6rekirurgi <\/b>(ved laparoskopi)<\/td>\n<td>1980<\/td>\n<\/tr>\n<tr>\n<td><b>H\u00e6morroideoperation<\/b><\/td>\n<td>1390<\/td>\n<\/tr>\n<tr style=\"background-color: #b0afaf; color: #fff;\">\n<td style=\"text-align: right;\" colspan=\"2\"><span style=\"color: #ffffff;\"><strong>dr. K. Fleidervis<\/strong><\/span><\/td>\n<\/tr>\n<\/tbody>\n<\/table>\n<h2>Fedmeoperation i 01\/2017-03\/2018*<\/h2>\n<p>Pakkepriser inkluderer: blodpr\u00f8ver, generel an\u00e6stesi, operation og ophold p\u00e5 klinikken i Tallinn.<\/p>\n<table border=\"1\" width=\"100%\" cellspacing=\"0\" cellpadding=\"0\">\n<thead>\n<tr>\n<td>Operation<\/td>\n<td>Pakkepris i alt \u00a0 (EURO)<\/td>\n<\/tr>\n<\/thead>\n<tbody>\n<tr>\n<td>Fedmeoperation (gastrisk b\u00e5nd)<\/td>\n<td>4 450<\/td>\n<\/tr>\n<tr>\n<td>Fedmeoperation (gastrisk sleeve)<\/td>\n<td>5 444<\/td>\n<\/tr>\n<tr>\n<td>Fedmeoperation (gastrisk bypass)<\/td>\n<td>5 694<\/td>\n<\/tr>\n<tr>\n<td>Fedmeoperation (gastrisk plication)<\/td>\n<td>4 500<\/td>\n<\/tr>\n<tr>\n<td>Inds\u00e6ttelse af intragastrisk ballon (BIB)<\/td>\n<td>2 550<\/td>\n<\/tr>\n<tr style=\"background-color: #b0afaf;\">\n<td style=\"text-align: right;\" colspan=\"2\"><strong><span style=\"color: #ffffff;\">Dr.\u00a0 S. Troost<\/span><\/strong><\/td>\n<\/tr>\n<\/tbody>\n<\/table>\n<h2>Fedmeoperation fr. 04\/2018*<\/h2>\n<p>Pakkepriser inkluderer: blodpr\u00f8ver, generel an\u00e6stesi, operation og ophold p\u00e5 klinikken i Tallinn.<\/p>\n<table border=\"1\" width=\"100%\" cellspacing=\"0\" cellpadding=\"0\">\n<thead>\n<tr>\n<td>Operation<\/td>\n<td>Pakkepris i alt \u00a0 (EURO)<\/td>\n<\/tr>\n<\/thead>\n<tbody>\n<tr>\n<td>Fedmeoperation (gastrisk b\u00e5nd)<\/td>\n<td>4 650<\/td>\n<\/tr>\n<tr>\n<td>Fedmeoperation (gastrisk sleeve)<\/td>\n<td>5 644<\/td>\n<\/tr>\n<tr>\n<td>Fedmeoperation (gastrisk bypass)<\/td>\n<td>5 744<\/td>\n<\/tr>\n<tr>\n<td>Fedmeoperation (gastrisk plication)<\/td>\n<td>4 600<\/td>\n<\/tr>\n<tr>\n<td>Inds\u00e6ttelse af intragastrisk ballon (BIB<\/td>\n<td>2 490<\/td>\n<\/tr>\n<tr style=\"background-color: #b0afaf;\">\n<td style=\"text-align: right;\" colspan=\"2\"><strong><span style=\"color: #ffffff;\">Dr.\u00a0S. Troost<\/span><\/strong><\/td>\n<\/tr>\n<\/tbody>\n<\/table>\n<div>\n<h2>Plastikkirurgi*<\/h2>\n<p>Pakkepriser inkluderer: blodpr\u00f8ver, generel an\u00e6stesi, operation og ophold p\u00e5 klinikken i Tallinn.<\/p>\n<p>Bem\u00e6rk! 0 % moms p\u00e5 plastikkirurgi i Estland!<\/p>\n<table border=\"1\" width=\"100%\">\n<thead>\n<tr>\n<td>Operation<\/td>\n<td>Pakkepris (EURO)<\/td>\n<\/tr>\n<\/thead>\n<tbody>\n<tr>\n<td>Brystforst\u00f8rrelse (inkluderer Nagor- eller Natrelle-implantater)<\/td>\n<td>3950<\/td>\n<\/tr>\n<tr>\n<td>Fedtsugning (\u00e9t omr\u00e5de) ved vandstr\u00e5lemetoden<\/td>\n<td>890<\/td>\n<\/tr>\n<tr>\n<td>Fedtsugning (to omr\u00e5der) ved vandstr\u00e5lemetoden<\/td>\n<td>1550<\/td>\n<\/tr>\n<tr>\n<td>Fedtsugning (fire omr\u00e5der) ved vandstr\u00e5lemetoden<\/td>\n<td>2144<\/td>\n<\/tr>\n<tr>\n<td>Fedtsugning (seks omr\u00e5der) ved vandstr\u00e5lemetoden<\/td>\n<td>2548<\/td>\n<\/tr>\n<tr>\n<td>Fedtsugning (otte omr\u00e5der) ved vandstr\u00e5lemetoden<\/td>\n<td>3044<\/td>\n<\/tr>\n<tr>\n<td>Fedtsugning (otte omr\u00e5der) ved vandstr\u00e5lemetoden<\/td>\n<td>3548<\/td>\n<\/tr>\n<tr>\n<td>Maveplastik\u00a0(abdominoplasty)<\/td>\n<td>\n<p class=\"p1\">3290<\/p>\n<\/td>\n<\/tr>\n<tr>\n<td>\u00d8jenl\u00e5gskirurgi (begge\u00a0\u00f8vre \u00f8jenl\u00e5g)<\/td>\n<td>1260<\/td>\n<\/tr>\n<tr>\n<td>\u00d8jenl\u00e5gskirurgi (begge\u00a0nedre \u00f8jenl\u00e5g)<\/td>\n<td>1290<\/td>\n<\/tr>\n<tr>\n<td>\u00d8jenl\u00e5gskirurgi (b\u00e5de \u00f8vre og nedre \u00f8jenl\u00e5g)<\/td>\n<td>1790<\/td>\n<\/tr>\n<tr>\n<td>Brystl\u00f8ft<\/td>\n<td>3644<\/td>\n<\/tr>\n<tr>\n<td>Brystreducering<\/td>\n<td>3790<\/td>\n<\/tr>\n<tr>\n<td>Gyn\u00e6komasti<\/td>\n<td>1960<\/td>\n<\/tr>\n<tr>\n<td>Reparation af indre skaml\u00e6ber<\/td>\n<td>1890<\/td>\n<\/tr>\n<tr>\n<td>L\u00f8ft af l\u00e5r<\/td>\n<td>2590<\/td>\n<\/tr>\n<tr>\n<td>L\u00f8ft af overarm<\/td>\n<td>2144<\/td>\n<\/tr>\n<tr style=\"background-color: #b0afaf;\">\n<td style=\"text-align: right;\" colspan=\"2\"><span style=\"color: #ffffff;\"><strong>dr. P. Kirjanen<\/strong><\/span><\/td>\n<\/tr>\n<\/tbody>\n<\/table>\n<h2>Gynaekologi og urologi<\/h2>\n<p>Pakkepriser inkluderer: specialistkonsultation, ultralyd, blodpr\u00f8ver, indkvartering, generel an\u00e6stesi samt operation i Tallinn.<\/p>\n<table border=\"1\" width=\"100%\" cellspacing=\"0\" cellpadding=\"0\">\n<thead>\n<tr>\n<td>Operation<\/td>\n<td>Pakkepris i alt (EURO)<\/td>\n<\/tr>\n<\/thead>\n<tbody>\n<tr>\n<td>Fjernelse af <b>hysterektomi<\/b> eller <b>fibroider<\/b> ved laparoskopi<\/td>\n<td>1690<\/td>\n<\/tr>\n<tr>\n<td>Prolapskirurgi<\/td>\n<td>1690<\/td>\n<\/tr>\n<tr>\n<td>Laparoskopisk fjernelse af cyste<\/td>\n<td>1290<\/td>\n<\/tr>\n<tr>\n<td>Sterilisation (laparoskopisk kirurgi)<\/td>\n<td>890<\/td>\n<\/tr>\n<tr>\n<td>Inkontinenskirurgi (TVT)<\/td>\n<td>990<\/td>\n<\/tr>\n<tr>\n<td>Forhudsfjernelse<\/td>\n<td>809<\/td>\n<\/tr>\n<tr style=\"background-color: #b0afaf;\">\n<td style=\"text-align: right;\" colspan=\"3\"><span style=\"color: #ffffff;\"><strong>dr. A. Doba<\/strong><\/span><\/td>\n<\/tr>\n<\/tbody>\n<\/table>\n<div>\n<h2>Ortop\u00e6di og h\u00e5ndkirurgi<\/h2>\n<p>Pakkepris inkluderer: l\u00e6gekonsultation og blodpr\u00f8ver i Tallinn. Operation i Tallinn.<\/p>\n<table border=\"1\" width=\"100%\" cellspacing=\"0\" cellpadding=\"0\">\n<thead>\n<tr>\n<td>Operation<\/td>\n<td>Pakkepris i alt (EURO)<\/td>\n<\/tr>\n<\/thead>\n<tbody>\n<tr>\n<td><b><b><strong>K<\/strong><\/b><\/b><b>Kn\u00e6artroskopi\u00a0<\/b><\/p>\n<p><b><br \/>\n<\/b><\/td>\n<td>980<\/td>\n<\/tr>\n<tr>\n<td>Artroskopisk menisk reparation<\/td>\n<td>1200<\/td>\n<\/tr>\n<tr>\n<td>Knystoperation<\/td>\n<td>1190<\/td>\n<\/tr>\n<tr>\n<td>Artroskopisk skulderled-operation<\/td>\n<td>1300-1995<\/td>\n<\/tr>\n<tr>\n<td>Udskiftning af hofteled<\/td>\n<td>6195<\/td>\n<\/tr>\n<tr>\n<td>Udskiftning af kn\u00e6led<\/td>\n<td>6990<\/td>\n<\/tr>\n<tr style=\"background-color: #b0afaf;\">\n<td style=\"text-align: right;\" colspan=\"2\"><span style=\"color: #ffffff;\"><strong>dr. D. Kulak<\/strong><\/span><\/td>\n<\/tr>\n<\/tbody>\n<\/table>\n<h2>\u00d8jenkirurgi<\/h2>\n<table border=\"1\" width=\"100%\" cellspacing=\"0\" cellpadding=\"0\">\n<thead>\n<tr>\n<td>Operation<\/td>\n<td>Pakkepris i alt (EURO)<\/td>\n<\/tr>\n<\/thead>\n<tbody>\n<tr>\n<td><b>Kataraktoperation (traditionel teknik)<\/b><\/td>\n<td>630\/\u00f8je.<\/td>\n<\/tr>\n<tr>\n<td>Laserkirurgi (LASIK)<\/td>\n<td>820\/\u00f8je.<\/td>\n<\/tr>\n<tr>\n<td>Laserkirurgi (Femto LASIK)<\/td>\n<td>1200\/\u00f8je.<\/td>\n<\/tr>\n<tr style=\"background-color: #b0afaf;\">\n<td style=\"text-align: right;\" colspan=\"2\"><span style=\"color: #ffffff;\"><strong>\u00a0dr. K. Noor<\/strong><\/span><\/td>\n<\/tr>\n<\/tbody>\n<\/table>\n<div><\/div>\n<h2>Billedpr\u00f8ver<\/h2>\n<p><b>Ekstrabetaling for MR- (1,5 Tesla) er \u20ac 99 pr. omr\u00e5de.<\/b><\/p>\n<p>Billeder tages om l\u00f8rdagen klinikken i Tallinn (pris er \u20ac 200 pr. omr\u00e5de).<\/p>\n<p>KELA-refusion \u20ac 145 pr. omr\u00e5de. (<a href=\"http:\/\/www.medimatkat.fi\/SV128_W.pdf\">formular\u00a0SV128<\/a>).<\/p>\n<p>Gebyret for onlinekonsulation vedr\u00f8rende billedpr\u00f8ver er \u20ac 44 pr. omr\u00e5de.<\/p>\n<p>Prisen inkluderer cd med billeder og en radiolograpport p\u00e5 engelsk.<\/p>\n<p><b>Andre billedpr\u00f8ver<\/b><\/p>\n<p>Abdominal ultralydsscanning \u2013 \u20ac 35.<\/p>\n<p>Ultralydsscanning i skjoldbruskkirtlen \u2013 \u20ac 30.<\/p>\n<p>Mammografi (\u00e9t bryst) \u2013 \u20ac 23.<\/p>\n<p><b>Blodpr\u00f8ver (klinikken i Tallinn)<\/b><\/p>\n<p>CRP (bet\u00e6ndelsesmarkering)\u2013\u00a0\u20ac 3,90.<\/p>\n<p>Grundl\u00e6ggende blodpr\u00f8ver (PVK, CRP, K, Na, Krea) \u2013\u00a0\u20ac 29.<\/p>\n<p>Bredt spektrum af blodpr\u00f8ver (grundl\u00e6ggende pr\u00f8ver, lipid- og levermarkeringer) \u2013 \u20ac 49.<\/p>\n<p>Onkologiske blodpr\u00f8ver (CA19-9, CEA, CA125, AFP) \u2013 \u20ac 49.<\/p>\n<p>*Tjenesteydelseskontrakten (varighed 12 m\u00e5neder) omfatter: operation og gratis specialistkonsultationer via e-mail.<\/p>\n<p><b>Klinik i Helsingfors<\/b><\/p>\n<p>Kontoromkostninger \u20ac 14<\/p>\n<p>Aftale med l\u00e6ge \u20ac 44\u00a0\u00a0\u00a0\u00a0 \u20ac 27,50\/20 minutter (med KELA-refusion)<\/p>\n<p>Plejeaftale for patienter, der skal opereres<br \/>\n\u20ac 150 (omfatter modtagelsesgebyr og kontoromkostninger).<\/p>\n<p>Onlinekonsultation for patienter fra udlandet, der skal opereres i Estland \u20ac 114 (skriftlig information om risici og behandlingen f\u00f8r operationen)<\/p>\n<\/div>\n<\/div>\n","protected":false},"excerpt":{"rendered":"<p>Priser Opdateret d. 1\/9-2019 Generel og gastrisk kirurgi Pakkepriser inkluderer: 1) Specialistkonsultation p\u00e5 klinikken i Tallinn. 2) Blodpr\u00f8ver, an\u00e6stesi og operation p\u00e5 klinikken i Tallinn. &nbsp; Operation Pakkepris\u00a0(EURO) \u00a0\u00c5reknudekirurgi\u00a0(1 ben) 957 \u00c5reknudebehandling (skuminjektion) 387 Navlebrokoperation 1090 Laparoskopisk navlebrokoperation 1490 Lyskebrokoperation 1297 Laparoskopisk lyskebrokoperation 1980 \u00a0Galdebl\u00e6rekirurgi (ved laparoskopi) 1980 H\u00e6morroideoperation 1390 dr. K. Fleidervis Fedmeoperation i&hellip; <a class=\"read-more\" href=\"https:\/\/mediresor.se\/da\/priser\/\">Read More<\/a><\/p>\n","protected":false},"author":1,"featured_media":0,"parent":0,"menu_order":0,"comment_status":"open","ping_status":"open","template":"page-rightsidebar.php","meta":{"footnotes":""},"class_list":["post-872","page","type-page","status-publish","hentry"],"_links":{"self":[{"href":"https:\/\/mediresor.se\/da\/wp-json\/wp\/v2\/pages\/872","targetHints":{"allow":["GET"]}}],"collection":[{"href":"https:\/\/mediresor.se\/da\/wp-json\/wp\/v2\/pages"}],"about":[{"href":"https:\/\/mediresor.se\/da\/wp-json\/wp\/v2\/types\/page"}],"author":[{"embeddable":true,"href":"https:\/\/mediresor.se\/da\/wp-json\/wp\/v2\/users\/1"}],"replies":[{"embeddable":true,"href":"https:\/\/mediresor.se\/da\/wp-json\/wp\/v2\/comments?post=872"}],"version-history":[{"count":5,"href":"https:\/\/mediresor.se\/da\/wp-json\/wp\/v2\/pages\/872\/revisions"}],"predecessor-version":[{"id":1811,"href":"https:\/\/mediresor.se\/da\/wp-json\/wp\/v2\/pages\/872\/revisions\/1811"}],"wp:attachment":[{"href":"https:\/\/mediresor.se\/da\/wp-json\/wp\/v2\/media?parent=872"}],"curies":[{"name":"wp","href":"https:\/\/api.w.org\/{rel}","templated":true}]}}