{"id":889,"date":"2016-09-19T09:45:23","date_gmt":"2016-09-19T08:45:23","guid":{"rendered":"http:\/\/www.mediresor.se\/?page_id=889"},"modified":"2018-11-29T07:58:28","modified_gmt":"2018-11-29T07:58:28","slug":"gastric-sleeve2","status":"publish","type":"page","link":"https:\/\/mediresor.se\/da\/gastric-sleeve2\/","title":{"rendered":"Gastric sleeve eller gastric bypass? &#8211; Tallinn, Estland"},"content":{"rendered":"<header class=\"content-header\">\n<div class=\"container\">\n<h3 class=\"LC20lb\">Fedmeoperation: gastric sleeve eller gastric bypass?<\/h3>\n<\/div>\n<\/header>\n<table style=\"height: 321px;\" width=\"741\">\n<tbody>\n<tr>\n<td><\/td>\n<td>L\u00e6ge: dr. R. Adamson.<\/p>\n<p>&nbsp;<\/p>\n\n\t\t\t<!-- START Gastric bypass or sleeve REVOLUTION SLIDER 6.2.15 --><p class=\"rs-p-wp-fix\"><\/p>\n\t\t\t<rs-module-wrap id=\"rev_slider_2_1_wrapper\" data-source=\"gallery\" style=\"background:transparent;padding:0;margin:0px auto;margin-top:0;margin-bottom:0;max-width:;\">\n\t\t\t\t<rs-module id=\"rev_slider_2_1\" style=\"\" data-version=\"6.2.15\">\n\t\t\t\t\t<rs-slides>\n\t\t\t\t\t\t<rs-slide data-key=\"rs-9\" data-title=\"Slide\" data-anim=\"ei:d;eo:d;s:d;r:0;t:fade;sl:d;\">\n\t\t\t\t\t\t\t<img decoding=\"async\" src=\"\/\/www.mediresor.se\/wp-content\/uploads\/2018\/11\/gastric_bypass_fo\u0308re_eefter.png\" title=\"Gastric sleeve eller gastric bypass? &#8211; Tallinn, Estland\" data-parallax=\"off\" class=\"rev-slidebg\" data-no-retina>\n<!---->\t\t\t\t\t\t<\/rs-slide>\n\t\t\t\t\t\t<rs-slide data-key=\"rs-10\" data-title=\"Slide\" data-anim=\"ei:d;eo:d;s:d;r:0;t:fade;sl:d;\">\n\t\t\t\t\t\t\t<img decoding=\"async\" src=\"\/\/www.mediresor.se\/wp-content\/uploads\/2018\/11\/gastric_plication_fo\u0308re_efter.png\" title=\"Gastric sleeve eller gastric bypass? &#8211; Tallinn, Estland\" data-parallax=\"off\" class=\"rev-slidebg\" data-no-retina>\n<!---->\t\t\t\t\t\t<\/rs-slide>\n\t\t\t\t\t\t<rs-slide data-key=\"rs-11\" data-title=\"Slide\" data-anim=\"ei:d;eo:d;s:d;r:0;t:fade;sl:d;\">\n\t\t\t\t\t\t\t<img decoding=\"async\" src=\"\/\/www.mediresor.se\/wp-content\/uploads\/2018\/11\/gastric_sleeve_fo\u0308re_e_efter.png\" title=\"Gastric sleeve eller gastric bypass? &#8211; Tallinn, Estland\" data-parallax=\"off\" class=\"rev-slidebg\" data-no-retina>\n<!---->\t\t\t\t\t\t<\/rs-slide>\n\t\t\t\t\t\t<rs-slide data-key=\"rs-17\" data-title=\"Slide\" data-anim=\"ei:d;eo:d;s:d;r:0;t:fade;sl:d;\">\n\t\t\t\t\t\t\t<img decoding=\"async\" src=\"\/\/www.mediresor.se\/wp-content\/uploads\/2018\/11\/Screen-Shot-2018-11-12-at-17.31.23.png\" title=\"Gastric sleeve eller gastric bypass? &#8211; Tallinn, Estland\" data-parallax=\"off\" class=\"rev-slidebg\" data-no-retina>\n<!---->\t\t\t\t\t\t<\/rs-slide>\n\t\t\t\t\t<\/rs-slides>\n\t\t\t\t<\/rs-module>\n\t\t\t\t<script type=\"text\/javascript\">\n\t\t\t\t\tsetREVStartSize({c: 'rev_slider_2_1',rl:[1240,1024,778,480],el:[],gw:[1240],gh:[868],type:'standard',justify:'',layout:'fullwidth',mh:\"0\"});\n\t\t\t\t\tvar\trevapi2,\n\t\t\t\t\t\ttpj;\n\t\t\t\t\tjQuery(function() {\n\t\t\t\t\t\ttpj = jQuery;\n\t\t\t\t\t\trevapi2 = tpj(\"#rev_slider_2_1\")\n\t\t\t\t\t\tif(revapi2==undefined || revapi2.revolution == undefined){\n\t\t\t\t\t\t\trevslider_showDoubleJqueryError(\"rev_slider_2_1\");\n\t\t\t\t\t\t}else{\n\t\t\t\t\t\t\trevapi2.revolution({\n\t\t\t\t\t\t\t\tduration:2000,\n\t\t\t\t\t\t\t\tvisibilityLevels:\"1240,1024,778,480\",\n\t\t\t\t\t\t\t\tgridwidth:1240,\n\t\t\t\t\t\t\t\tgridheight:868,\n\t\t\t\t\t\t\t\tspinner:\"spinner2\",\n\t\t\t\t\t\t\t\tperspectiveType:\"local\",\n\t\t\t\t\t\t\t\tresponsiveLevels:\"1240,1024,778,480\",\n\t\t\t\t\t\t\t\tprogressBar:{disableProgressBar:true},\n\t\t\t\t\t\t\t\tnavigation: {\n\t\t\t\t\t\t\t\t\tonHoverStop:false\n\t\t\t\t\t\t\t\t},\n\t\t\t\t\t\t\t\tparallax: {\n\t\t\t\t\t\t\t\t\tlevels:[5,10,15,20,25,30,35,40,45,50,47,48,49,50,51,30],\n\t\t\t\t\t\t\t\t\ttype:\"mouse\",\n\t\t\t\t\t\t\t\t\tspeed:200\n\t\t\t\t\t\t\t\t},\n\t\t\t\t\t\t\t\tfallbacks: {\n\t\t\t\t\t\t\t\t\tallowHTML5AutoPlayOnAndroid:true\n\t\t\t\t\t\t\t\t},\n\t\t\t\t\t\t\t});\n\t\t\t\t\t\t}\n\t\t\t\t\t\t\n\t\t\t\t\t});\n\t\t\t\t<\/script>\n\t\t\t\t<script>\n\t\t\t\t\tvar htmlDivCss = ' #rev_slider_2_1_wrapper rs-loader.spinner2{ background-color: #FFFFFF !important; } '\n\t\t\t\t\tvar htmlDiv = document.getElementById('rs-plugin-settings-inline-css');\n\t\t\t\t\tif(htmlDiv) {\n\t\t\t\t\t\thtmlDiv.innerHTML = htmlDiv.innerHTML + htmlDivCss;\n\t\t\t\t\t}else{\n\t\t\t\t\t\tvar htmlDiv = document.createElement('div');\n\t\t\t\t\t\thtmlDiv.innerHTML = '<style>' + htmlDivCss + '<\/style>';\n\t\t\t\t\t\tdocument.getElementsByTagName('head')[0].appendChild(htmlDiv.childNodes[0]);\n\t\t\t\t\t}\n\t\t\t\t<\/script>\n\t\t\t<\/rs-module-wrap>\n\t\t\t<!-- END REVOLUTION SLIDER -->\n\n<p>**<\/td>\n<\/tr>\n<\/tbody>\n<\/table>\n<div class=\"page\" title=\"Page 1\"><\/div>\n<header class=\"content-header\">\n<p class=\"p1\"><span class=\"s1\">FEDMEOPERATION<\/span><\/p>\n<p class=\"p1\"><span class=\"s1\">En fedmeooperation er dig en god hj\u00e6lp til v\u00e6gttab. Du vil finde, at ogs\u00e5 dit hum\u00f8r bliver bedre i takt med v\u00e6gttabet. Men det er ikke det eneste, som bliver bedre. Igennem det virkningsfulde v\u00e6gttab har en fedmeoperation ogs\u00e5 plusser i l\u00e6ngere perspektiv: blodtryksfald, lavere kolesterolniveau, mildning af leddegigt osv.<\/span><\/p>\n<p class=\"p1\"><span class=\"s1\">HVORDAN FINDER HELE PROCESSEN STED?<\/span><\/p>\n<p class=\"p1\"><span class=\"s1\">Din operation udf\u00f8res af dr. Rein Adamson, som har over 30 \u00e5rs erfaring som kirurg. Han arbejder p\u00e5 et stort centralsygehus i Tallinn, har ladet sig videreuddanne ved et meget stort antal kurser verden over og koncentrerer sig om at opn\u00e5 de bedste resultater ved v\u00e6gttabsoperationer. Han udf\u00f8rer omkring 300 operationer \u00e5rligt, er meget patientcentreret og hj\u00e6lper altid patienten med at v\u00e6lge den rigtige fremgangsm\u00e5de, ligesom han ogs\u00e5 efter operationen yder stor hj\u00e6lp.<\/span><\/p>\n<p class=\"p1\"><span class=\"s1\">Vi tilbyder fire forskellige fedmeoperationer: gastrisk plikation, gastrisk bypass-operation, gastrisk banding og langsg\u00e5ende resektion af maven.<\/span><\/p>\n<p class=\"p1\"><span class=\"s1\">Ved en gastrisk plikation formindskes mavens omfang med en s\u00e6rlig syningsteknik. S\u00e5danne operationer udf\u00f8res kun p\u00e5 patienter med et kropsv\u00e6gtindeks (BMI) p\u00e5 30 eller herover.<\/span><\/p>\n<p class=\"p1\"><span class=\"s1\">F\u00f8lgen af en gastrisk bypass-operation er, at maden bev\u00e6ger sig forbi din mave, og det medf\u00f8rer et kraftigt v\u00e6gttab. En s\u00e5dan operation skal dog overvejes meget alvorligt, for den vil for\u00e5rsage v\u00e6sentlige \u00e6ndringer i din livsstil, og disse \u00e6ndringer skal overholdes.<\/span><\/p>\n<p class=\"p1\"><span class=\"s1\">Ved gastrisk banding formindskes m\u00e6ngden af indtaget mad ved, at der anbringes en s\u00e6rlig gummibandage omkring den \u00f8verste del af maven. Som det ogs\u00e5 er tilf\u00e6ldet for gastrisk plikation, udf\u00f8res denne operation kun p\u00e5 patienter med et kropsv\u00e6gtindeks (BMI) p\u00e5 30 eller herover.<\/span><\/p>\n<p class=\"p1\"><span class=\"s1\">Ved langsg\u00e5ende resektion af maven fjernes st\u00f8rstedelen af mavens krumning, hvilket mindsker maven rumfang med indtil 60%. Dette vil p\u00e5 sin side formindske v\u00e6gten allerede fra dag \u00e9t og indtil to \u00e5r senere. Til denne operation anvender vi verdens sikreste og nyeste h\u00e6ftemaskine, Covidian Tri-Staple(TM). Denne type operation udf\u00f8res kun p\u00e5 patienter med et kropsv\u00e6gtindeks (BMI) p\u00e5 33 eller herover.<\/span><\/p>\n<p class=\"p1\"><span class=\"s1\">Hvad der er bedst netop til dig, finder vi ud af i l\u00f8bet af konsultationerne.<\/span><\/p>\n<p class=\"p1\"><span class=\"s1\">I l\u00f8bet af konsultationerne op til operationen klarl\u00e6gger vi dine forventninger og finder den operation, som er bedst egnet til dig. <\/span><\/p>\n<p class=\"p1\"><span class=\"s1\">Behandlingsprocessen i klinikken er tilrettelagt s\u00e5ledes, at den tager mindst muligt af din tid. Allerede den f\u00f8rste dag udf\u00f8rer vi alle de n\u00f8dvendige grundige unders\u00f8gelser \u2013 et meget bredt spektrum af blodanalyser, vi fastl\u00e6gger blodtypen, udf\u00f8rer elektrokardiogrammer og ved behov ogs\u00e5 en ultralydsscanning. Derefter m\u00f8des du med din kirurg, som udf\u00f8rer en maveunders\u00f8gelse p\u00e5 dig under bed\u00f8velse (gastroskopi). Hvis maveunders\u00f8gelsen viser, at alt er i orden, udf\u00f8res en laparoskopisk maveformindskelse under den samme bed\u00f8velse (via sm\u00e5 s\u00e5r i huden).<\/span><\/p>\n<p class=\"p1\"><span class=\"s1\">Afh\u00e6ngigt af type og omfang kan operationen tage indtil halvanden time, og den finder sted under fuld narkose. <\/span><\/p>\n<p class=\"p1\"><span class=\"s1\">Efter operationen tilbringer du to n\u00e6tter p\u00e5 vor klinik. Du kan s\u00e5ledes p\u00e5begynde din hjemrejse allerede om morgenen den n\u00e6stf\u00f8lgende dag.<\/span><\/p>\n<p class=\"p1\"><span class=\"s1\">Eftersom det fra patient til patient og for de forskellige typer operation er forskelligt, hvordan man kommer sig efter operationen, kan rekonvalescensen tage to-tre uger.<\/span><\/p>\n<p class=\"p1\"><span class=\"s1\">For fedmeoperationer g\u00e6lder det under alle omst\u00e6ndigheder, at du skal overholde foreskreven di\u00e6t og tr\u00e6ningsprogram n\u00f8je. Uden dette er operationen ikke til megen gavn.<\/span><\/p>\n<p class=\"p1\"><span class=\"s1\">HVOR UDF\u00d8RES OPERATIONEN?<\/span><\/p>\n<p class=\"p1\"><span class=\"s1\">Hele processen finder sted i Tallinn p\u00e5 en moderne klinik, der ligger blot godt en times flyvning fra dig. Du er velkommen til at nyde servicen p\u00e5 et femstjernet hotel med nordisk kvalitet, alt dette til en favorabel pris. <\/span><\/p>\n<p class=\"p1\"><span class=\"s1\">P\u00e5 klinikken opererer vi \u00e5rligt over 300 patienter fra Skandinavien, hertil kommer de lokale patienter. Vi har omfattende erfaring med at organisere behandling og rejse for udenlandske patienter, hvor m\u00e5let er at opn\u00e5 det bedst mulige \u00e6stetiske resultat og naturligvis garantere patientens sikkerhed.<\/span><\/p>\n<p class=\"p1\"><span class=\"s1\">Du vil finde klinikkens personale meget venligt og st\u00f8ttende \u2013 professionaliteten er en selvf\u00f8lge.<\/span><\/p>\n<p class=\"p1\"><span class=\"s1\">S\u00e6t dig endelig i forbindelse med os, hvis du vil have et tilbud eller har sp\u00f8rgsm\u00e5l i forbindelse med en s\u00e5dan operation. Du er velkommen til at ringe til +46 7 36 36 36 90 eller at skrive til adressen <a href=\"mailto:info@mediresor.se\"><span class=\"s2\">info@mediresor.se<\/span><\/a><\/span><\/p>\n<p>&nbsp;<\/p>\n<p><a class=\"loerohkem\" href=\"http:\/\/www.mediresor.se\/da\/gastric-sleeve-les-mere\/\">L\u00c6S MERE (Gastric sleeve)\u00a0<\/a><\/p>\n<p><a class=\"loerohkem\" href=\"http:\/\/www.mediresor.se\/da\/gastric-bypass-2\/\">L\u00c6S MERE (Gastric bypass)\u00a0<\/a><\/p>\n<\/header>\n<article id=\"post-389\" class=\"post-389 page type-page status-publish hentry\">\n<div class=\"entry-content\">\n<article id=\"post-372\" class=\"post-372 page type-page status-publish hentry\">\n<div class=\"entry-content\">\n<article id=\"post-318\" class=\"post-318 page type-page status-publish hentry\">\n<div class=\"entry-content\">\n<p>(c)\u00a0Mediresor<\/p>\n<p>*\u00a0<span class=\"s1\">The examples given in the text are general and may vary in individual patients. For the most accurate information, please contact with doctor.<\/span><\/p>\n<\/div>\n<\/article>\n<\/div>\n<\/article>\n<\/div>\n<\/article>\n","protected":false},"excerpt":{"rendered":"<p>Fedmeoperation: gastric sleeve eller gastric bypass? L\u00e6ge: dr. R. Adamson. &nbsp; ** FEDMEOPERATION En fedmeooperation er dig en god hj\u00e6lp til v\u00e6gttab. Du vil finde, at ogs\u00e5 dit hum\u00f8r bliver bedre i takt med v\u00e6gttabet. Men det er ikke det eneste, som bliver bedre. Igennem det virkningsfulde v\u00e6gttab har en fedmeoperation ogs\u00e5 plusser i l\u00e6ngere&hellip; <a class=\"read-more\" href=\"https:\/\/mediresor.se\/da\/gastric-sleeve2\/\">Read More<\/a><\/p>\n","protected":false},"author":1,"featured_media":0,"parent":0,"menu_order":0,"comment_status":"open","ping_status":"open","template":"page-rightsidebar2.php","meta":{"footnotes":""},"class_list":["post-889","page","type-page","status-publish","hentry"],"_links":{"self":[{"href":"https:\/\/mediresor.se\/da\/wp-json\/wp\/v2\/pages\/889","targetHints":{"allow":["GET"]}}],"collection":[{"href":"https:\/\/mediresor.se\/da\/wp-json\/wp\/v2\/pages"}],"about":[{"href":"https:\/\/mediresor.se\/da\/wp-json\/wp\/v2\/types\/page"}],"author":[{"embeddable":true,"href":"https:\/\/mediresor.se\/da\/wp-json\/wp\/v2\/users\/1"}],"replies":[{"embeddable":true,"href":"https:\/\/mediresor.se\/da\/wp-json\/wp\/v2\/comments?post=889"}],"version-history":[{"count":5,"href":"https:\/\/mediresor.se\/da\/wp-json\/wp\/v2\/pages\/889\/revisions"}],"predecessor-version":[{"id":1539,"href":"https:\/\/mediresor.se\/da\/wp-json\/wp\/v2\/pages\/889\/revisions\/1539"}],"wp:attachment":[{"href":"https:\/\/mediresor.se\/da\/wp-json\/wp\/v2\/media?parent=889"}],"curies":[{"name":"wp","href":"https:\/\/api.w.org\/{rel}","templated":true}]}}