{"id":424,"date":"2015-04-24T21:03:50","date_gmt":"2015-04-24T20:03:50","guid":{"rendered":"http:\/\/www.mediresor.se\/hinnat-2\/"},"modified":"2023-11-07T12:55:02","modified_gmt":"2023-11-07T12:55:02","slug":"prices","status":"publish","type":"page","link":"https:\/\/mediresor.se\/en\/prices\/","title":{"rendered":"Prices"},"content":{"rendered":"<p>&nbsp;<\/p>\n<p>The price-list is available only in Swedish, sorry for the inconvenience.<\/p>\n<p>&nbsp;<\/p>\n<p>Uppdaterad 1.1.2018<\/p>\n<h2>Allm\u00e4n- och bukkirurgi<\/h2>\n<p>I paketpriserna ing\u00e5r:<\/p>\n<p>1) Utv\u00e4rdering av specialistl\u00e4kare p\u00e5 Tallinkontoret.<\/p>\n<p>2) Blodprover, anestesi och operation p\u00e5 Tallinkontoret.<\/p>\n<table border=\"1\" width=\"100%\" cellspacing=\"0\" cellpadding=\"0\">\n<thead>\n<tr>\n<td valign=\"middle\">Operation<\/td>\n<td>Paketpris (EURO)<\/td>\n<\/tr>\n<\/thead>\n<tbody>\n<tr>\n<td><strong>\u00c5derbrockskirurgi <\/strong>\u00a0(1 ben)<\/td>\n<td>897<\/td>\n<\/tr>\n<tr>\n<td><strong>Behandling av \u00e5derbrock<\/strong><br \/>\n<strong>(skuminjektion)<\/strong><\/td>\n<td>357<\/td>\n<\/tr>\n<tr>\n<td><strong>Navelbr\u00e5cksoperation<\/strong><\/td>\n<td>1090<\/td>\n<\/tr>\n<tr>\n<td><strong>Titth\u00e5lsoperation av navelbr\u00e5ck<\/strong><\/td>\n<td>1490<\/td>\n<\/tr>\n<tr>\n<td><strong>Ljumskbr\u00e5cksoperation<\/strong><\/td>\n<td>1297<\/td>\n<\/tr>\n<tr>\n<td><strong>Titth\u00e5lsoperation av ljumskbr\u00e5ck<\/strong><\/td>\n<td>1980<\/td>\n<\/tr>\n<tr>\n<td><strong>Kolecystektomi\u00a0<\/strong>(med endoskop)<\/td>\n<td>1980<\/td>\n<\/tr>\n<tr>\n<td><strong>Hemorrojdoperation<\/strong><\/td>\n<td>1390<\/td>\n<\/tr>\n<tr style=\"background-color: #b0afaf; color: #fff;\">\n<td style=\"text-align: right;\" colspan=\"2\"><span style=\"color: #ffffff;\"><strong>dr. K. Fleidervis<\/strong><\/span><\/td>\n<\/tr>\n<\/tbody>\n<\/table>\n<h2>Plastikkirurgi och \u00f6verviktsoperation i 2017*<\/h2>\n<p>I paketpriserna ing\u00e5r: blodprover, narkos, operation och \u00f6vernattning p\u00e5 Tallinkontoret.<\/p>\n<table border=\"1\" width=\"100%\" cellspacing=\"0\" cellpadding=\"0\">\n<thead>\n<tr>\n<td>Operation<\/td>\n<td>Totalt\u00a0paketpris (EURO)<\/td>\n<\/tr>\n<\/thead>\n<tbody>\n<tr>\n<td>\u00d6verviktsoperation (gastric band)<\/td>\n<td>4 450<\/td>\n<\/tr>\n<tr>\n<td>\u00d6verviktsoperation (gastric sleeve)<\/td>\n<td>5 444<\/td>\n<\/tr>\n<tr>\n<td>\u00d6verviktsoperation (gastrisk\u00a0bypass)<\/td>\n<td>5 694<\/td>\n<\/tr>\n<tr>\n<td>\u00d6verviktsoperation(gastric plication)<\/td>\n<td>4 500<\/td>\n<\/tr>\n<tr>\n<td>Ins\u00e4ttning av gastrisk ballong (BIB)<\/td>\n<td>2 300<\/td>\n<\/tr>\n<tr style=\"background-color: #b0afaf;\">\n<td style=\"text-align: right;\" colspan=\"2\"><strong><span style=\"color: #ffffff;\">Dr. R. Adamson<\/span><\/strong><\/td>\n<\/tr>\n<\/tbody>\n<\/table>\n<h2><\/h2>\n<div><\/div>\n<h2><\/h2>\n<h2>Plastikkirurgi och \u00f6verviktsoperation i 2016*<\/h2>\n<p>I paketpriserna ing\u00e5r: blodprover, narkos, operation och \u00f6vernattning p\u00e5 Tallinkontoret.<\/p>\n<table border=\"1\" width=\"100%\" cellspacing=\"0\" cellpadding=\"0\">\n<thead>\n<tr>\n<td>Operation<\/td>\n<td>Totalt\u00a0paketpris (EURO)<\/td>\n<\/tr>\n<\/thead>\n<tbody>\n<tr>\n<td>\u00d6verviktsoperation (gastric band)<\/td>\n<td>3950<\/td>\n<\/tr>\n<tr>\n<td>\u00d6verviktsoperation (gastric sleeve)<\/td>\n<td>4944<\/td>\n<\/tr>\n<tr>\n<td>\u00d6verviktsoperation (gastrisk\u00a0bypass)<\/td>\n<td>5 494<\/td>\n<\/tr>\n<tr>\n<td>\u00d6verviktsoperation(gastric plication)<\/td>\n<td>4 500<\/td>\n<\/tr>\n<tr>\n<td>Ins\u00e4ttning av gastrisk ballong (BIB)<\/td>\n<td>2300<\/td>\n<\/tr>\n<tr style=\"background-color: #b0afaf;\">\n<td style=\"text-align: right;\" colspan=\"2\"><strong><span style=\"color: #ffffff;\">Dr. R. Adamson<\/span><\/strong><\/td>\n<\/tr>\n<\/tbody>\n<\/table>\n<div>\n<h2>Plastikkirurgi*<\/h2>\n<p>I paketpriserna ing\u00e5r: blodprover, narkos, operation och \u00f6vernattning p\u00e5 Tallinkontoret.<\/p>\n<p>OBS! 0 % moms p\u00e5 plastikkirurgi i Estland!<\/p>\n<table border=\"1\" width=\"100%\">\n<thead>\n<tr>\n<td>Operation<\/td>\n<td>Paketpris (EURO)<\/td>\n<\/tr>\n<\/thead>\n<tbody>\n<tr>\n<td>Br\u00f6stf\u00f6rstoring (med inplantat fr\u00e5n Motiva\u00a0eller Polytech)<\/td>\n<td>4290<\/td>\n<\/tr>\n<tr>\n<td>Vattenassisterad fettsugning (ett omr\u00e5de)<\/td>\n<td>860<\/td>\n<\/tr>\n<tr>\n<td>Vattenassisterad fettsugning (2 omr\u00e5de)<\/td>\n<td>1550<\/td>\n<\/tr>\n<tr>\n<td>Vattenassisterad fettsugning (fyra omr\u00e5den)<\/td>\n<td>2090<\/td>\n<\/tr>\n<tr>\n<td>Vattenassisterad fettsugning (sex omr\u00e5den)<\/td>\n<td>2450<\/td>\n<\/tr>\n<tr>\n<td>Vattenassisterad fettsugning (\u00e5tta omr\u00e5den)<\/td>\n<td>2950<\/td>\n<\/tr>\n<tr>\n<td>Bukplastik (abdominoplasty)<\/td>\n<td>\n<p class=\"p1\">3290<\/p>\n<\/td>\n<\/tr>\n<tr>\n<td>\u00d6gonlocksplastik (b\u00e5da\u00a0\u00f6vre \u00f6gonlocken)<\/td>\n<td>1260<\/td>\n<\/tr>\n<tr>\n<td>\u00d6gonlocksoperation (b\u00e5da\u00a0nedre \u00f6gonlocken)<\/td>\n<td>1290<\/td>\n<\/tr>\n<tr>\n<td>\u00d6gonlocksplastik (b\u00e5de \u00f6vre- och nedre \u00f6gonlocken)<\/td>\n<td>1790<\/td>\n<\/tr>\n<tr>\n<td>Br\u00f6stlyft<\/td>\n<td>3590<\/td>\n<\/tr>\n<tr>\n<td>Br\u00f6stf\u00f6rminskning<\/td>\n<td>3500-3990<\/td>\n<\/tr>\n<tr>\n<td>Operation av gynekomasti<\/td>\n<td>1890<\/td>\n<\/tr>\n<tr>\n<td>Operation av inre blygdl\u00e4ppar<\/td>\n<td>1890<\/td>\n<\/tr>\n<tr>\n<td>L\u00e5rplastik<\/td>\n<td>2550<\/td>\n<\/tr>\n<tr>\n<td>\u00d6verarmsplastik<\/td>\n<td>2050<\/td>\n<\/tr>\n<tr style=\"background-color: #b0afaf;\">\n<td style=\"text-align: right;\" colspan=\"2\"><span style=\"color: #ffffff;\"><strong>dr. P. Kirjanen<\/strong><\/span><\/td>\n<\/tr>\n<\/tbody>\n<\/table>\n<h2>Gynekologi och urologi<\/h2>\n<p>I paketpriserna ing\u00e5r: utv\u00e4rdering av specialistl\u00e4kare, ultraljud, blodprover, narkos, operation och \u00f6vernattning p\u00e5 Tallinkontoret.<\/p>\n<table border=\"1\" width=\"100%\" cellspacing=\"0\" cellpadding=\"0\">\n<thead>\n<tr>\n<td>Operation<\/td>\n<td>Totalt<br \/>\npaketpris (EURO)<\/td>\n<\/tr>\n<\/thead>\n<tbody>\n<tr>\n<td><strong>Hysterektomi <\/strong>eller <strong>avl\u00e4gsnande av myom<\/strong> med endoskop \u00a0<b><br \/>\n<\/b><\/td>\n<td>1690<\/td>\n<\/tr>\n<tr>\n<td>Framfallsoperation<\/td>\n<td>1690<\/td>\n<\/tr>\n<tr>\n<td>Avl\u00e4gsnande av cysta (titth\u00e5lsoperation)<\/td>\n<td>1290<\/td>\n<\/tr>\n<tr>\n<td>Vasektomi (titth\u00e5lsoperation)<\/td>\n<td>890<\/td>\n<\/tr>\n<tr>\n<td>Inkontinensoperation (TVT)<\/td>\n<td>990<\/td>\n<\/tr>\n<tr>\n<td>Omsk\u00e4relse<\/td>\n<td>809<\/td>\n<\/tr>\n<tr style=\"background-color: #b0afaf;\">\n<td style=\"text-align: right;\" colspan=\"3\"><span style=\"color: #ffffff;\"><strong>dr. A. Doba<\/strong><\/span><\/td>\n<\/tr>\n<\/tbody>\n<\/table>\n<div>\n<h2>Ortopedi och handkirurgi<\/h2>\n<p>I paketpriset ing\u00e5r: l\u00e4karens utv\u00e4rdering och blodprover i Tallin. Operation i Tallin.<\/p>\n<table border=\"1\" width=\"100%\" cellspacing=\"0\" cellpadding=\"0\">\n<thead>\n<tr>\n<td>Operation<\/td>\n<td>Totalt\u00a0pris (EURO)<\/td>\n<\/tr>\n<\/thead>\n<tbody>\n<tr>\n<td><b><strong>Kn\u00e4artroskopi <\/strong>och\u00a0\u201creng\u00f6ring\u201d<br \/>\n<\/b><\/td>\n<td>980<\/td>\n<\/tr>\n<tr>\n<td>Meniskoperation\u00a0med artroskopi<\/td>\n<td>1200<\/td>\n<\/tr>\n<tr>\n<td>Liktornsoperation<\/td>\n<td>1190<\/td>\n<\/tr>\n<tr>\n<td>Artroskopi av axelled<\/td>\n<td>1300-1995<\/td>\n<\/tr>\n<tr>\n<td>H\u00f6ftledsplastik<\/td>\n<td>4195<\/td>\n<\/tr>\n<tr>\n<td>Kn\u00e4ledsplastik<\/td>\n<td>5150<\/td>\n<\/tr>\n<tr style=\"background-color: #b0afaf;\">\n<td style=\"text-align: right;\" colspan=\"2\"><span style=\"color: #ffffff;\"><strong>dr. D. Kulak<\/strong><\/span><\/td>\n<\/tr>\n<\/tbody>\n<\/table>\n<h2>\u00d6gonsjukdomar<\/h2>\n<table border=\"1\" width=\"100%\" cellspacing=\"0\" cellpadding=\"0\">\n<thead>\n<tr>\n<td>Operation<\/td>\n<td>Totalt\u00a0pris (EURO)<\/td>\n<\/tr>\n<\/thead>\n<tbody>\n<tr>\n<td><b><strong>Gr\u00e5starroperation (traditionell teknik)<\/strong><br \/>\n<\/b><\/td>\n<td>630\/\u00f6ga<\/td>\n<\/tr>\n<tr>\n<td>Laserkirurgi (LASIK)<\/td>\n<td>820\/\u00f6ga.<\/td>\n<\/tr>\n<tr>\n<td>Laserkirurgi (FS-LASIK)<\/td>\n<td>1200\/\u00f6ga.<\/td>\n<\/tr>\n<tr style=\"background-color: #b0afaf;\">\n<td style=\"text-align: right;\" colspan=\"2\"><span style=\"color: #ffffff;\"><strong>\u00a0dr. K. Noor<\/strong><\/span><\/td>\n<\/tr>\n<\/tbody>\n<\/table>\n<div>\n<h1 class=\"western\" lang=\"nb-NO\"><\/h1>\n<h1 class=\"western\" lang=\"nb-NO\">Magnetkameraunders\u00f6kning (\u20ac, euro)<\/h1>\n<p><strong>Bilder med magnetkamera (1,5 Tesla) sj\u00e4lvrisk 99 euro\/omr\u00e5de.<\/strong><\/p>\n<p>Bilder tas l\u00f6rdagar p\u00e5 Tallinkontoret (kostnad \u00e4r 200 \u20ac per omr\u00e5de).<\/p>\n<p>FPA ers\u00e4tter 145 \u20ac per omr\u00e5de. (<a href=\"http:\/\/www.medimatkat.fi\/SV128_W.pdf\">blankett\u00a0<\/a><a href=\"http:\/\/www.medimatkat.fi\/SV128_W.pdf\">SV128<\/a>).<\/p>\n<p>E-konsultation f\u00f6r magnetkameraunders\u00f6kning kostar 44 \u20ac per omr\u00e5de.<\/p>\n<p>I priset ing\u00e5r en CD-skiva med bilder och radiologens utl\u00e5tande p\u00e5 engelska.<\/p>\n<h2>Annan magnetkameraunders\u00f6kning (\u20ac, euro)<\/h2>\n<p>Ultraljud av buken &#8211; 35 \u20ac.<\/p>\n<p>Ultraljud av sk\u00f6ldk\u00f6rteln &#8211; 30 \u20ac.<\/p>\n<p>Mammografi (ett br\u00f6st) &#8211; 23 \u20ac.<\/p>\n<h2>Blodprover (Tallinkontoret) (\u20ac, euro)<\/h2>\n<p>CRP (inflammationsv\u00e4rde) \u2013<strong>\u00a0<\/strong>3,90\u00a0\u20ac.<\/p>\n<p>Grundl\u00e4ggande blodprover (PVK, CRP, K, Na, Krea) \u2013\u00a029 \u20ac.<\/p>\n<p>Paket med omfattande blodprover (grundl\u00e4ggande blodprover, blodfetter och leverv\u00e4rden) \u2013 49 \u20ac.<\/p>\n<p>Cancerpaket (CA19-9, CEA, CA125, AFP) \u2013 49\u00a0\u20ac.<\/p>\n<p>**Tj\u00e4nsteavtalet (varar i 12 m\u00e5nader) innefattar: operation och konsultation med specialistl\u00e4kare per e-post, utan extra kostnad.<\/p>\n<h1 class=\"western\" lang=\"nb-NO\">Helsingfors poliklinik (\u20ac, euro)<\/h1>\n<p>Kontorskostnader 14 \u20ac<\/p>\n<p>L\u00e4karmottagning 44 \u20ac\u00a0\u00a0\u00a0\u00a0\u00a0 27,50 \u20ac\/20 min (Med FPA-ers\u00e4ttning)<\/p>\n<p>Behandlingskontrakt med patienten som ska opereras\u00a0150 \u20ac (innefattar kontorskostnader och l\u00e4karmottagning).<\/p>\n<p>E-konsultation med patienten som kommer till Estland fr\u00e5n ett annat land, 114 \u20ac (skriftliga uppgifter g\u00e4llande risker och efterv\u00e5rd).<\/p>\n<p>Upps\u00e4gning av operation efter e-konsultation &#8211; 10% av paketpriset<\/p>\n<\/div>\n<p>*Exemplen som ges i texten \u00e4r generella och kan variera beroende p\u00e5 patienternas behov. F\u00f6r ytterligare information kontakta l\u00e4kare.<\/p>\n<\/div>\n<\/div>\n","protected":false},"excerpt":{"rendered":"<p>&nbsp; The price-list is available only in Swedish, sorry for the inconvenience. &nbsp; Uppdaterad 1.1.2018 Allm\u00e4n- och bukkirurgi I paketpriserna ing\u00e5r: 1) Utv\u00e4rdering av specialistl\u00e4kare p\u00e5 Tallinkontoret. 2) Blodprover, anestesi och operation p\u00e5 Tallinkontoret. Operation Paketpris (EURO) \u00c5derbrockskirurgi \u00a0(1 ben) 897 Behandling av \u00e5derbrock (skuminjektion) 357 Navelbr\u00e5cksoperation 1090 Titth\u00e5lsoperation av navelbr\u00e5ck 1490 Ljumskbr\u00e5cksoperation 1297 Titth\u00e5lsoperation&hellip; <a class=\"read-more\" href=\"https:\/\/mediresor.se\/en\/prices\/\">Read More<\/a><\/p>\n","protected":false},"author":1,"featured_media":0,"parent":0,"menu_order":0,"comment_status":"open","ping_status":"open","template":"page-rightsidebar.php","meta":{"footnotes":""},"class_list":["post-424","page","type-page","status-publish","hentry"],"_links":{"self":[{"href":"https:\/\/mediresor.se\/en\/wp-json\/wp\/v2\/pages\/424","targetHints":{"allow":["GET"]}}],"collection":[{"href":"https:\/\/mediresor.se\/en\/wp-json\/wp\/v2\/pages"}],"about":[{"href":"https:\/\/mediresor.se\/en\/wp-json\/wp\/v2\/types\/page"}],"author":[{"embeddable":true,"href":"https:\/\/mediresor.se\/en\/wp-json\/wp\/v2\/users\/1"}],"replies":[{"embeddable":true,"href":"https:\/\/mediresor.se\/en\/wp-json\/wp\/v2\/comments?post=424"}],"version-history":[{"count":5,"href":"https:\/\/mediresor.se\/en\/wp-json\/wp\/v2\/pages\/424\/revisions"}],"predecessor-version":[{"id":1868,"href":"https:\/\/mediresor.se\/en\/wp-json\/wp\/v2\/pages\/424\/revisions\/1868"}],"wp:attachment":[{"href":"https:\/\/mediresor.se\/en\/wp-json\/wp\/v2\/media?parent=424"}],"curies":[{"name":"wp","href":"https:\/\/api.w.org\/{rel}","templated":true}]}}