{"id":408,"date":"2015-06-11T19:23:20","date_gmt":"2015-06-11T18:23:20","guid":{"rendered":"http:\/\/www.mediresor.se\/?page_id=408"},"modified":"2016-03-19T13:07:24","modified_gmt":"2016-03-19T13:07:24","slug":"rasvaimu","status":"publish","type":"page","link":"https:\/\/mediresor.se\/et\/rasvaimu\/","title":{"rendered":"Rasvaimu"},"content":{"rendered":"<h1>Rasvaimu*<\/h1>\n<h1 class=\"western\"><\/h1>\n<p>Maailmas k\u00f5ige sagedamini teostatav esteetiline operatsioon (liposuction), esmakirjeldus 1920ndatel, protseduuri populaarsuse kasv 1970ndatel.<\/p>\n<p>Operatsioonimeetod, mis v\u00f5imaldab keha kuju parendada, eemaldades liigse rasvkoe\/p\u00fcsivad rasvaladestused piirkondadest, mis ei allu dieedi ja f\u00fc\u00fcsilise koormuse toimele. Tavalisteks ravipiirkondadeks on l\u00f5ug \u00f5lavarred, rinnad, k\u00f5ht, k\u00fcljed, puusad, tuharad, reite sise- ja v\u00e4lisk\u00fcljed, p\u00f5lvede- ja pahkluude piirkond<\/p>\n<p><strong>Operatsioonieelne konsultatsioon<br \/>\n<\/strong>Selgitatakse v\u00e4lja patsiendi ootused, selgitatakse enimh\u00e4irivad piirkonnad. R\u00e4\u00e4gitakse patsiendi tervislikust taustast, selgitatakse tarvitatavad ravimid. Operatsiooni eelselt on soovitav stabiliseerida kehakaal.<\/p>\n<p>Patsiendi l\u00e4bivaatusel hinnatakse k\u00f5rvalekalded ideaalsest kehakontuurist, as\u00fcmmeetriad, tselluliit, samuti naha kvaliteet ja liig. Haigusloo jaoks tehakse patsiendist fotod. Planeeritakse operatsiooni maht ning haavade (ja hilisemate armide asukoht).<\/p>\n<p><b>Operatsioon<\/b><\/p>\n<p>Operatsioon teostatakse tavaliselt \u00fcldnarkoosis ja kestab kuni 3-4 tundi, olenevalt planeeritavast rasva eemaldamise kogusest. Operatsiooni k\u00e4igus esmalt patsiendi koed immutatakse spetsiaalse lahusega, mis sisaldab muuhulgas v\u00e4ikesed veresooni kokku t\u00f5mbavat ja valu vaigistavat ravimit. Klassikaliselt teostatakse rasvaimu \u00f5\u00f5nsate 2-6mm kan\u00fc\u00fclide abil, mis on \u00fchendatud vaakumaparaadi k\u00fclge.<\/p>\n<p><strong>Taastumine<\/strong><\/p>\n<p><a name=\"__mceDel1121\"><\/a><em>Patsient lubatakse koju m\u00f5ni tund peale operatsiooni v\u00f5i j\u00e4rgmisel hommikul, olenevalt operatsiooni mahust.<\/em><\/p>\n<p>Taastumine on iga patsiendi puhul individuaalne. Operatsioonij\u00e4rgne valuravi on vajalik esimestel p\u00e4evadel, kuna koetraumast on tekkinud turse. Haavad on kaetud haavateipide ja plaastritega kuni 2 n\u00e4dalat, misj\u00e4rel alustatakse armiraviga. Vajalik on kanda surveriided opereeritud piirkonnas 4-6 n\u00e4dala jooksul. Esimestel n\u00e4dalatel peale operatsiooni on soovitav v\u00e4ltida rasket f\u00fc\u00fcsilist koormust.<\/p>\n<p><strong>V\u00f5imalikud riskid<br \/>\n<\/strong>Vahetult operatsiooni j\u00e4rgselt on v\u00f5imalik turse, ebamugavustunne, nibu tundlikkuse muutused, nahaalused verevalumid. Sageli v\u00f5ib esineda as\u00fcmmeetriat poolte vahel, ebatasasusi. Harvem v\u00f5ib esineda p\u00f5letikku, koevedeliku kogunemist opereeritud piirkonda, naha pigmenteerumist, naha l\u00f5tvust. Suuremahulise rasvaimu korral on ohuks liigne vedeliku- ja verekaotus.<\/p>\n<p>1 piirkond (nt l\u00f5ug), 2 piirkonda (nt. m\u00f5lemad \u00f5lavarred), 4 piirkonda (nt. \u00fcla- ja alak\u00f5ht, m\u00f5lemad pooled) jne.<\/p>\n<p>&nbsp;<\/p>\n<p>*\u00a0Antud tekstis toodud n\u00e4ited on individuaalsed ja tulemused v\u00f5ivad erineda erinevate patsientide puhul. V\u00f5ta \u00fchendust arstiga t\u00e4psema informatsiooni saamiseks.<\/p>\n","protected":false},"excerpt":{"rendered":"<p>Rasvaimu* Maailmas k\u00f5ige sagedamini teostatav esteetiline operatsioon (liposuction), esmakirjeldus 1920ndatel, protseduuri populaarsuse kasv 1970ndatel. Operatsioonimeetod, mis v\u00f5imaldab keha kuju parendada, eemaldades liigse rasvkoe\/p\u00fcsivad rasvaladestused piirkondadest, mis ei allu dieedi ja f\u00fc\u00fcsilise koormuse toimele. Tavalisteks ravipiirkondadeks on l\u00f5ug \u00f5lavarred, rinnad, k\u00f5ht, k\u00fcljed, puusad, tuharad, reite sise- ja v\u00e4lisk\u00fcljed, p\u00f5lvede- ja pahkluude piirkond Operatsioonieelne konsultatsioon Selgitatakse v\u00e4lja&hellip; <a class=\"read-more\" href=\"https:\/\/mediresor.se\/et\/rasvaimu\/\">Read More<\/a><\/p>\n","protected":false},"author":1,"featured_media":0,"parent":0,"menu_order":0,"comment_status":"open","ping_status":"open","template":"page-rightsidebar2.php","meta":{"footnotes":""},"class_list":["post-408","page","type-page","status-publish","hentry"],"_links":{"self":[{"href":"https:\/\/mediresor.se\/et\/wp-json\/wp\/v2\/pages\/408","targetHints":{"allow":["GET"]}}],"collection":[{"href":"https:\/\/mediresor.se\/et\/wp-json\/wp\/v2\/pages"}],"about":[{"href":"https:\/\/mediresor.se\/et\/wp-json\/wp\/v2\/types\/page"}],"author":[{"embeddable":true,"href":"https:\/\/mediresor.se\/et\/wp-json\/wp\/v2\/users\/1"}],"replies":[{"embeddable":true,"href":"https:\/\/mediresor.se\/et\/wp-json\/wp\/v2\/comments?post=408"}],"version-history":[{"count":3,"href":"https:\/\/mediresor.se\/et\/wp-json\/wp\/v2\/pages\/408\/revisions"}],"predecessor-version":[{"id":717,"href":"https:\/\/mediresor.se\/et\/wp-json\/wp\/v2\/pages\/408\/revisions\/717"}],"wp:attachment":[{"href":"https:\/\/mediresor.se\/et\/wp-json\/wp\/v2\/media?parent=408"}],"curies":[{"name":"wp","href":"https:\/\/api.w.org\/{rel}","templated":true}]}}