{"id":410,"date":"2015-06-11T19:25:07","date_gmt":"2015-06-11T18:25:07","guid":{"rendered":"http:\/\/www.mediresor.se\/?page_id=410"},"modified":"2016-03-21T11:59:56","modified_gmt":"2016-03-21T11:59:56","slug":"kohuplastika","status":"publish","type":"page","link":"https:\/\/mediresor.se\/et\/kohuplastika\/","title":{"rendered":"K\u00f5huplastika"},"content":{"rendered":"<h1 class=\"western\">K\u00f5huplastika*<\/h1>\n<p>K\u00f5hu eesseina plastika (abdominoplasty) on sobiv operatsioon nendele patsientidele, keda h\u00e4irib k\u00f5huseina naha ja lihaste v\u00e4ljavenimine, samuti rasva ladestus k\u00f5hu piirkonda. K\u00f5hu eessena deformatsioon on sage probleem (mitmik)raseduse j\u00e4rgselt, suure kaalukaotuse korral, samuti v\u00f5ib p\u00f5hjuseks olla p\u00e4rilik kudede l\u00f5tvus.<\/p>\n<p><strong>Operatsioonieelne konsultatsioon<br \/>\n<\/strong>Selgitatakse v\u00e4lja patsiendi ootused ja v\u00f5imalus neid soove teostada. R\u00e4\u00e4gitakse patsiendi tervislikust taustast, selgitatakse tarvitatavad ravimid. Operatsiooni eelselt on soovitav langetada planeeritud ideaalini ja stabiliseerida kehakaal.<\/p>\n<p>Patsiendi l\u00e4bivaatusel teostatakse k\u00f5huseina, hinnatakse naha kvaliteet ja liig; uuritakse v\u00f5imalike lihaste lahknevuse ja songade suhtes. Haigusloo jaoks tehakse patsiendi kehast fotod. Teostatakse m\u00f5\u00f5tmised, samuti planeeritakse operatsioonimeetod ning tulevaste armide asukoht.<\/p>\n<p><b>Operatsioon<\/b><\/p>\n<p>Operatsioon teostatakse \u00fcldnarkoosis ja kestab tavaliselt 2-3 tundi. Operatsiooni k\u00e4igus eemaldatakse liigne nahk, \u00fcmberpaigutatakse naba, vajadusel l\u00e4hendatakse ja pinguldatakse k\u00f5hu lihased. L\u00f5ige planeeritakse tavaliselt kaarjalt alak\u00f5hule, nii et arm j\u00e4\u00e4b hiljem aluspesu varju. Vajadusel on v\u00f5imalik kombinatsioon rasvaimuga. Sageli j\u00e4etakse haava dreenid.<\/p>\n<p><strong>Taastumine<\/strong><\/p>\n<p><a name=\"__mceDel11111\"><\/a><em>Patsient lubatakse koju tavaliselt operatsioonij\u00e4rgsel hommikul.*<\/em><\/p>\n<p>Taastumine on iga patsiendi puhul individuaalne. Operatsioonij\u00e4rgne valuravi on vajalik esimestel p\u00e4evadel, kuna koetraumast on tekkinud turse, tugevamat valu p\u00f5hjustab teostatud lihasplastika. Esimestel p\u00e4evadel v\u00f5ib olla raske end sirgeks ajada.* Haavad on kaetud haavateipide ja plaastritega kuni 2 n\u00e4dalat, misj\u00e4rel alustatakse armiraviga. Survepesu\/korseti kandmine on vajalik pidevalt 4-6 n\u00e4dala jooksul. Esimestel n\u00e4dalatel peale operatsiooni on soovitav v\u00e4ltida rasket f\u00fc\u00fcsilist koormust.<\/p>\n<p><strong>V\u00f5imalikud riskid<br \/>\n<\/strong>Vahetult operatsiooni j\u00e4rgselt on v\u00f5imalik turse, mis v\u00f5ib kesta pikemat aega, ebamugavustunne, k\u00f5hunaha tundlikkuse muutused, nahaalused verevalumid. P\u00f5letikku esineb harva. Sage on haavade paranemise aeglustumine ja koevedeliku kogunemine operatsioonipiirkonda. Harvem on v\u00f5imalik nahak\u00e4rbus, eriti kui k\u00f5huplstika on teostatud koos rasvaimuga.<\/p>\n<p>&nbsp;<\/p>\n<p>&nbsp;<\/p>\n<p>*\u00a0Antud tekstis toodud n\u00e4ited on individuaalsed ja tulemused v\u00f5ivad erineda erinevate patsientide puhul. V\u00f5ta \u00fchendust arstiga t\u00e4psema informatsiooni saamiseks.<\/p>\n<p>&nbsp;<\/p>\n","protected":false},"excerpt":{"rendered":"<p>K\u00f5huplastika* K\u00f5hu eesseina plastika (abdominoplasty) on sobiv operatsioon nendele patsientidele, keda h\u00e4irib k\u00f5huseina naha ja lihaste v\u00e4ljavenimine, samuti rasva ladestus k\u00f5hu piirkonda. K\u00f5hu eessena deformatsioon on sage probleem (mitmik)raseduse j\u00e4rgselt, suure kaalukaotuse korral, samuti v\u00f5ib p\u00f5hjuseks olla p\u00e4rilik kudede l\u00f5tvus. Operatsioonieelne konsultatsioon Selgitatakse v\u00e4lja patsiendi ootused ja v\u00f5imalus neid soove teostada. R\u00e4\u00e4gitakse patsiendi tervislikust taustast,&hellip; <a class=\"read-more\" href=\"https:\/\/mediresor.se\/et\/kohuplastika\/\">Read More<\/a><\/p>\n","protected":false},"author":1,"featured_media":0,"parent":0,"menu_order":0,"comment_status":"open","ping_status":"open","template":"page-rightsidebar2.php","meta":{"footnotes":""},"class_list":["post-410","page","type-page","status-publish","hentry"],"_links":{"self":[{"href":"https:\/\/mediresor.se\/et\/wp-json\/wp\/v2\/pages\/410","targetHints":{"allow":["GET"]}}],"collection":[{"href":"https:\/\/mediresor.se\/et\/wp-json\/wp\/v2\/pages"}],"about":[{"href":"https:\/\/mediresor.se\/et\/wp-json\/wp\/v2\/types\/page"}],"author":[{"embeddable":true,"href":"https:\/\/mediresor.se\/et\/wp-json\/wp\/v2\/users\/1"}],"replies":[{"embeddable":true,"href":"https:\/\/mediresor.se\/et\/wp-json\/wp\/v2\/comments?post=410"}],"version-history":[{"count":5,"href":"https:\/\/mediresor.se\/et\/wp-json\/wp\/v2\/pages\/410\/revisions"}],"predecessor-version":[{"id":751,"href":"https:\/\/mediresor.se\/et\/wp-json\/wp\/v2\/pages\/410\/revisions\/751"}],"wp:attachment":[{"href":"https:\/\/mediresor.se\/et\/wp-json\/wp\/v2\/media?parent=410"}],"curies":[{"name":"wp","href":"https:\/\/api.w.org\/{rel}","templated":true}]}}