{"id":412,"date":"2015-06-11T19:26:07","date_gmt":"2015-06-11T18:26:07","guid":{"rendered":"http:\/\/www.mediresor.se\/?page_id=412"},"modified":"2016-03-19T13:08:14","modified_gmt":"2016-03-19T13:08:14","slug":"rindade-vahendamine","status":"publish","type":"page","link":"https:\/\/mediresor.se\/et\/rindade-vahendamine\/","title":{"rendered":"Rindade v\u00e4hendamine"},"content":{"rendered":"<h1 class=\"western\">Rindade v\u00e4hendamine*<\/h1>\n<p>Rindade v\u00e4hendamine on kirurgiline operatsioon, mille eesm\u00e4rgiks on v\u00e4hendada rindade mahu ja korrigeerida kuju. Ebaproportsionaalselt suured rinnad v\u00f5ivad p\u00f5hjustada selja ja kaela valusid, olla seoses \u00f5lgade deformatsiooni ja krooniliste peavaludega, samuti v\u00f5ib nahavoltidesse tekkida haudumus ja p\u00f5letik. Liigsuurte ridade korral on h\u00e4iritud normaalne sportimine, v\u00f5imalikud on raskused riiete leidmisel. Sobiv meetod naistele, kes soovivad parandada oma elukvaliteeti rindade mahu v\u00e4hendamise ja kuju\/v\u00e4limuse parandamise kaudu. Ideaalse rindade s\u00fcmmeetria saavutamine on ebat\u00f5en\u00e4oline.<\/p>\n<p><strong>Operatsioonieelne konsultatsioon<br \/>\n<\/strong>Selgitatakse v\u00e4lja patsiendi ootused ja v\u00f5imalus neid soove teostada. R\u00e4\u00e4gitakse patsiendi tervislikust taustast, eelk\u00f5ige on oluline rinna haiguseid puudutav (rinnav\u00e4hi individuaalne ja pereanamnees), samuti on t\u00e4htis r\u00e4\u00e4kida rinna muutustest raseduse\/imetamise ja kaalumuutustega seoses; selgitatakse tarvitatavad ravimid. Vajalik on operatsiooni eelselt teostada rinnauuringud (mammograafia). Operatsiooni eelselt on soovitav stabiliseerida kehakaal.<\/p>\n<p>Patsiendi l\u00e4bivaatusel teostatakse rindkere ja rinnan\u00e4\u00e4rmete uuring (as\u00fcmmeetriad, rindade vajumine, selle ulatus, nibukompleksi suurus ja asetus), hinnatakse naha ja n\u00e4\u00e4rmekoe kvaliteet. Haigusloo jaoks tehakse patsiendi rindadest fotod. Teostatakse rindade m\u00f5\u00f5tmised, samuti planeeritakse operatsioonimeetod ning tulevaste armide asukoht. Oluline on r\u00e4\u00e4kiga oma kirurgiga v\u00f5imalikust hilisemast soovist rasestuda ja imetada (v\u00f5imalik valida piimajuhasid maksimaalselt s\u00e4ilitav operatsioonimeetod, samas hilisem imetamisv\u00f5ime ei pruugi s\u00e4iluda).<\/p>\n<p><b>Operatsioon<\/b><\/p>\n<p>Operatsioon teostatakse \u00fcldnarkoosis ja kestab tavaliselt 2-3 tundi. Operatsioon on kombinatsioon liigse koemahu eemaldamisest ja \u00fcmberpaigutamisest koos liigse naha eemaldamisega. Enamasti j\u00e4etakse rindadesse dreenid.<\/p>\n<p><strong>Taastumine<\/strong><\/p>\n<p><a name=\"__mceDel11\"><\/a><em>Dreenid eemaldatakse ja patsient lubatakse koju tavaliselt operatsioonij\u00e4rgsel hommikul.<\/em><\/p>\n<p>Taastumine on iga patsiendi puhul individuaalne. Operatsioonij\u00e4rgne valuravi on vajalik esimestel p\u00e4evadel, kuna koetraumast on tekkinud turse. Haavad on kaetud haavateipide ja plaastritega kuni 2 n\u00e4dalat, misj\u00e4rel alustatakse armiraviga. Toetava rinnahoidja kandmine on vajalik 6 n\u00e4dala jooksul pidevalt ja seej\u00e4rel koormusel lisaks veel 4-6 n\u00e4dalat, kindlasti pole operatsiooni j\u00e4rgselt soovitav kanda tugikaartega (<i>push-up<\/i>) rinnahoidjaid. Esimestel n\u00e4dalatel peale operatsiooni on soovitav v\u00e4ltida rasket f\u00fc\u00fcsilist koormust.<\/p>\n<p><strong>V\u00f5imalikud riskid<br \/>\n<\/strong>Vahetult operatsiooni j\u00e4rgselt on v\u00f5imalik turse, mis v\u00f5ib kesta pikemat aega, ebamugavustunne, nibu tundlikkuse muutused v\u00f5i tundlikkuse kadumine, nahaalused verevalumid. Rinna sisese verevalumi t\u00f5ttu, v\u00f5ib olla vajalik kordusoperatsioon. P\u00f5letikku esineb harva. Sagedamini esineb probleeme haavade paranemisega, mist\u00f5ttu tulemuseks v\u00f5ib olla armide laialivenimine. As\u00fcmmeetriad on sagedased. V\u00f5imalik on koek\u00e4rbus, muuhulgas nibuv\u00e4lja k\u00e4rbus, patsienti mitte rahuldav rinna kuju ja suurus operatsiooni j\u00e4rgselt.<\/p>\n<p>&nbsp;<\/p>\n<p>*\u00a0Antud tekstis toodud n\u00e4ited on individuaalsed ja tulemused v\u00f5ivad erineda erinevate patsientide puhul. V\u00f5ta \u00fchendust arstiga t\u00e4psema informatsiooni saamiseks.<\/p>\n","protected":false},"excerpt":{"rendered":"<p>Rindade v\u00e4hendamine* Rindade v\u00e4hendamine on kirurgiline operatsioon, mille eesm\u00e4rgiks on v\u00e4hendada rindade mahu ja korrigeerida kuju. Ebaproportsionaalselt suured rinnad v\u00f5ivad p\u00f5hjustada selja ja kaela valusid, olla seoses \u00f5lgade deformatsiooni ja krooniliste peavaludega, samuti v\u00f5ib nahavoltidesse tekkida haudumus ja p\u00f5letik. Liigsuurte ridade korral on h\u00e4iritud normaalne sportimine, v\u00f5imalikud on raskused riiete leidmisel. Sobiv meetod naistele, kes&hellip; <a class=\"read-more\" href=\"https:\/\/mediresor.se\/et\/rindade-vahendamine\/\">Read More<\/a><\/p>\n","protected":false},"author":1,"featured_media":0,"parent":0,"menu_order":0,"comment_status":"open","ping_status":"open","template":"page-rightsidebar2.php","meta":{"footnotes":""},"class_list":["post-412","page","type-page","status-publish","hentry"],"_links":{"self":[{"href":"https:\/\/mediresor.se\/et\/wp-json\/wp\/v2\/pages\/412","targetHints":{"allow":["GET"]}}],"collection":[{"href":"https:\/\/mediresor.se\/et\/wp-json\/wp\/v2\/pages"}],"about":[{"href":"https:\/\/mediresor.se\/et\/wp-json\/wp\/v2\/types\/page"}],"author":[{"embeddable":true,"href":"https:\/\/mediresor.se\/et\/wp-json\/wp\/v2\/users\/1"}],"replies":[{"embeddable":true,"href":"https:\/\/mediresor.se\/et\/wp-json\/wp\/v2\/comments?post=412"}],"version-history":[{"count":3,"href":"https:\/\/mediresor.se\/et\/wp-json\/wp\/v2\/pages\/412\/revisions"}],"predecessor-version":[{"id":719,"href":"https:\/\/mediresor.se\/et\/wp-json\/wp\/v2\/pages\/412\/revisions\/719"}],"wp:attachment":[{"href":"https:\/\/mediresor.se\/et\/wp-json\/wp\/v2\/media?parent=412"}],"curies":[{"name":"wp","href":"https:\/\/api.w.org\/{rel}","templated":true}]}}