{"id":414,"date":"2015-06-11T19:27:24","date_gmt":"2015-06-11T18:27:24","guid":{"rendered":"http:\/\/www.mediresor.se\/?page_id=414"},"modified":"2016-03-19T13:06:43","modified_gmt":"2016-03-19T13:06:43","slug":"gunekomastia","status":"publish","type":"page","link":"https:\/\/mediresor.se\/et\/gunekomastia\/","title":{"rendered":"G\u00fcnekomastia"},"content":{"rendered":"<h1 class=\"western\">G\u00fcnekomastia &#8211; mehe rindade v\u00e4hendamine*<\/h1>\n<p>Seisundit, mille puhul mehe rinna(n\u00e4\u00e4rmelise) koe maht on suurenenud, nimetatakse g\u00fcnekomastiaks. Mehe eluea jooksul sage probleem, teatud vanusegruppides loetakse ealiseks v\u00f5i mittehaiguslikuks (vasts\u00fcndinud, puberteediealised noormehed, vanemaealised mehed).<\/p>\n<p>P\u00f5hjus j\u00e4\u00e4b sageli teadmata, lisaks v\u00f5ib mehe rinna suurenemist p\u00f5hjustada erinevad haiguslikud seisundid (testiste tuumorid, rasvt\u00f5bi, neerude- ja maksa vaegtalitlus, HIV, krooniline haigus), ravimid (anaboolsed steroidid, m\u00f5ned mikroobide vastased ravimid, mao happesust alandavad ravimid, s\u00fcdame-veresoonkonna ravimid jt.) ja kasutatavad ained (alkohol, kanep, amfetamiin, heroiin).<\/p>\n<p>Enamasti on g\u00fcnekomastia m\u00f5lemapoolne, kuid v\u00f5ib esineda ka vaid \u00fchel poolel.<\/p>\n<p>Kuni 1 aasta kestnud g\u00fcnekomastia on sageli ise taanduv.<\/p>\n<p><strong>Operatsioonieelne konsultatsioon<br \/>\n<\/strong>Selgitatakse v\u00e4lja patsiendi ootused ja v\u00f5imalus neid soove teostada. R\u00e4\u00e4gitakse patsiendi tervislikust taustast, oluline on rinnav\u00e4hi pereanamnees, k\u00fcsitakse muutustest rinna osas, samuti kui kaua kaebusd on kestnud; selgitatakse tarvitatavad ravimid\/ained. vajadusel planeeritakse lisaanal\u00fc\u00fcsid ja- uuringud. Operatsiooni eelselt on soovitav stabiliseerida kehakaal.<\/p>\n<p>Patsiendi l\u00e4bivaatusel teostatakse rindkere ja rinnan\u00e4\u00e4rmete uuring (koelised muutused, as\u00fcmmeetriad, naha liig, nibukompleksi suurus ja asetus), hinnatakse naha kvaliteet. Haigusloo jaoks tehakse patsiendi rindkerest fotod. Teostatakse rindade m\u00f5\u00f5tmised, samuti planeeritakse operatsioonimeetod ning tulevaste armide asukoht.<\/p>\n<p><b>Operatsioon<\/b><\/p>\n<p>Operatsioon teostatakse \u00fcldnarkoosis ja kestab tavaliselt 1-2 tundi. Operatsioon on kombinatsioon liigse koemahu eemaldamisest koos liigse naha eemaldamisega. Meetoditest on enamkasutatud rasvaimu, vajadusel teostatakse lisaks n\u00e4\u00e4rmekoe ja v\u00f5i nahaliia kirurgiline eemaldamine.<\/p>\n<p><strong>Taastumine<\/strong><\/p>\n<p><a name=\"__mceDel111\"><\/a><em>Patsient lubatakse koju tavaliselt operatsioonij\u00e4rgsel hommikul.<\/em><\/p>\n<p>Taastumine on iga patsiendi puhul individuaalne. Operatsioonij\u00e4rgne valuravi on vajalik esimestel p\u00e4evadel, kuna koetraumast on tekkinud turse. Haavad on kaetud haavateipide ja plaastritega kuni 2 n\u00e4dalat, misj\u00e4rel alustatakse armiraviga. Survevesti kandmine on vajalik 4-6 n\u00e4dala jooksul pidevalt ja seej\u00e4rel koormusel lisaks veel 4-6 n\u00e4dalat. Esimestel n\u00e4dalatel peale operatsiooni on soovitav v\u00e4ltida rasket f\u00fc\u00fcsilist koormust.<\/p>\n<p><strong>V\u00f5imalikud riskid<br \/>\n<\/strong>Vahetult operatsiooni j\u00e4rgselt on v\u00f5imalik turse, mis v\u00f5ib kesta pikemat aega, ebamugavustunne, nibu tundlikkuse muutused v\u00f5i tundlikkuse kadumine, nahaalused verevalumid. Rinna sisese verevalumi t\u00f5ttu, v\u00f5ib olla vajalik kordusoperatsioon. P\u00f5letikku esineb harva. As\u00fcmmeetriad on sagedased. V\u00f5imalik nahak\u00e4rbus, ebapiisavast v\u00f5i liigsest eemaldatud koehulgast tingitud rahulolematus operatsiooni tulemusega.<\/p>\n<p>&nbsp;<\/p>\n<p>*\u00a0<span class=\"s1\">Antud tekstis toodud n\u00e4ited on individuaalsed ja tulemused v\u00f5ivad erineda erinevate patsientide puhul. V\u00f5ta \u00fchendust arstiga t\u00e4psema informatsiooni saamiseks.<\/span><\/p>\n","protected":false},"excerpt":{"rendered":"<p>G\u00fcnekomastia &#8211; mehe rindade v\u00e4hendamine* Seisundit, mille puhul mehe rinna(n\u00e4\u00e4rmelise) koe maht on suurenenud, nimetatakse g\u00fcnekomastiaks. Mehe eluea jooksul sage probleem, teatud vanusegruppides loetakse ealiseks v\u00f5i mittehaiguslikuks (vasts\u00fcndinud, puberteediealised noormehed, vanemaealised mehed). P\u00f5hjus j\u00e4\u00e4b sageli teadmata, lisaks v\u00f5ib mehe rinna suurenemist p\u00f5hjustada erinevad haiguslikud seisundid (testiste tuumorid, rasvt\u00f5bi, neerude- ja maksa vaegtalitlus, HIV, krooniline haigus),&hellip; <a class=\"read-more\" href=\"https:\/\/mediresor.se\/et\/gunekomastia\/\">Read More<\/a><\/p>\n","protected":false},"author":1,"featured_media":0,"parent":0,"menu_order":0,"comment_status":"open","ping_status":"open","template":"page-rightsidebar2.php","meta":{"footnotes":""},"class_list":["post-414","page","type-page","status-publish","hentry"],"_links":{"self":[{"href":"https:\/\/mediresor.se\/et\/wp-json\/wp\/v2\/pages\/414","targetHints":{"allow":["GET"]}}],"collection":[{"href":"https:\/\/mediresor.se\/et\/wp-json\/wp\/v2\/pages"}],"about":[{"href":"https:\/\/mediresor.se\/et\/wp-json\/wp\/v2\/types\/page"}],"author":[{"embeddable":true,"href":"https:\/\/mediresor.se\/et\/wp-json\/wp\/v2\/users\/1"}],"replies":[{"embeddable":true,"href":"https:\/\/mediresor.se\/et\/wp-json\/wp\/v2\/comments?post=414"}],"version-history":[{"count":4,"href":"https:\/\/mediresor.se\/et\/wp-json\/wp\/v2\/pages\/414\/revisions"}],"predecessor-version":[{"id":715,"href":"https:\/\/mediresor.se\/et\/wp-json\/wp\/v2\/pages\/414\/revisions\/715"}],"wp:attachment":[{"href":"https:\/\/mediresor.se\/et\/wp-json\/wp\/v2\/media?parent=414"}],"curies":[{"name":"wp","href":"https:\/\/api.w.org\/{rel}","templated":true}]}}