{"id":100,"date":"2015-04-26T20:58:12","date_gmt":"2015-04-26T19:58:12","guid":{"rendered":"http:\/\/www.mediresor.se\/?page_id=100"},"modified":"2016-03-21T14:11:04","modified_gmt":"2016-03-21T14:11:04","slug":"mahalaukun-ohitusleikkaus","status":"publish","type":"page","link":"https:\/\/mediresor.se\/fi\/mahalaukun-ohitusleikkaus\/","title":{"rendered":"Mahalaukun ohitusleikkaus"},"content":{"rendered":"<h2>Mahalaukun ohitusleikkaus*<\/h2>\n<p><a href=\"http:\/\/www.mediresor.se\/wp-content\/uploads\/2015\/04\/magu1_fi.jpg\"><img loading=\"lazy\" decoding=\"async\" class=\"alignleft size-medium wp-image-101\" src=\"http:\/\/www.mediresor.se\/wp-content\/uploads\/2015\/04\/magu1_fi-245x300.jpg\" alt=\"magu1_fi\" width=\"245\" height=\"300\" srcset=\"https:\/\/www.mediresor.se\/wp-content\/uploads\/2015\/04\/magu1_fi-245x300.jpg 245w, https:\/\/www.mediresor.se\/wp-content\/uploads\/2015\/04\/magu1_fi.jpg 509w\" sizes=\"auto, (max-width: 245px) 100vw, 245px\" \/><\/a>Mahalaukun ohitusleikkausta k\u00e4ytet\u00e4\u00e4n liikalihavuuden hoidossa. Liikalihavuus on vaikea krooninen sairaus, joka on aiheuttanut huolta kaikkialla maailmassa ja vaikuttaa miljoonien ihmisten terveyteen. Liikalihavuudeksi katsotaan kehon ylim\u00e4\u00e4r\u00e4isen rasvapitoisuuden, joka johtuu siit\u00e4, ett\u00e4 ihminen nauttii kaloreita enemm\u00e4n, kuin keho pystyy energiana hy\u00f6dynt\u00e4m\u00e4\u00e4n. Liikalihavuus on tupakoinnin j\u00e4lkeen toinen itse v\u00e4ltett\u00e4viss\u00e4 oleva kuolemansyy. Liikalihavuudesta k\u00e4rsivien ihmisten on normaalipainoisiin verrattuna 50 \u2013 100 % verran suurempi todenn\u00e4k\u00f6isyys kuolla ennenaikaisesti.<\/p>\n<p>&nbsp;<\/p>\n<p>Liikalihavuus on potentiaalisesti hengenvaarallinen, jos:<\/p>\n<p>painoindeksi (BMI) on 40 tai korkeampi;<\/p>\n<p>jos painoindeksi on 35 tai korkeampi ja siihen liittyy toinen vaikea terveyshaitta, jonka saisi painonpudotuksella korjata, mm. 2 tyypin diabetes tai korkea verenpaine.<\/p>\n<p>&nbsp;<\/p>\n<p>Mahalaukun ohitusleikkaus on kirurginen yhdistelm\u00e4toimenpide (restriktiivinen ja malabsorptiivinen). Toimenpide on restriktiivinen, koska sen my\u00f6t\u00e4 on mahalaukkuun mahtuvan ruoan m\u00e4\u00e4r\u00e4 tarkoin rajattu ja malabsorptiivinen siin\u00e4 mieless\u00e4, ett\u00e4 toimenpide vaikuttaa siihen, miten ravintoaineet ja kalorit imeytyv\u00e4t ohutsuolesta verenkiertoon. Yhdistelm\u00e4leikkaus on laihtumisen kannalta eritt\u00e4in tehokas. Potilaat pudottavat t\u00e4m\u00e4n leikkauksen j\u00e4lkeen keskim\u00e4\u00e4rin 60 % ylim\u00e4\u00e4r\u00e4isist\u00e4 kiloistaan.*<\/p>\n<p>Kaikkein tavallisin mahalaukun ohitusleikkaus on Roux en Y \u2013menetelm\u00e4. T\u00e4m\u00e4 leikkaus suoritetaan laparoskooppisesti (avaimenreik\u00e4kirurgia keinoin), paitsi jos leikkaukseen liittyy haittavaikutuksia. Kirurgi luo t\u00e4ss\u00e4 menetelm\u00e4ss\u00e4 mahalaukkuun pienen pussin, sulkemalla saumalaitteilla mahalaukun yl\u00e4osan (15 \u2013 30 ml). Mahalaukussa olevaan pussiin tehd\u00e4\u00e4n uusi reik\u00e4. Ohutsuoli leikataan sen j\u00e4lkeen kahteen osaan. Suolen alempi osa kiinnitet\u00e4\u00e4n mahalaukun pussissa olevaan reik\u00e4\u00e4n, luoden t\u00e4ten nk. Roux\u2019n mutkan. Ruoansulatusnesteet ohjataan ohutsuolen yl\u00e4osasta Roux\u2019n mutkaan. Ruoka ohittaa t\u00e4m\u00e4n mutkan ansiosta suuren mahalaukun, pohjukaissuolen ja ohutsuolen alkuosan.<\/p>\n<p>&nbsp;<\/p>\n<p>Mahalaukun ohitusleikkauksen etuja ovat mm:<\/p>\n<ul>\n<li>Nopea ja huomattava painonpudotus*<\/li>\n<li>Jatkuva painonpudotus 18 \u2013 24 kuukautta leikkauksen j\u00e4lkeen*<\/li>\n<li>Liikalihavuuteen liittyv\u00e4t terveyshaitat (eli diabetes, korkea verenpaine, uniapnea jne.) ovat v\u00e4hentyneet*<\/li>\n<li>Parempi liikkuvuus ja el\u00e4m\u00e4nlaatu*<\/li>\n<\/ul>\n<p>&nbsp;<\/p>\n<p>Mahalaukun ohitusleikkauksen vaaroja ovat:<\/p>\n<ul>\n<li>Iso leikkaus, johon liittyy isoja riskej\u00e4<\/li>\n<li>Potilaalla saattaa synty\u00e4 aliravitsemusta ja anemiaa, joten leikkauksen j\u00e4lkeen tulee koko el\u00e4m\u00e4n ajan nauttia ravintolisin\u00e4 vitamiineja ja kivenn\u00e4isaineita<\/li>\n<li>Vaatii pysyvi\u00e4 muutoksia potilaan ravitsemustottumuksissa ja el\u00e4m\u00e4ntavassa<\/li>\n<li>Nopea painonpudotus saattaa johtaa sappikivien syntymiseen<\/li>\n<li>Hiusten putoamisen riski<\/li>\n<\/ul>\n<p>Mahalaukun ohitusleikkauksen j\u00e4lkeiset mahdolliset komplikaatiot:<\/p>\n<p>haavatulehdus, hematooma vatsapeitteiss\u00e4<\/p>\n<p>alaraajan syv\u00e4laskimon tukos ja keuhkoveritulppa<\/p>\n<p>hengitysvaikeudet, syd\u00e4nkohtaus<\/p>\n<p>vuoto suoliompeleiden v\u00e4list\u00e4 (1 \u2013 2 % tapauksista, saattaa aiheuttaa lis\u00e4leikkauksen tarpeen) verenvuoto suoliommelten l\u00e4hell\u00e4 (2 \u2013 5 % tapauksista, saattaa aiheuttaa endoskopian tarpeen)<\/p>\n<p>kehonsis\u00e4inen tyr\u00e4 (my\u00f6hemmin syntyv\u00e4 komplikaatio, vaatii endoskooppisen dilataation)<\/p>\n<p>anastomosiksen kapeutuminen (enint\u00e4\u00e4n 9 % syntyy leikkauksen j\u00e4lkeen, vaatii kirurgisen korjauksen)<\/p>\n<p><em>dumping<\/em> \u2013oireyhtym\u00e4 (hiilivetyjen nopea kulkeutuminen \u2013 syd\u00e4men tykytys, kylm\u00e4 hiki, levottomuus)<\/p>\n<p>vitamiinien ja kivenn\u00e4isaineiden puute<\/p>\n<p>terveystilanteesta riippuen saattaa synty\u00e4 my\u00f6s muita vaaroja<\/p>\n<p>&nbsp;<\/p>\n<p>Komplikaatiovaara on pienemp\u00e4\u00e4 keskuksissa, joissa tehd\u00e4\u00e4n yli 100 laihdutusleikkausta vuodessa. Jos leikkauksen suorittaa hyvin kokenut kirurgi, mahalaukun ohitusleikkauksen aiheuttamia kuolemantapauksia on hyvin v\u00e4h\u00e4n: noin 0,2 \u2013 0,5 % kaikista leikkauksista.<\/p>\n<p>tri R. Adamson\/ Adams kirurgia grupp<\/p>\n<p>&nbsp;<\/p>\n<p>* Esimerkit, jotkat l\u00f6ytyy nettisivultamme, ovat yleisi\u00e4. Operaation tulos on aina henkil\u00f6kohtainen. Ole yst\u00e4v\u00e4llisesti yhteydess\u00e4 l\u00e4\u00e4k\u00e4riin, jos haluat tarkempia tietoja.<\/p>\n","protected":false},"excerpt":{"rendered":"<p>Mahalaukun ohitusleikkaus* Mahalaukun ohitusleikkausta k\u00e4ytet\u00e4\u00e4n liikalihavuuden hoidossa. Liikalihavuus on vaikea krooninen sairaus, joka on aiheuttanut huolta kaikkialla maailmassa ja vaikuttaa miljoonien ihmisten terveyteen. Liikalihavuudeksi katsotaan kehon ylim\u00e4\u00e4r\u00e4isen rasvapitoisuuden, joka johtuu siit\u00e4, ett\u00e4 ihminen nauttii kaloreita enemm\u00e4n, kuin keho pystyy energiana hy\u00f6dynt\u00e4m\u00e4\u00e4n. Liikalihavuus on tupakoinnin j\u00e4lkeen toinen itse v\u00e4ltett\u00e4viss\u00e4 oleva kuolemansyy. Liikalihavuudesta k\u00e4rsivien ihmisten on normaalipainoisiin&hellip; <a class=\"read-more\" href=\"https:\/\/mediresor.se\/fi\/mahalaukun-ohitusleikkaus\/\">Read More<\/a><\/p>\n","protected":false},"author":1,"featured_media":0,"parent":0,"menu_order":0,"comment_status":"open","ping_status":"open","template":"page-rightsidebar2.php","meta":{"footnotes":""},"class_list":["post-100","page","type-page","status-publish","hentry"],"_links":{"self":[{"href":"https:\/\/mediresor.se\/fi\/wp-json\/wp\/v2\/pages\/100","targetHints":{"allow":["GET"]}}],"collection":[{"href":"https:\/\/mediresor.se\/fi\/wp-json\/wp\/v2\/pages"}],"about":[{"href":"https:\/\/mediresor.se\/fi\/wp-json\/wp\/v2\/types\/page"}],"author":[{"embeddable":true,"href":"https:\/\/mediresor.se\/fi\/wp-json\/wp\/v2\/users\/1"}],"replies":[{"embeddable":true,"href":"https:\/\/mediresor.se\/fi\/wp-json\/wp\/v2\/comments?post=100"}],"version-history":[{"count":5,"href":"https:\/\/mediresor.se\/fi\/wp-json\/wp\/v2\/pages\/100\/revisions"}],"predecessor-version":[{"id":769,"href":"https:\/\/mediresor.se\/fi\/wp-json\/wp\/v2\/pages\/100\/revisions\/769"}],"wp:attachment":[{"href":"https:\/\/mediresor.se\/fi\/wp-json\/wp\/v2\/media?parent=100"}],"curies":[{"name":"wp","href":"https:\/\/api.w.org\/{rel}","templated":true}]}}