{"id":113,"date":"2015-04-26T21:05:58","date_gmt":"2015-04-26T20:05:58","guid":{"rendered":"http:\/\/www.mediresor.se\/?page_id=113"},"modified":"2015-04-27T15:44:23","modified_gmt":"2015-04-27T14:44:23","slug":"vaahtoruiskutushoito","status":"publish","type":"page","link":"https:\/\/mediresor.se\/fi\/terveyspalvelut\/vaahtoruiskutushoito\/","title":{"rendered":"Vaahtoruiskutushoito"},"content":{"rendered":"<p>Lis\u00e4tiedot operaatiosta.<\/p>\n<p>Suonikohjujen <b>vaahtoruiskutushoitoa <\/b>suoritaa erikoisl\u00e4\u00e4k\u00e4ri K. Fleidervis.<\/p>\n<p>Aikataulu:<\/p>\n<p>I. p\u00e4iv\u00e4 erikoisl\u00e4\u00e4k\u00e4rin arviointi Helsingin poliklinikkassa, osoitesi It\u00e4merenkatu 11, Helsinki (MedFIN).<br \/>\nVerikokeet otetaan tarvittaessa Tallinnan toimipisteessa, osoitesi Kaupmehe 4, Tallinna (Fertilitas).<br \/>\nII. p\u00e4iv\u00e4 ilmoittautuminen klo 8. Suonikohjujen <b>vaahtoruiskutushoito <\/b>Tallinnan leikkausosastolla. Osoitesi Kaluri tie 5a\u00a0(Fertilitas).<\/p>\n<p>Kotiutaminen klo 17-18, jos kaikki on ok.<\/p>\n<p>Ottakaa tukisukat mukaan (kompressiotaso 2 tai 150 DEN), kts.\u00a0<a href=\"http:\/\/www.sigvaris.fi\/\" target=\"_blank\">www.sigvaris.fi<\/a>.<br \/>\nT\u00e4ytyy olla sy\u00f6m\u00e4tt\u00e4 ja juomatta 6 tuntia ennen operaatiota.<\/p>\n<p>Ei saa otta verenohennusl\u00e4\u00e4keitt\u00e4 7 vrk ennen leikkausta (Marevan, Xarelta, Pradaxa, Primaspan, Disperin jms).<\/p>\n<p>Klinikkassa maksetaan pankki- tai luottokorttilla.<\/p>\n<p>Laivaliput Tallinnaan:<\/p>\n<p><a href=\"http:\/\/www.tallink.fi\/\" target=\"_blank\">www.tallink.fi<\/a><\/p>\n<p>Edullinen ja luotettava\u00a0taksi\u00a0Tallinnassa:<\/p>\n<p>Tallink takso 24<\/p>\n<p>Puhelin:\u00a0<a href=\"tel:%2B372%20640%208927\" target=\"_blank\">+372 640 8927<\/a><br \/>\nBussi 1A mene suoraan Viru keskuksesta Viimsi keskustaan (joissa sijaitsee kliniikka). Aikataulu l\u00f6ytyy t\u00e4\u00e4lt\u00e4:\u00a0\u00a0<a href=\"http:\/\/soiduplaan.tallinn.ee\/#bus\/en\" target=\"_blank\">http:\/\/soiduplaan.tallinn.ee\/#bus\/en<\/a><\/p>\n<p>Medimatkjoen puhelinnumerot\u00a0<a href=\"tel:%2B35844%20958%202709\" target=\"_blank\">+35844 958 2709<\/a>\u00a0tai\u00a0<a href=\"tel:%2B37256229400\" target=\"_blank\">+37256229400<\/a>.<\/p>\n<div><\/div>\n<p>Kustannukset:<\/p>\n<p>Suonikohjujen vaahtoruiskutushoito<\/p>\n<p>Vaahtoruiskutushoidon e-konsultaation maksu 76e.<\/p>\n<p>Verikokeet Tallinnan poliklinikkassa 45e &#8211; otetaan vain tarvittaessa.<\/p>\n<p>Pakettihinta 357e sis\u00e4lt\u00e4\u00e4:<\/p>\n<p>Hoitosopimuksen allekirjoittaminen ennen vaahtoruiskutusta 90e<\/p>\n<p>Suonikohjujen <b>vaahtoruiskutushoito <\/b>(1 jalka) 267e<\/p>\n<p><img loading=\"lazy\" decoding=\"async\" class=\"alignleft size-full wp-image-114\" src=\"http:\/\/www.mediresor.se\/wp-content\/uploads\/2015\/04\/vaahtoruiskutus-kuvat-ennen.jpg\" alt=\"vaahtoruiskutus-kuvat-ennen\" width=\"202\" height=\"269\" \/><img loading=\"lazy\" decoding=\"async\" class=\"alignleft size-medium wp-image-115\" src=\"http:\/\/www.mediresor.se\/wp-content\/uploads\/2015\/04\/vaahtoruiskutus-kuvat-j\u00e4lkeen-300x225.jpg\" alt=\"vaahtoruiskutus-kuvat-j\u00e4lkeen\" width=\"300\" height=\"225\" srcset=\"https:\/\/mediresor.se\/wp-content\/uploads\/2015\/04\/vaahtoruiskutus-kuvat-j\u00e4lkeen-300x225.jpg 300w, https:\/\/mediresor.se\/wp-content\/uploads\/2015\/04\/vaahtoruiskutus-kuvat-j\u00e4lkeen.jpg 303w\" sizes=\"auto, (max-width: 300px) 100vw, 300px\" \/><\/p>\n","protected":false},"excerpt":{"rendered":"<p>Lis\u00e4tiedot operaatiosta. Suonikohjujen vaahtoruiskutushoitoa suoritaa erikoisl\u00e4\u00e4k\u00e4ri K. Fleidervis. Aikataulu: I. p\u00e4iv\u00e4 erikoisl\u00e4\u00e4k\u00e4rin arviointi Helsingin poliklinikkassa, osoitesi It\u00e4merenkatu 11, Helsinki (MedFIN). Verikokeet otetaan tarvittaessa Tallinnan toimipisteessa, osoitesi Kaupmehe 4, Tallinna (Fertilitas). II. p\u00e4iv\u00e4 ilmoittautuminen klo 8. Suonikohjujen vaahtoruiskutushoito Tallinnan leikkausosastolla. Osoitesi Kaluri tie 5a\u00a0(Fertilitas). Kotiutaminen klo 17-18, jos kaikki on ok. Ottakaa tukisukat mukaan (kompressiotaso 2&hellip; <a class=\"read-more\" href=\"https:\/\/mediresor.se\/fi\/terveyspalvelut\/vaahtoruiskutushoito\/\">Read More<\/a><\/p>\n","protected":false},"author":1,"featured_media":0,"parent":9,"menu_order":0,"comment_status":"open","ping_status":"open","template":"page-rightsidebar2.php","meta":{"footnotes":""},"class_list":["post-113","page","type-page","status-publish","hentry"],"_links":{"self":[{"href":"https:\/\/mediresor.se\/fi\/wp-json\/wp\/v2\/pages\/113","targetHints":{"allow":["GET"]}}],"collection":[{"href":"https:\/\/mediresor.se\/fi\/wp-json\/wp\/v2\/pages"}],"about":[{"href":"https:\/\/mediresor.se\/fi\/wp-json\/wp\/v2\/types\/page"}],"author":[{"embeddable":true,"href":"https:\/\/mediresor.se\/fi\/wp-json\/wp\/v2\/users\/1"}],"replies":[{"embeddable":true,"href":"https:\/\/mediresor.se\/fi\/wp-json\/wp\/v2\/comments?post=113"}],"version-history":[{"count":1,"href":"https:\/\/mediresor.se\/fi\/wp-json\/wp\/v2\/pages\/113\/revisions"}],"predecessor-version":[{"id":116,"href":"https:\/\/mediresor.se\/fi\/wp-json\/wp\/v2\/pages\/113\/revisions\/116"}],"up":[{"embeddable":true,"href":"https:\/\/mediresor.se\/fi\/wp-json\/wp\/v2\/pages\/9"}],"wp:attachment":[{"href":"https:\/\/mediresor.se\/fi\/wp-json\/wp\/v2\/media?parent=113"}],"curies":[{"name":"wp","href":"https:\/\/api.w.org\/{rel}","templated":true}]}}