{"id":118,"date":"2015-04-26T21:07:12","date_gmt":"2015-04-26T20:07:12","guid":{"rendered":"http:\/\/www.mediresor.se\/?page_id=118"},"modified":"2015-04-27T15:42:42","modified_gmt":"2015-04-27T14:42:42","slug":"polven-tahystys","status":"publish","type":"page","link":"https:\/\/mediresor.se\/fi\/terveyspalvelut\/polven-tahystys\/","title":{"rendered":"Polven t\u00e4hystys"},"content":{"rendered":"<p>Lis\u00e4tiedot operaatiosta.<\/p>\n<p>Polven t\u00e4hystyksi\u00e4 suorittaa ortopedian erikoisl\u00e4\u00e4k\u00e4ri tri Kulak.<\/p>\n<p>E-konsultaation maksu114e.<br \/>\n<b>Polven t\u00e4hystys<\/b>\u00a0980e (tavallinen puhdistus) &#8211; 1200e (nivelkierukan korjaus).<\/p>\n<p>Aikataulu:<\/p>\n<p>I. p\u00e4iv\u00e4 erikoisl\u00e4\u00e4k\u00e4rin arviointi ja verikokeet Helsingin poliklinikkassa, osoitesi It\u00e4merenkatu 11, Helsinki (MedFIN).<\/p>\n<div>II. p\u00e4iv\u00e4 ilmoittautuminen klo 8.\u00a0<b>Polven t\u00e4hystys <\/b>Tallinnan\u00a0leikkausosastolla, osoitesi Kaluri tie 5a, Tallinna (Fertilitas).II p\u00e4iv\u00e4 Kotiutaminen klo 18-19, jos kaikki on ok.<\/p>\n<p>T\u00e4ytyy olla sy\u00f6m\u00e4tt\u00e4 ja juomatta 6 tuntia ennen operaatiota.<br \/>\nEi saa otta veriohennusl\u00e4\u00e4keitt\u00e4 7 vrk ennen leikkausta (Marevan, Xarelta, Pradaxa, Primaspan, Disperin jms).<\/p>\n<div>Klinikkassa maksetaan pankki- tai luottokorttilla.<\/div>\n<p>Laivaliput Tallinnaan:<\/p>\n<p><a href=\"http:\/\/www.tallink.fi\/\" target=\"_blank\">www.tallink.fi<\/a><\/p>\n<p>Edullinen ja luotettava\u00a0taksi\u00a0Tallinnassa:<\/p>\n<p>Tallink takso 24<\/p>\n<p>Puhelin:\u00a0<a href=\"tel:%2B372%20640%208927\" target=\"_blank\">+372 640 8927<\/a><br \/>\nMedimatkjoen puhelinnumerot\u00a0<a href=\"tel:%2B35844%20958%202709\" target=\"_blank\">+35844 958 2709<\/a>\u00a0tai\u00a0<a href=\"tel:%2B37256229400\" target=\"_blank\">+37256229400<\/a>.<\/p>\n<div><\/div>\n<div>Kustannukset:<\/div>\n<div>E-konsultaation maksu 114e.<\/div>\n<div>\n<p>Pakettihinta (980e) sis\u00e4lt\u00e4\u00e4:<\/p>\n<p>Erikoisl\u00e4\u00e4k\u00e4rin konsultaatio sek\u00e4 sopimuksen allekirjoitaminen ennen leikkausta (Helsingin toimipisteessa)<\/p>\n<p>Verikokeet Helsingin toimipisteessa<\/p>\n<p>Polven t\u00e4hystys ja puhdistus(1 jalka)<\/p>\n<\/div>\n<\/div>\n","protected":false},"excerpt":{"rendered":"<p>Lis\u00e4tiedot operaatiosta. Polven t\u00e4hystyksi\u00e4 suorittaa ortopedian erikoisl\u00e4\u00e4k\u00e4ri tri Kulak. E-konsultaation maksu114e. Polven t\u00e4hystys\u00a0980e (tavallinen puhdistus) &#8211; 1200e (nivelkierukan korjaus). Aikataulu: I. p\u00e4iv\u00e4 erikoisl\u00e4\u00e4k\u00e4rin arviointi ja verikokeet Helsingin poliklinikkassa, osoitesi It\u00e4merenkatu 11, Helsinki (MedFIN). II. p\u00e4iv\u00e4 ilmoittautuminen klo 8.\u00a0Polven t\u00e4hystys Tallinnan\u00a0leikkausosastolla, osoitesi Kaluri tie 5a, Tallinna (Fertilitas).II p\u00e4iv\u00e4 Kotiutaminen klo 18-19, jos kaikki on ok. T\u00e4ytyy&hellip; <a class=\"read-more\" href=\"https:\/\/mediresor.se\/fi\/terveyspalvelut\/polven-tahystys\/\">Read More<\/a><\/p>\n","protected":false},"author":1,"featured_media":0,"parent":9,"menu_order":0,"comment_status":"open","ping_status":"open","template":"page-rightsidebar2.php","meta":{"footnotes":""},"class_list":["post-118","page","type-page","status-publish","hentry"],"_links":{"self":[{"href":"https:\/\/mediresor.se\/fi\/wp-json\/wp\/v2\/pages\/118","targetHints":{"allow":["GET"]}}],"collection":[{"href":"https:\/\/mediresor.se\/fi\/wp-json\/wp\/v2\/pages"}],"about":[{"href":"https:\/\/mediresor.se\/fi\/wp-json\/wp\/v2\/types\/page"}],"author":[{"embeddable":true,"href":"https:\/\/mediresor.se\/fi\/wp-json\/wp\/v2\/users\/1"}],"replies":[{"embeddable":true,"href":"https:\/\/mediresor.se\/fi\/wp-json\/wp\/v2\/comments?post=118"}],"version-history":[{"count":2,"href":"https:\/\/mediresor.se\/fi\/wp-json\/wp\/v2\/pages\/118\/revisions"}],"predecessor-version":[{"id":155,"href":"https:\/\/mediresor.se\/fi\/wp-json\/wp\/v2\/pages\/118\/revisions\/155"}],"up":[{"embeddable":true,"href":"https:\/\/mediresor.se\/fi\/wp-json\/wp\/v2\/pages\/9"}],"wp:attachment":[{"href":"https:\/\/mediresor.se\/fi\/wp-json\/wp\/v2\/media?parent=118"}],"curies":[{"name":"wp","href":"https:\/\/api.w.org\/{rel}","templated":true}]}}