{"id":124,"date":"2015-04-26T21:09:23","date_gmt":"2015-04-26T20:09:23","guid":{"rendered":"http:\/\/www.mediresor.se\/?page_id=124"},"modified":"2015-04-27T15:42:11","modified_gmt":"2015-04-27T14:42:11","slug":"nivustyraleikkaus","status":"publish","type":"page","link":"https:\/\/mediresor.se\/fi\/terveyspalvelut\/nivustyraleikkaus\/","title":{"rendered":"Nivustyr\u00e4leikkaus"},"content":{"rendered":"<p>Lis\u00e4tiedot operaatiosta.<\/p>\n<p>Nivustyr\u00e4leikkauksi\u00e4 suorittaa kirurgian erikoisl\u00e4\u00e4k\u00e4ri K. Fleidervis.<\/p>\n<p>Aikataulu:<\/p>\n<p>I. p\u00e4iv\u00e4 erikoisl\u00e4\u00e4k\u00e4rin arviointi Helsingin poliklinikkassa, osoitesi It\u00e4merenkatu 11, Helsinki (MedFIN).<br \/>\nVerikokeet otetaan Tallinnan toimipisteessa, osoitesi Kaupmehe 4, Tallinna (Fertilitas).<\/p>\n<p>II. p\u00e4iv\u00e4 ilmoittautuminen\u00a0 klo 8.\u00a0<b>Nivusr\u00e4leikkaus\u00a0<\/b>Tallinnan\u00a0toimipisteessa, osoitesi Kaluri tie 5a, Tallinna (Fertilitas).<\/p>\n<p>III p\u00e4iv\u00e4 Kotiutaminen klo 10-12, jos kaikki on ok.<\/p>\n<p>T\u00e4ytyy olla sy\u00f6m\u00e4tt\u00e4 ja juomatta 6 tuntia ennen operaatiota.<\/p>\n<p>Ei saa otta veriohennusl\u00e4\u00e4keitt\u00e4 7 vrk ennen leikkausta (Marevan, Xarelta, Pradaxa, Primaspan, Disperin jms).<\/p>\n<p>Klinikkassa maksetaan pankki- tai luottokorttilla.<\/p>\n<p>Laivaliput Tallinnaan:<\/p>\n<p><a href=\"http:\/\/www.tallink.fi\/\" target=\"_blank\">www.tallink.fi<\/a><\/p>\n<p>Edullinen ja luotettava\u00a0taksi\u00a0Tallinnassa:<\/p>\n<p>Tallink takso 24<\/p>\n<p>Puhelin:\u00a0<a href=\"tel:%2B372%20640%208927\" target=\"_blank\">+372 640 8927<\/a><br \/>\nBussi 1A mene suoraan Viru keskuksesta Viimsi keskustaan (joissa sijaitsee kliniikka). Aikataulu l\u00f6ytyy t\u00e4\u00e4lt\u00e4:\u00a0\u00a0<a href=\"http:\/\/soiduplaan.tallinn.ee\/#bus\/en\" target=\"_blank\">http:\/\/soiduplaan.tallinn.ee\/#bus\/en<\/a><\/p>\n<p>Medimatkjoen puhelinnumerot\u00a0<a href=\"tel:%2B35844%20958%202709\" target=\"_blank\">+35844 958 2709<\/a>\u00a0tai\u00a0<a href=\"tel:%2B37256229400\" target=\"_blank\">+37256229400<\/a>.<\/p>\n<p>Kustannukset:<\/p>\n<p><b>Nivystyr\u00e4leikkaus<\/b><\/p>\n<p>E-konsultaation maksu 114e (Medimatkat)<\/p>\n<p>Pakettihinta sis\u00e4lt\u00e4\u00e4:<\/p>\n<p>Erikoisl\u00e4\u00e4k\u00e4rin konsultaatio sek\u00e4 sopimuksen allekirjoittaminen ennen leikkausta (Helsingin toimipisteessa)<\/p>\n<p>Verikokeet Tallinnan toimipisteessa<\/p>\n<p><b>Nivustyr\u00e4leikkaus <\/b><\/p>\n<p>Vuorokausi yksityisklniikan vuodeosastolla<\/p>\n","protected":false},"excerpt":{"rendered":"<p>Lis\u00e4tiedot operaatiosta. Nivustyr\u00e4leikkauksi\u00e4 suorittaa kirurgian erikoisl\u00e4\u00e4k\u00e4ri K. Fleidervis. Aikataulu: I. p\u00e4iv\u00e4 erikoisl\u00e4\u00e4k\u00e4rin arviointi Helsingin poliklinikkassa, osoitesi It\u00e4merenkatu 11, Helsinki (MedFIN). Verikokeet otetaan Tallinnan toimipisteessa, osoitesi Kaupmehe 4, Tallinna (Fertilitas). II. p\u00e4iv\u00e4 ilmoittautuminen\u00a0 klo 8.\u00a0Nivusr\u00e4leikkaus\u00a0Tallinnan\u00a0toimipisteessa, osoitesi Kaluri tie 5a, Tallinna (Fertilitas). III p\u00e4iv\u00e4 Kotiutaminen klo 10-12, jos kaikki on ok. T\u00e4ytyy olla sy\u00f6m\u00e4tt\u00e4 ja juomatta 6&hellip; <a class=\"read-more\" href=\"https:\/\/mediresor.se\/fi\/terveyspalvelut\/nivustyraleikkaus\/\">Read More<\/a><\/p>\n","protected":false},"author":1,"featured_media":0,"parent":9,"menu_order":0,"comment_status":"open","ping_status":"open","template":"page-rightsidebar2.php","meta":{"footnotes":""},"class_list":["post-124","page","type-page","status-publish","hentry"],"_links":{"self":[{"href":"https:\/\/mediresor.se\/fi\/wp-json\/wp\/v2\/pages\/124","targetHints":{"allow":["GET"]}}],"collection":[{"href":"https:\/\/mediresor.se\/fi\/wp-json\/wp\/v2\/pages"}],"about":[{"href":"https:\/\/mediresor.se\/fi\/wp-json\/wp\/v2\/types\/page"}],"author":[{"embeddable":true,"href":"https:\/\/mediresor.se\/fi\/wp-json\/wp\/v2\/users\/1"}],"replies":[{"embeddable":true,"href":"https:\/\/mediresor.se\/fi\/wp-json\/wp\/v2\/comments?post=124"}],"version-history":[{"count":1,"href":"https:\/\/mediresor.se\/fi\/wp-json\/wp\/v2\/pages\/124\/revisions"}],"predecessor-version":[{"id":125,"href":"https:\/\/mediresor.se\/fi\/wp-json\/wp\/v2\/pages\/124\/revisions\/125"}],"up":[{"embeddable":true,"href":"https:\/\/mediresor.se\/fi\/wp-json\/wp\/v2\/pages\/9"}],"wp:attachment":[{"href":"https:\/\/mediresor.se\/fi\/wp-json\/wp\/v2\/media?parent=124"}],"curies":[{"name":"wp","href":"https:\/\/api.w.org\/{rel}","templated":true}]}}