{"id":133,"date":"2015-04-26T21:12:37","date_gmt":"2015-04-26T20:12:37","guid":{"rendered":"http:\/\/www.mediresor.se\/?page_id=133"},"modified":"2015-04-27T15:40:56","modified_gmt":"2015-04-27T14:40:56","slug":"kohdunpoisto","status":"publish","type":"page","link":"https:\/\/mediresor.se\/fi\/terveyspalvelut\/kohdunpoisto\/","title":{"rendered":"Kohdunpoisto"},"content":{"rendered":"<p>Lis\u00e4tiedot operaatiosta.<\/p>\n<p><b>Kohdunpoistoa\u00a0<\/b>suorittaa erikoisl\u00e4\u00e4k\u00e4ri A. Doba yksityiskliniikkan Fertilitas tiloissa.<\/p>\n<p>Aikataulu:<\/p>\n<p>I. p\u00e4iv\u00e4 klo 10-13\u00a0 gynekologian erikoisl\u00e4\u00e4k\u00e4ri (A. Doba).\u00a0Osoitesi Tammsaare tie 47, Yksityiskliniikka Fertilitas.<br \/>\nII. p\u00e4iv\u00e4 ilmoittautuminen\u00a0 klo 8 <b>kohdunpoisto <\/b>kliiniikkassa Fertilitas, osoitesi Kaluri tie 5a.<\/p>\n<p>IIII.-IV. p\u00e4iv\u00e4 Kotiutaminen klo 10-12, jos potilaan vointi on hyv\u00e4.<\/p>\n<p>Tarvitteko majoituksen kliniikkassa I\/II p\u00e4iv\u00e4ksi? Tuleeko saattaja y\u00f6pym\u00e4\u00e4n mukaan?<\/p>\n<p>T\u00e4ytyy olla sy\u00f6m\u00e4tt\u00e4 ja juomatta 6 tuntia ennen operaatiota.<\/p>\n<p>Ei saa otta veriohennusl\u00e4\u00e4keitt\u00e4 7 vrk ennen leikkausta (Marevan, Xarelta, Pradaxa, Primaspan, Disperin jms).<\/p>\n<p>Laskut maksettavat kliniikkoissa paikan p\u00e4\u00e4ll\u00e4 pankki- tai luottokorttilla, paitsi ajanvarauksen lasku on maksettava verkkopankkissa.<\/p>\n<p>Laivaliput Tallinnaan:<\/p>\n<p><a href=\"http:\/\/www.tallink.fi\/\" target=\"_blank\">www.tallink.fi<\/a><\/p>\n<p>Edullinen ja luotettava\u00a0taksi\u00a0Tallinnassa:<\/p>\n<p>Tallink takso 24<\/p>\n<p>Puhelin:\u00a0<a href=\"tel:%2B372%20640%208927\" target=\"_blank\">+372 640 8927<\/a><br \/>\nBussi 1A mene suoraan Viru keskuksesta Viimsi keskustaan (joissa sijaitsee kliniikka). Aikataulu l\u00f6ytyy t\u00e4\u00e4lt\u00e4:\u00a0 <a href=\"http:\/\/soiduplaan.tallinn.ee\/#bus\/en\" target=\"_blank\">http:\/\/soiduplaan.tallinn.ee\/#bus\/en<\/a><\/p>\n<p>Medimatkjoen puhelinnumerot\u00a0<a href=\"tel:%2B35844%20958%202709\" target=\"_blank\">+35844 958 2709<\/a>\u00a0tai\u00a0<a href=\"tel:%2B37256229400\" target=\"_blank\">+37256229400<\/a>.<\/p>\n<p>Kustannukset:<br \/>\n&#8211; E-konsultaation maksu 114e<br \/>\n&#8211; Erikoisl\u00e4\u00e4k\u00e4rin arviointi ja perustutkimukset<br \/>\n&#8211; Verikokeet<br \/>\n<b>&#8211; Kohdunpoisto<\/b><br \/>\n&#8211; Vuorokausi vuodeosastolla<\/p>\n","protected":false},"excerpt":{"rendered":"<p>Lis\u00e4tiedot operaatiosta. Kohdunpoistoa\u00a0suorittaa erikoisl\u00e4\u00e4k\u00e4ri A. Doba yksityiskliniikkan Fertilitas tiloissa. Aikataulu: I. p\u00e4iv\u00e4 klo 10-13\u00a0 gynekologian erikoisl\u00e4\u00e4k\u00e4ri (A. Doba).\u00a0Osoitesi Tammsaare tie 47, Yksityiskliniikka Fertilitas. II. p\u00e4iv\u00e4 ilmoittautuminen\u00a0 klo 8 kohdunpoisto kliiniikkassa Fertilitas, osoitesi Kaluri tie 5a. IIII.-IV. p\u00e4iv\u00e4 Kotiutaminen klo 10-12, jos potilaan vointi on hyv\u00e4. Tarvitteko majoituksen kliniikkassa I\/II p\u00e4iv\u00e4ksi? Tuleeko saattaja y\u00f6pym\u00e4\u00e4n mukaan? T\u00e4ytyy&hellip; <a class=\"read-more\" href=\"https:\/\/mediresor.se\/fi\/terveyspalvelut\/kohdunpoisto\/\">Read More<\/a><\/p>\n","protected":false},"author":1,"featured_media":0,"parent":9,"menu_order":0,"comment_status":"open","ping_status":"open","template":"page-rightsidebar2.php","meta":{"footnotes":""},"class_list":["post-133","page","type-page","status-publish","hentry"],"_links":{"self":[{"href":"https:\/\/mediresor.se\/fi\/wp-json\/wp\/v2\/pages\/133","targetHints":{"allow":["GET"]}}],"collection":[{"href":"https:\/\/mediresor.se\/fi\/wp-json\/wp\/v2\/pages"}],"about":[{"href":"https:\/\/mediresor.se\/fi\/wp-json\/wp\/v2\/types\/page"}],"author":[{"embeddable":true,"href":"https:\/\/mediresor.se\/fi\/wp-json\/wp\/v2\/users\/1"}],"replies":[{"embeddable":true,"href":"https:\/\/mediresor.se\/fi\/wp-json\/wp\/v2\/comments?post=133"}],"version-history":[{"count":1,"href":"https:\/\/mediresor.se\/fi\/wp-json\/wp\/v2\/pages\/133\/revisions"}],"predecessor-version":[{"id":134,"href":"https:\/\/mediresor.se\/fi\/wp-json\/wp\/v2\/pages\/133\/revisions\/134"}],"up":[{"embeddable":true,"href":"https:\/\/mediresor.se\/fi\/wp-json\/wp\/v2\/pages\/9"}],"wp:attachment":[{"href":"https:\/\/mediresor.se\/fi\/wp-json\/wp\/v2\/media?parent=133"}],"curies":[{"name":"wp","href":"https:\/\/api.w.org\/{rel}","templated":true}]}}