{"id":136,"date":"2015-04-26T21:13:21","date_gmt":"2015-04-26T20:13:21","guid":{"rendered":"http:\/\/www.mediresor.se\/?page_id=136"},"modified":"2015-04-27T15:42:27","modified_gmt":"2015-04-27T14:42:27","slug":"perapukamaleikkaus","status":"publish","type":"page","link":"https:\/\/mediresor.se\/fi\/terveyspalvelut\/perapukamaleikkaus\/","title":{"rendered":"Per\u00e4pukamaleikkaus"},"content":{"rendered":"<p>Lis\u00e4tiedot:\u00a0<b>per\u00e4pukamaleikkaus.<\/b><\/p>\n<p><b>Per\u00e4pukamien leikkauksi\u00e4<\/b> suoritaa erikoisl\u00e4\u00e4k\u00e4ri K. Fleidervis yksityiskliniikkan Fertilitas tiloissa.<\/p>\n<p>Aikataulu:<\/p>\n<p>I. p\u00e4iv\u00e4 klo 10:30-11 verikokeisiin polikliniikka Fertilitas, osoitesi Kaupmehe 4, Tallinna.<br \/>\nI. p\u00e4iv\u00e4 klo 16-18 erikoisl\u00e4\u00e4k\u00e4rin vastaanotolle polikliniikka Fertilitas, osoitesi Kaupmehe 4.<br \/>\nI. p\u00e4iv\u00e4 ilmoittautuminen\u00a0 klo 19 suolen tyhjennyksen varten kliniikkaan Fertilitas, osoitesi Kaluri tie 5a.<br \/>\nII. p\u00e4iv\u00e4 <b>per\u00e4pukamaleikkaus<\/b>.<\/p>\n<p>III p\u00e4iv\u00e4 kotiutaminen klo 10-12, jos potilaan vointi on hyv\u00e4.<\/p>\n<p>Kustannukset:<br \/>\nE-konsultaation maksu 114e<br \/>\nVerikokeet 45e<br \/>\nErikoisl\u00e4\u00e4k\u00e4rin arviointi ja sopimusten allekirjoitaminen 150e<br \/>\n<b>Per\u00e4pukamaleikkaus <\/b>stappler tekniikkalla (PPH) 748e<br \/>\nVuorokausi vuodeosastolla (kahden hengen huone) 150e.<\/p>\n<p>T\u00e4ytyy olla sy\u00f6m\u00e4tt\u00e4 ja juomatta 6 tuntia ennen operaatiota.<\/p>\n<p>Ei saa otta veriohennusl\u00e4\u00e4keitt\u00e4 7 vrk ennen leikkausta (Marevan, Xarelta, Pradaxa, Primaspan, Disperin jms).<\/p>\n<p>Kliniikkan lasku on maksettava kliniikkassa pankki- tai luottokorttilla, ajanvarauksen lasku on maksettava verkkopankkissa.<\/p>\n<p>Laivaliput Tallinnaan:<\/p>\n<p><a href=\"http:\/\/www.tallink.fi\/\" target=\"_blank\">www.tallink.fi<\/a><\/p>\n<p>Edullinen ja luotettava\u00a0taksi\u00a0Tallinnassa:<\/p>\n<p>Tallink takso 24<\/p>\n<p>Puhelin:\u00a0<a href=\"tel:%2B372%20640%208927\" target=\"_blank\">+372 640 8927<\/a><br \/>\nBussi 1A mene suoraan Viru keskuksesta Viimsi keskustaan (joissa sijaitsee kliniikka). Aikataulu l\u00f6ytyy t\u00e4\u00e4lt\u00e4:\u00a0 <a href=\"http:\/\/soiduplaan.tallinn.ee\/#bus\/en\" target=\"_blank\">http:\/\/soiduplaan.tallinn.ee\/#bus\/en<\/a><\/p>\n<p>Medimatkjoen puhelinnumerot\u00a0<a href=\"tel:%2B35844%20958%202709\" target=\"_blank\">+35844 958 2709<\/a>\u00a0tai\u00a0<a href=\"tel:%2B37256229400\" target=\"_blank\">+37256229400<\/a>.<\/p>\n<div>\n<table border=\"1\" cellspacing=\"0\" cellpadding=\"0\">\n<thead>\n<tr>\n<td>Operaatio<\/td>\n<td>Hinta kokonaisuudessa<\/td>\n<td>Hinta osamaksulla (12 kk)<\/td>\n<\/tr>\n<\/thead>\n<tbody>\n<tr>\n<td><b>Per\u00e4pukamaleikkaus<\/b><\/td>\n<td>834\u20ac<\/td>\n<td>84 \u20ac\/kk<\/td>\n<\/tr>\n<\/tbody>\n<\/table>\n<\/div>\n<p>&nbsp;<\/p>\n","protected":false},"excerpt":{"rendered":"<p>Lis\u00e4tiedot:\u00a0per\u00e4pukamaleikkaus. Per\u00e4pukamien leikkauksi\u00e4 suoritaa erikoisl\u00e4\u00e4k\u00e4ri K. Fleidervis yksityiskliniikkan Fertilitas tiloissa. Aikataulu: I. p\u00e4iv\u00e4 klo 10:30-11 verikokeisiin polikliniikka Fertilitas, osoitesi Kaupmehe 4, Tallinna. I. p\u00e4iv\u00e4 klo 16-18 erikoisl\u00e4\u00e4k\u00e4rin vastaanotolle polikliniikka Fertilitas, osoitesi Kaupmehe 4. I. p\u00e4iv\u00e4 ilmoittautuminen\u00a0 klo 19 suolen tyhjennyksen varten kliniikkaan Fertilitas, osoitesi Kaluri tie 5a. II. p\u00e4iv\u00e4 per\u00e4pukamaleikkaus. III p\u00e4iv\u00e4 kotiutaminen klo 10-12,&hellip; <a class=\"read-more\" href=\"https:\/\/mediresor.se\/fi\/terveyspalvelut\/perapukamaleikkaus\/\">Read More<\/a><\/p>\n","protected":false},"author":1,"featured_media":0,"parent":9,"menu_order":0,"comment_status":"open","ping_status":"open","template":"page-rightsidebar2.php","meta":{"footnotes":""},"class_list":["post-136","page","type-page","status-publish","hentry"],"_links":{"self":[{"href":"https:\/\/mediresor.se\/fi\/wp-json\/wp\/v2\/pages\/136","targetHints":{"allow":["GET"]}}],"collection":[{"href":"https:\/\/mediresor.se\/fi\/wp-json\/wp\/v2\/pages"}],"about":[{"href":"https:\/\/mediresor.se\/fi\/wp-json\/wp\/v2\/types\/page"}],"author":[{"embeddable":true,"href":"https:\/\/mediresor.se\/fi\/wp-json\/wp\/v2\/users\/1"}],"replies":[{"embeddable":true,"href":"https:\/\/mediresor.se\/fi\/wp-json\/wp\/v2\/comments?post=136"}],"version-history":[{"count":1,"href":"https:\/\/mediresor.se\/fi\/wp-json\/wp\/v2\/pages\/136\/revisions"}],"predecessor-version":[{"id":137,"href":"https:\/\/mediresor.se\/fi\/wp-json\/wp\/v2\/pages\/136\/revisions\/137"}],"up":[{"embeddable":true,"href":"https:\/\/mediresor.se\/fi\/wp-json\/wp\/v2\/pages\/9"}],"wp:attachment":[{"href":"https:\/\/mediresor.se\/fi\/wp-json\/wp\/v2\/media?parent=136"}],"curies":[{"name":"wp","href":"https:\/\/api.w.org\/{rel}","templated":true}]}}