{"id":142,"date":"2015-04-26T21:15:07","date_gmt":"2015-04-26T20:15:07","guid":{"rendered":"http:\/\/www.mediresor.se\/?page_id=142"},"modified":"2015-04-27T15:43:50","modified_gmt":"2015-04-27T14:43:50","slug":"suonikohjut","status":"publish","type":"page","link":"https:\/\/mediresor.se\/fi\/terveyspalvelut\/suonikohjut\/","title":{"rendered":"Suonikohjut"},"content":{"rendered":"<p><b>Suonikohju ei katso ik\u00e4\u00e4<\/b><\/p>\n<p>Pohkeessa tai reidess\u00e4 mutkittelevia ja koholla olevia verisuonia kutsutaan suonikohjuiksi. Niit\u00e4 on jopa kolmellakymmenell\u00e4 prosentilla v\u00e4est\u00f6st\u00e4.<\/p>\n<p>Suonikohjut johtuvat laskimoiden vajaatoiminnasta. Terveiss\u00e4 jaloissa laskimoveri virtaa kohti syd\u00e4nt\u00e4. Vajaatoiminnasta k\u00e4rsiviss\u00e4 laskimoissa veren kulkua ohjaavat l\u00e4p\u00e4t ovat l\u00f6ystyneet ja veri p\u00e4\u00e4see virtaamaan my\u00f6s takaisinp\u00e4in. Samalla paine laskimoissa nousee ja osa laskimoista venyy. Iholle syntyy mutkitteleva, sinert\u00e4v\u00e4 ja pullisteleva suonikohju.<\/p>\n<p>Esteettisen haitan lis\u00e4ksi suonikohju voi aiheuttaa jalkaan kipua, kutinaa, paineen tunnetta ja turvotusta.<\/p>\n<ul>\n<li>Suonikohjut ovat naisilla hieman yleisempi\u00e4 kuin miehill\u00e4. Niille altistavat perim\u00e4n lis\u00e4ksi muun muassa ik\u00e4, ylipaino ja raskauteen liittyv\u00e4t hormonaaliset muutokset, kertoo yleis- ja gastrokirurgian erikoisl\u00e4\u00e4k\u00e4ri <b>Konstantin Fleidervis.<\/b><\/li>\n<\/ul>\n<p><b>Nopeasti hoitoon<\/b><\/p>\n<p>Kunnallisessa terveydenhoidossa hoitoon p\u00e4\u00e4seminen edellytt\u00e4\u00e4, ett\u00e4 suonikohjuista on selkeit\u00e4 terveydellisi\u00e4 ongelmia. My\u00f6s jonotusajat saattavat olla pitki\u00e4. Yksityisell\u00e4 sektorilla suonikohju voidaan hoitaa heti ja pelk\u00e4st\u00e4\u00e4n ulkon\u00e4\u00f6llisist\u00e4 syist\u00e4.<\/p>\n<p>Suonikohjuja voidaan hoitaa muun muassa vaahtoruiskutus- eli kovetushoidolla, radiotaajuus- ja laserkatetrihoidolla tai perinteisell\u00e4 leikkauksella. Hoidoksi valitaan parhaiten soveltuva menetelm\u00e4 potilaan tilanteen ja tehtyjen tutkimusten mukaan.<\/p>\n<ul>\n<li>Vaahtoruiskutushoidon j\u00e4lkeen potilas on ty\u00f6kykyinen jo seuraavana p\u00e4iv\u00e4n\u00e4. Leikkauksen j\u00e4lkeen sairauslomaa tarvitsee istumaty\u00f6st\u00e4 viikon ja fyysisesti rasittavasta ty\u00f6st\u00e4 kaksi viikkoa. Tukisukkia pidet\u00e4\u00e4n molempien leikkausten j\u00e4lkeen ymp\u00e4ri vuorokauden l\u00e4\u00e4k\u00e4rin m\u00e4\u00e4r\u00e4\u00e4m\u00e4n ajan. Tukisukat ovat my\u00f6s hyv\u00e4 keino ennaltaehk\u00e4ist\u00e4 suonikohjuja, etenkin jos niihin on sukurasitetta, Fleidervis ohjeistaa.<\/li>\n<\/ul>\n<p>TARU SCHRODERUS<\/p>\n","protected":false},"excerpt":{"rendered":"<p>Suonikohju ei katso ik\u00e4\u00e4 Pohkeessa tai reidess\u00e4 mutkittelevia ja koholla olevia verisuonia kutsutaan suonikohjuiksi. Niit\u00e4 on jopa kolmellakymmenell\u00e4 prosentilla v\u00e4est\u00f6st\u00e4. Suonikohjut johtuvat laskimoiden vajaatoiminnasta. Terveiss\u00e4 jaloissa laskimoveri virtaa kohti syd\u00e4nt\u00e4. Vajaatoiminnasta k\u00e4rsiviss\u00e4 laskimoissa veren kulkua ohjaavat l\u00e4p\u00e4t ovat l\u00f6ystyneet ja veri p\u00e4\u00e4see virtaamaan my\u00f6s takaisinp\u00e4in. Samalla paine laskimoissa nousee ja osa laskimoista venyy. Iholle syntyy&hellip; <a class=\"read-more\" href=\"https:\/\/mediresor.se\/fi\/terveyspalvelut\/suonikohjut\/\">Read More<\/a><\/p>\n","protected":false},"author":1,"featured_media":0,"parent":9,"menu_order":0,"comment_status":"open","ping_status":"open","template":"page-rightsidebar2.php","meta":{"footnotes":""},"class_list":["post-142","page","type-page","status-publish","hentry"],"_links":{"self":[{"href":"https:\/\/mediresor.se\/fi\/wp-json\/wp\/v2\/pages\/142","targetHints":{"allow":["GET"]}}],"collection":[{"href":"https:\/\/mediresor.se\/fi\/wp-json\/wp\/v2\/pages"}],"about":[{"href":"https:\/\/mediresor.se\/fi\/wp-json\/wp\/v2\/types\/page"}],"author":[{"embeddable":true,"href":"https:\/\/mediresor.se\/fi\/wp-json\/wp\/v2\/users\/1"}],"replies":[{"embeddable":true,"href":"https:\/\/mediresor.se\/fi\/wp-json\/wp\/v2\/comments?post=142"}],"version-history":[{"count":1,"href":"https:\/\/mediresor.se\/fi\/wp-json\/wp\/v2\/pages\/142\/revisions"}],"predecessor-version":[{"id":143,"href":"https:\/\/mediresor.se\/fi\/wp-json\/wp\/v2\/pages\/142\/revisions\/143"}],"up":[{"embeddable":true,"href":"https:\/\/mediresor.se\/fi\/wp-json\/wp\/v2\/pages\/9"}],"wp:attachment":[{"href":"https:\/\/mediresor.se\/fi\/wp-json\/wp\/v2\/media?parent=142"}],"curies":[{"name":"wp","href":"https:\/\/api.w.org\/{rel}","templated":true}]}}