{"id":16,"date":"2015-04-24T21:04:48","date_gmt":"2015-04-24T20:04:48","guid":{"rendered":"http:\/\/www.mediresor.se\/?page_id=16"},"modified":"2015-06-10T13:05:08","modified_gmt":"2015-06-10T12:05:08","slug":"klinikkasta","status":"publish","type":"page","link":"https:\/\/mediresor.se\/fi\/klinikkasta\/","title":{"rendered":"Klinikkasta"},"content":{"rendered":"<p>Yksityisklinikka Fertilitas, joissa suoritetaan plastiikkakirurgisi\u00e4, gynekologisi\u00e4 ja yleiskirurgisi\u00e4 toimeenpiteit\u00e4.<\/p>\n\n\t\t<style type=\"text\/css\">\n\t\t\t#gallery-1 {\n\t\t\t\tmargin: auto;\n\t\t\t}\n\t\t\t#gallery-1 .gallery-item {\n\t\t\t\tfloat: left;\n\t\t\t\tmargin-top: 10px;\n\t\t\t\ttext-align: center;\n\t\t\t\twidth: 33%;\n\t\t\t}\n\t\t\t#gallery-1 img {\n\t\t\t\tborder: 2px solid #cfcfcf;\n\t\t\t}\n\t\t\t#gallery-1 .gallery-caption {\n\t\t\t\tmargin-left: 0;\n\t\t\t}\n\t\t\t\/* see gallery_shortcode() in wp-includes\/media.php *\/\n\t\t<\/style>\n\t\t<div id='gallery-1' class='gallery galleryid-16 gallery-columns-3 gallery-size-thumbnail'><dl class='gallery-item'>\n\t\t\t<dt class='gallery-icon landscape'>\n\t\t\t\t<a href='https:\/\/mediresor.se\/wp-content\/uploads\/2015\/04\/DSC04259.jpg'><img loading=\"lazy\" decoding=\"async\" width=\"200\" height=\"160\" src=\"https:\/\/mediresor.se\/wp-content\/uploads\/2015\/04\/DSC04259-200x160.jpg\" class=\"attachment-thumbnail size-thumbnail\" alt=\"\" \/><\/a>\n\t\t\t<\/dt><\/dl><dl class='gallery-item'>\n\t\t\t<dt class='gallery-icon landscape'>\n\t\t\t\t<a href='https:\/\/mediresor.se\/wp-content\/uploads\/2015\/04\/DSC04260.jpg'><img loading=\"lazy\" decoding=\"async\" width=\"200\" height=\"160\" src=\"https:\/\/mediresor.se\/wp-content\/uploads\/2015\/04\/DSC04260-200x160.jpg\" class=\"attachment-thumbnail size-thumbnail\" alt=\"\" \/><\/a>\n\t\t\t<\/dt><\/dl><dl class='gallery-item'>\n\t\t\t<dt class='gallery-icon landscape'>\n\t\t\t\t<a href='https:\/\/mediresor.se\/wp-content\/uploads\/2015\/04\/DSC04269.jpg'><img loading=\"lazy\" decoding=\"async\" width=\"200\" height=\"160\" src=\"https:\/\/mediresor.se\/wp-content\/uploads\/2015\/04\/DSC04269-200x160.jpg\" class=\"attachment-thumbnail size-thumbnail\" alt=\"\" \/><\/a>\n\t\t\t<\/dt><\/dl><br style=\"clear: both\" \/><dl class='gallery-item'>\n\t\t\t<dt class='gallery-icon landscape'>\n\t\t\t\t<a href='https:\/\/mediresor.se\/wp-content\/uploads\/2015\/04\/DSC04275.jpg'><img loading=\"lazy\" decoding=\"async\" width=\"200\" height=\"160\" src=\"https:\/\/mediresor.se\/wp-content\/uploads\/2015\/04\/DSC04275-200x160.jpg\" class=\"attachment-thumbnail size-thumbnail\" alt=\"\" \/><\/a>\n\t\t\t<\/dt><\/dl><dl class='gallery-item'>\n\t\t\t<dt class='gallery-icon landscape'>\n\t\t\t\t<a href='https:\/\/mediresor.se\/wp-content\/uploads\/2015\/04\/DSC04277.jpg'><img loading=\"lazy\" decoding=\"async\" width=\"200\" height=\"160\" src=\"https:\/\/mediresor.se\/wp-content\/uploads\/2015\/04\/DSC04277-200x160.jpg\" class=\"attachment-thumbnail size-thumbnail\" alt=\"\" \/><\/a>\n\t\t\t<\/dt><\/dl><dl class='gallery-item'>\n\t\t\t<dt class='gallery-icon landscape'>\n\t\t\t\t<a href='https:\/\/mediresor.se\/wp-content\/uploads\/2015\/04\/DSC04285.jpg'><img loading=\"lazy\" decoding=\"async\" width=\"200\" height=\"160\" src=\"https:\/\/mediresor.se\/wp-content\/uploads\/2015\/04\/DSC04285-200x160.jpg\" class=\"attachment-thumbnail size-thumbnail\" alt=\"\" \/><\/a>\n\t\t\t<\/dt><\/dl><br style=\"clear: both\" \/><dl class='gallery-item'>\n\t\t\t<dt class='gallery-icon landscape'>\n\t\t\t\t<a href='https:\/\/mediresor.se\/wp-content\/uploads\/2015\/04\/DSC04292.jpg'><img loading=\"lazy\" decoding=\"async\" width=\"200\" height=\"160\" src=\"https:\/\/mediresor.se\/wp-content\/uploads\/2015\/04\/DSC04292-200x160.jpg\" class=\"attachment-thumbnail size-thumbnail\" alt=\"\" \/><\/a>\n\t\t\t<\/dt><\/dl><dl class='gallery-item'>\n\t\t\t<dt class='gallery-icon landscape'>\n\t\t\t\t<a href='https:\/\/mediresor.se\/wp-content\/uploads\/2015\/04\/DSC04294.jpg'><img loading=\"lazy\" decoding=\"async\" width=\"200\" height=\"160\" src=\"https:\/\/mediresor.se\/wp-content\/uploads\/2015\/04\/DSC04294-200x160.jpg\" class=\"attachment-thumbnail size-thumbnail\" alt=\"\" \/><\/a>\n\t\t\t<\/dt><\/dl>\n\t\t\t<br style='clear: both' \/>\n\t\t<\/div>\n\n","protected":false},"excerpt":{"rendered":"<p>Yksityisklinikka Fertilitas, joissa suoritetaan plastiikkakirurgisi\u00e4, gynekologisi\u00e4 ja yleiskirurgisi\u00e4 toimeenpiteit\u00e4.&hellip; <a class=\"read-more\" href=\"https:\/\/mediresor.se\/fi\/klinikkasta\/\">Read More<\/a><\/p>\n","protected":false},"author":1,"featured_media":0,"parent":0,"menu_order":0,"comment_status":"open","ping_status":"closed","template":"page-rightsidebar2.php","meta":{"footnotes":""},"class_list":["post-16","page","type-page","status-publish","hentry"],"_links":{"self":[{"href":"https:\/\/mediresor.se\/fi\/wp-json\/wp\/v2\/pages\/16","targetHints":{"allow":["GET"]}}],"collection":[{"href":"https:\/\/mediresor.se\/fi\/wp-json\/wp\/v2\/pages"}],"about":[{"href":"https:\/\/mediresor.se\/fi\/wp-json\/wp\/v2\/types\/page"}],"author":[{"embeddable":true,"href":"https:\/\/mediresor.se\/fi\/wp-json\/wp\/v2\/users\/1"}],"replies":[{"embeddable":true,"href":"https:\/\/mediresor.se\/fi\/wp-json\/wp\/v2\/comments?post=16"}],"version-history":[{"count":4,"href":"https:\/\/mediresor.se\/fi\/wp-json\/wp\/v2\/pages\/16\/revisions"}],"predecessor-version":[{"id":72,"href":"https:\/\/mediresor.se\/fi\/wp-json\/wp\/v2\/pages\/16\/revisions\/72"}],"wp:attachment":[{"href":"https:\/\/mediresor.se\/fi\/wp-json\/wp\/v2\/media?parent=16"}],"curies":[{"name":"wp","href":"https:\/\/api.w.org\/{rel}","templated":true}]}}