{"id":18,"date":"2015-04-24T21:04:57","date_gmt":"2015-04-24T20:04:57","guid":{"rendered":"http:\/\/www.mediresor.se\/?page_id=18"},"modified":"2015-04-26T14:30:17","modified_gmt":"2015-04-26T13:30:17","slug":"kela-korvaus","status":"publish","type":"page","link":"https:\/\/mediresor.se\/fi\/kela-korvaus\/","title":{"rendered":"KELA korvaus"},"content":{"rendered":"<div align=\"justify\"><span style=\"font-size: medium;\"><b>KELA\u00a0korvaus on haettava k\u00e4lkik\u00e4teen.<br \/>\n<\/b>Korvaus on haettava erikoisl\u00e4\u00e4k\u00e4rin l\u00e4heteen (magneettikuvaus) tai potilaan kertomustekstin (leikkaus), klinikkan laskun ja ja lomakkeen <a href=\"http:\/\/www.google.ee\/url?sa=t&amp;rct=j&amp;q=&amp;esrc=s&amp;source=web&amp;cd=1&amp;cad=rja&amp;uact=8&amp;ved=0CCEQFjAA&amp;url=http%3A%2F%2Flomake.kansanelakelaitos.fi%2Fkela%2Fkela.fi%2Ffi%2Ftiedostot%2F47147%2FSV128_W.pdf&amp;ei=0_gTVOidDqfQ7Abu8oDoDA&amp;usg=AFQjCNG9J387kzYKtwxb7YeU5PVlPnsm1A&amp;sig2=iayrfWULhQMqC4_KZ5a4KA&amp;bvm=bv.75097201,d.ZGU\">SV128 <\/a>perusteella.<b><\/p>\n<p><\/b><\/span><\/div>\n<div align=\"justify\"><span style=\"font-size: medium;\"><b>&#8212; Sosiali ja Terveysministeri\u00f6:<\/b><\/p>\n<p>&#8221;<\/span><span style=\"font-size: large;\"><br \/>\nPotilasdirektiivi (Rajat ylitt\u00e4v\u00e4 terveydenhuolto)<\/span><\/p>\n<p>Potilasdirektiivi vahvistaa potilaan oikeuksia ja edellytyksi\u00e4 saada hoitoa toisessa j\u00e4senvaltiossa. Direktiivi hyv\u00e4ksyttiin EU:n neuvostossa 28.2.2011, ja se tuli voimaan 24.4.2011. J\u00e4senmailla on 30 kuukautta aikaa siirt\u00e4\u00e4 direktiivi osaksi kansallista lains\u00e4\u00e4d\u00e4nt\u00f6\u00e4\u00e4n.<\/p>\n<p><a href=\"http:\/\/www.stm.fi\/c\/document_library\/get_file?folderId=42734&amp;name=DLFE-15566.pdf\">Potilaiden oikeuksien soveltamisesta rajat ylitt\u00e4v\u00e4ss\u00e4 terveydenhuollossa annettu EU-direktiivi (ns. potilasdirektiivi 2011\/24\/EU) (pdf)<\/a><\/p>\n<p>Direktiivin l\u00e4ht\u00f6kohtana on, ett\u00e4 potilas saa hakea vapaasti terveyspalveluja toisesta EU- tai Eta-valtiosta ja Sveitsist\u00e4. Hoitoa saa toisessa j\u00e4senmaassa samoin perustein kuin vastaavaa hoitoa kotimaassa.<\/p>\n<p>P\u00e4\u00e4vastuu terveyspalvelujen j\u00e4rjest\u00e4misest\u00e4 s\u00e4ilyy edelleen potilaan kotimaalla. Jos henkil\u00f6 kuitenkin matkustaa toiseen j\u00e4senvaltioon hoitoon, h\u00e4nen sairaanhoitokustannuksistaan vastuussa olevan valtion tulisi korvata hoitokustannukset potilaalle v\u00e4hint\u00e4\u00e4n sen suuruisina kuin ne olisivat olleet kyseisess\u00e4 valtiossa. Korvauksen saanti edellytt\u00e4\u00e4, ett\u00e4 hoito ylip\u00e4\u00e4t\u00e4\u00e4n kuuluu kustannuksista vastuussa olevan valtion lakis\u00e4\u00e4teisen terveydenhuollon piiriin. &#8230;&#8221;<\/p>\n<p>Osoite: http:\/\/www.stm.fi\/potilasdirektiivi<\/p>\n<\/div>\n<p><b><span style=\"font-size: medium;\">&#8212; Helsingin sanomat (J<\/span>uha Tuominen, 18.7.12<\/b><span style=\"font-size: medium;\"><b>)<\/b><\/p>\n<p>&#8221;<\/span><\/p>\n<p align=\"justify\">Jokaisella potilaalla on oikeus riitt\u00e4v\u00e4n nopeaan, oikea-aikaiseen ja laadukkaaseen terveydenhoitoon. Jotta oikeus toteutuisi, terveydenhuollon palveluita k\u00e4ytt\u00e4vill\u00e4 kansalaisilla tulisi olla vapaus valita, mihin he hakeutuvat hoitoon.<\/p>\n<p align=\"justify\">Valinnanvapaus lis\u00e4\u00e4ntyy syksyll\u00e4 2013, jolloin voimaan tulee EU-direktiivi potilaiden vapaasta liikkuvuudesta. Terveydenhuollosta tulee osa EU:n yhteismarkkinoita, mik\u00e4 muuttaa my\u00f6s kotimaista terveydenhuoltoj\u00e4rjestelm\u00e4\u00e4 perusteellisesti. &#8230;&#8221;<\/p>\n<p align=\"justify\">Osoite: http:\/\/www.hs.fi\/paakirjoitukset\/Potilasdirektiivi+mullistaa+terveydenhoidon\/a1342497408587<\/p>\n<p><span style=\"font-size: medium;\"><\/p>\n<p><b>&#8212; Potilasdirektiivin (2011\/24\/EU)<\/b> teksti l\u00f6ytyy<a href=\"http:\/\/eur-lex.europa.eu\/LexUriServ\/LexUriServ.do?uri=OJ:L:2011:088:0045:0065:FI:PDF\"> t\u00e4\u00e4lt\u00e4<\/a>.<\/span><\/p>\n","protected":false},"excerpt":{"rendered":"<p>KELA\u00a0korvaus on haettava k\u00e4lkik\u00e4teen. Korvaus on haettava erikoisl\u00e4\u00e4k\u00e4rin l\u00e4heteen (magneettikuvaus) tai potilaan kertomustekstin (leikkaus), klinikkan laskun ja ja lomakkeen SV128 perusteella. &#8212; Sosiali ja Terveysministeri\u00f6: &#8221; Potilasdirektiivi (Rajat ylitt\u00e4v\u00e4 terveydenhuolto) Potilasdirektiivi vahvistaa potilaan oikeuksia ja edellytyksi\u00e4 saada hoitoa toisessa j\u00e4senvaltiossa. Direktiivi hyv\u00e4ksyttiin EU:n neuvostossa 28.2.2011, ja se tuli voimaan 24.4.2011. J\u00e4senmailla on 30 kuukautta aikaa&hellip; <a class=\"read-more\" href=\"https:\/\/mediresor.se\/fi\/kela-korvaus\/\">Read More<\/a><\/p>\n","protected":false},"author":1,"featured_media":0,"parent":0,"menu_order":0,"comment_status":"open","ping_status":"closed","template":"page-rightsidebar2.php","meta":{"footnotes":""},"class_list":["post-18","page","type-page","status-publish","hentry"],"_links":{"self":[{"href":"https:\/\/mediresor.se\/fi\/wp-json\/wp\/v2\/pages\/18","targetHints":{"allow":["GET"]}}],"collection":[{"href":"https:\/\/mediresor.se\/fi\/wp-json\/wp\/v2\/pages"}],"about":[{"href":"https:\/\/mediresor.se\/fi\/wp-json\/wp\/v2\/types\/page"}],"author":[{"embeddable":true,"href":"https:\/\/mediresor.se\/fi\/wp-json\/wp\/v2\/users\/1"}],"replies":[{"embeddable":true,"href":"https:\/\/mediresor.se\/fi\/wp-json\/wp\/v2\/comments?post=18"}],"version-history":[{"count":2,"href":"https:\/\/mediresor.se\/fi\/wp-json\/wp\/v2\/pages\/18\/revisions"}],"predecessor-version":[{"id":73,"href":"https:\/\/mediresor.se\/fi\/wp-json\/wp\/v2\/pages\/18\/revisions\/73"}],"wp:attachment":[{"href":"https:\/\/mediresor.se\/fi\/wp-json\/wp\/v2\/media?parent=18"}],"curies":[{"name":"wp","href":"https:\/\/api.w.org\/{rel}","templated":true}]}}