{"id":22,"date":"2015-04-24T21:05:15","date_gmt":"2015-04-24T20:05:15","guid":{"rendered":"http:\/\/www.mediresor.se\/?page_id=22"},"modified":"2015-04-27T15:16:59","modified_gmt":"2015-04-27T14:16:59","slug":"yhteystiedot","status":"publish","type":"page","link":"https:\/\/mediresor.se\/fi\/klinikkasta\/yhteystiedot\/","title":{"rendered":"Yhteystiedot"},"content":{"rendered":"<div class=\"container\">\n<div class=\"row\">\n<div class=\" col-md-6\">\n<h2>Poliklinikka Helsingiss\u00e4<\/h2>\n<p>It\u00e4merenkatu 11, I. kerros (MedFin) +358 44 958 27 09<\/p>\n<p><iframe loading=\"lazy\" src=\"https:\/\/www.google.com\/maps\/embed?pb=!1m18!1m12!1m3!1d1985.0390917991535!2d24.9167146!3d60.1635317!2m3!1f0!2f0!3f0!3m2!1i1024!2i768!4f13.1!3m3!1m2!1s0x46920a4a2b06e4af%3A0x2ac8fc5ea85ee1d6!2sIt%C3%A4merenkatu+11%2C+00180+Helsinki%2C+Soome!5e0!3m2!1set!2see!4v1430055820219\" width=\"305\" height=\"240\" frameborder=\"0\"><\/iframe><br \/>\n<\/div>\n<div class=\" col-md-6\">\n<h2>Leikkausosasto Tallinnassa<\/h2>\n<p>Kaluri tie 5a, II. kerros (Fertilitas) +372 56 22 94 00<\/p>\n<p><iframe loading=\"lazy\" src=\"https:\/\/www.google.com\/maps\/embed?pb=!1m18!1m12!1m3!1d2024.4253363881774!2d24.827863000000004!3d59.50934160000001!2m3!1f0!2f0!3f0!3m2!1i1024!2i768!4f13.1!3m3!1m2!1s0x4692929910680eef%3A0xcaf0057c9df33a5f!2sKaluri+tee+5a%2C+Haabneeme%2C+74001+Harju+maakond!5e0!3m2!1set!2see!4v1430055781432\" width=\"305\" height=\"240\" frameborder=\"0\"><\/iframe><br \/>\n<\/div>\n<\/div>\n<\/div>\n<h3>Yhteisty\u00f6kumppanit<\/h3>\n<p>Klinikka Silm\u00e4laser<br \/>\nOsoite Kautusepappi 6, Tallinna<br \/>\nSpesialiteetti:<br \/>\nSilm\u00e4laserleikkaukset (LASIK, Femto LASIK), kaihileikkaukset.<\/p>\n<h2><\/h2>\n<h2><\/h2>\n","protected":false},"excerpt":{"rendered":"<p>Yhteisty\u00f6kumppanit Klinikka Silm\u00e4laser Osoite Kautusepappi 6, Tallinna Spesialiteetti: Silm\u00e4laserleikkaukset (LASIK, Femto LASIK), kaihileikkaukset.&hellip; <a class=\"read-more\" href=\"https:\/\/mediresor.se\/fi\/klinikkasta\/yhteystiedot\/\">Read More<\/a><\/p>\n","protected":false},"author":1,"featured_media":0,"parent":16,"menu_order":0,"comment_status":"open","ping_status":"closed","template":"page-kontakt.php","meta":{"footnotes":""},"class_list":["post-22","page","type-page","status-publish","hentry"],"_links":{"self":[{"href":"https:\/\/mediresor.se\/fi\/wp-json\/wp\/v2\/pages\/22","targetHints":{"allow":["GET"]}}],"collection":[{"href":"https:\/\/mediresor.se\/fi\/wp-json\/wp\/v2\/pages"}],"about":[{"href":"https:\/\/mediresor.se\/fi\/wp-json\/wp\/v2\/types\/page"}],"author":[{"embeddable":true,"href":"https:\/\/mediresor.se\/fi\/wp-json\/wp\/v2\/users\/1"}],"replies":[{"embeddable":true,"href":"https:\/\/mediresor.se\/fi\/wp-json\/wp\/v2\/comments?post=22"}],"version-history":[{"count":5,"href":"https:\/\/mediresor.se\/fi\/wp-json\/wp\/v2\/pages\/22\/revisions"}],"predecessor-version":[{"id":152,"href":"https:\/\/mediresor.se\/fi\/wp-json\/wp\/v2\/pages\/22\/revisions\/152"}],"up":[{"embeddable":true,"href":"https:\/\/mediresor.se\/fi\/wp-json\/wp\/v2\/pages\/16"}],"wp:attachment":[{"href":"https:\/\/mediresor.se\/fi\/wp-json\/wp\/v2\/media?parent=22"}],"curies":[{"name":"wp","href":"https:\/\/api.w.org\/{rel}","templated":true}]}}