{"id":520,"date":"2015-08-21T10:41:28","date_gmt":"2015-08-21T09:41:28","guid":{"rendered":"http:\/\/www.mediresor.se\/?page_id=520"},"modified":"2016-03-21T12:19:35","modified_gmt":"2016-03-21T12:19:35","slug":"rasvaimu","status":"publish","type":"page","link":"https:\/\/mediresor.se\/fi\/rasvaimu\/","title":{"rendered":"Rasvaimu"},"content":{"rendered":"<h2>Rasvaimu*<\/h2>\n<p align=\"JUSTIFY\"><span style=\"color: #000000;\"><span style=\"font-size: xx-large;\">\u00a0<\/span><\/span><\/p>\n<p align=\"JUSTIFY\"><span style=\"color: #000000;\"><strong>Rasvaimu<\/strong> eli liposuktio (<\/span><span style=\"color: #000000;\"><i>liposuction<\/i><\/span><span style=\"color: #000000;\">) on yksi yleisimpi\u00e4 esteettisen kirurgian toimenpiteit\u00e4. <\/span><span style=\"color: #000000;\">Sit\u00e4 kuvailtiin<\/span><span style=\"color: #000000;\"> ensimm\u00e4isen kerran jo 1920-luvulla, ja sen suosio kasvoi merkitt\u00e4v\u00e4sti 1970-luvulla.<\/span><\/p>\n<p align=\"JUSTIFY\"><span style=\"color: #000000;\">T\u00e4ll\u00e4 menetelm\u00e4ll\u00e4 voidaan parantaa kehon ulkomuotoa poistamalla <\/span><span style=\"color: #000000;\">ylim\u00e4\u00e4r\u00e4ist\u00e4 rasvakudosta\/ <\/span><span style=\"color: #000000;\">paikalliset rasvakertym\u00e4t ongelma-alueilta, joilta sit\u00e4 on vaikea poistaa ruokavalion ja fyysisen rasituksen avulla. T\u00e4ll\u00e4 menetelm\u00e4ll\u00e4 voi rasvan poistaa leuan alta, k\u00e4sivarsien, rintojen, yl\u00e4- ja alavatsan, kylkien, lantioiden, pakaroiden, sis\u00e4reisien ja ulkoreisien seudulta, polvien ja nilkkaluun ymp\u00e4rilt\u00e4.<\/span><\/p>\n<p align=\"JUSTIFY\"><span style=\"color: #000000;\"><b>Konsultointi ennen leikkausta<\/b><\/span><\/p>\n<p align=\"JUSTIFY\"><span style=\"color: #000000;\">Kartoitetaan potilaan odotukset ja eniten <\/span><span style=\"color: #000000;\">h\u00e4nt\u00e4 h\u00e4iritsev\u00e4t <\/span><span style=\"color: #000000;\">alueet. Keskustellaan potilaan terveyden taustatiedoista ja vakituisesta l\u00e4\u00e4kityksest\u00e4. Ennen leikkausta olisi hyv\u00e4 saada paino haltuun.<\/span><\/p>\n<p align=\"JUSTIFY\"><span style=\"color: #000000;\">Potilaan tarkastuksessa arvioidaan poikkeavuudet kehon <\/span><span style=\"color: #000000;\">sopusuhtaisista<\/span> <span style=\"color: #000000;\">ihannemitoista, <\/span><span style=\"color: #000000;\">asymmetriat, selluliitti, samoin ihon laatu ja laji. Sairauskertomusta varten potilaasta otetaan valokuvia. Suunnitellaan toimenpiteen laajuus sek\u00e4 haavojen (ja my\u00f6h\u00e4isempien arpien sijoittuminen).<\/span><\/p>\n<p align=\"JUSTIFY\"><span style=\"color: #000000;\"><b>Leikkaus<\/b><\/span><\/p>\n<p align=\"JUSTIFY\"><span style=\"color: #000000;\">Leikkaus tehd\u00e4\u00e4n yleens\u00e4 yleispuudutuksessa, ja se kest\u00e4\u00e4 3-4 tuntia riippuen suunnitellusta poistettavasta rasvaimualueiden lukum\u00e4\u00e4r\u00e4st\u00e4. Toimenpiteess\u00e4 imeytet\u00e4\u00e4n ensin potilaan kudokset erikoisliuottimella, joka sis\u00e4lt\u00e4\u00e4 muun muassa pieni\u00e4 verisuonia <\/span><span style=\"color: #000000;\">kutistavaa ainetta ja<\/span><span style=\"color: #000000;\"> kipul\u00e4\u00e4kett\u00e4. Rasvaimu suoritetaan klassiseen tapaan ontoilla 2-6 mm:n kanyy<\/span><span style=\"color: #000000;\">leilla<\/span><span style=\"color: #000000;\">, jotka on yhdistetty rasvaimulaitteeseen.<\/span><\/p>\n<p align=\"JUSTIFY\"><span style=\"color: #000000;\"><b>Toipuminen<\/b><\/span><\/p>\n<p align=\"JUSTIFY\"><a name=\"__mceDel1121\"><\/a> <i><span style=\"color: #000000;\">Potilas p\u00e4\u00e4see kotiin leikkauksen j\u00e4lkeen muutaman tunnin kuluttua tai seuraavana aamuna riippuen leikkauksen laajuudesta.<\/span><\/i><\/p>\n<p align=\"JUSTIFY\"><span style=\"color: #000000;\">Toipuminen on hyvin yksil\u00f6llist\u00e4. Ensimm\u00e4isin\u00e4 p\u00e4ivin\u00e4 muotoiluleikkauksen j\u00e4lkeen kipul\u00e4\u00e4kitys on <\/span><span style=\"color: #000000;\">paikallaan<\/span><span style=\"color: #000000;\">, koska kudosvamman seurauksena on kehittynyt turvotusta. Leikkaushaavat <\/span><span style=\"color: #000000;\">peitet\u00e4\u00e4n<\/span><span style=\"color: #000000;\"> haavateipeill\u00e4 ja laastareilla <\/span><span style=\"color: #000000;\">kahdeksi viikoksi, <\/span><span style=\"color: #000000;\">jonka j\u00e4lkeen aloitetaan arpien hoito. Painetekstiili\u00e4 on pidett\u00e4v\u00e4 imualueella 4-6 viikkoa. Ensimm\u00e4isin\u00e4 viikkoina leikkauksen j\u00e4lkeen tulisi v\u00e4ltt\u00e4\u00e4 raskasta fyysist\u00e4 rasitusta.<\/span><\/p>\n<p align=\"JUSTIFY\"><span style=\"color: #000000;\"><b>Mahdolliset riskit<\/b><\/span><\/p>\n<p align=\"JUSTIFY\"><span style=\"color: #000000;\">V\u00e4litt\u00f6m\u00e4sti leikkauksen j\u00e4lkeen voi kehitty\u00e4 turvotusta, tuntua ep\u00e4mukavalta, esiinty\u00e4 n\u00e4nnien herkkyysmuutoksia ja verenpurkaumia. Usein voi olla asymmetriaa puolten v\u00e4lill\u00e4 ja ep\u00e4tasaisuuksia. Harvemmin esiintyy tulehdusta, soluv\u00e4linesteen kertymist\u00e4 imualueelle, ihon pigmentoitumista tai ihon l\u00f6ysyytt\u00e4. Isommassa rasvaimussa <\/span><span style=\"color: #000000;\">on vaarana <\/span><span style=\"color: #000000;\">liiallinen n<\/span><span style=\"color: #000000;\">esteen- ja verenhukka.<\/span><\/p>\n<p align=\"JUSTIFY\"><span style=\"color: #000000;\">1 alue (esimerkiksi leuka), 2 aluetta (esimerkiksi molemmat olkavarret), 4 aluetta (esimerkiksi yl\u00e4- ja alavatsa, molemmat puolet) jne.<\/span><\/p>\n<p align=\"JUSTIFY\">Kuvat ennen leikkausta ja leikkauksen j\u00e4lkeen (1 viikko):<\/p>\n<div id=\"attachment_237\" style=\"width: 60px\" class=\"wp-caption alignleft\"><img loading=\"lazy\" decoding=\"async\" aria-describedby=\"caption-attachment-237\" class=\"wp-image-237 size-full\" src=\"http:\/\/www.mediresor.se\/wp-content\/uploads\/2015\/04\/3.png\" alt=\"rasvaimu\" width=\"50\" height=\"50\" \/><p id=\"caption-attachment-237\" class=\"wp-caption-text\">rasvaimu<\/p><\/div>\n<p align=\"JUSTIFY\"><img loading=\"lazy\" decoding=\"async\" class=\"alignleft size-medium wp-image-521\" src=\"http:\/\/www.mediresor.se\/wp-content\/uploads\/2015\/08\/rasvaimu-300x300.jpg\" alt=\"rasvaimu\" width=\"300\" height=\"300\" srcset=\"https:\/\/mediresor.se\/wp-content\/uploads\/2015\/08\/rasvaimu-300x300.jpg 300w, https:\/\/mediresor.se\/wp-content\/uploads\/2015\/08\/rasvaimu.jpg 960w\" sizes=\"auto, (max-width: 300px) 100vw, 300px\" \/><\/p>\n<p align=\"JUSTIFY\"><img loading=\"lazy\" decoding=\"async\" class=\"alignleft size-medium wp-image-528\" src=\"http:\/\/www.mediresor.se\/wp-content\/uploads\/2015\/08\/vatsan_muotoilu_rasvaimu_rintojen_suurennus-300x300.jpg\" alt=\"vatsan_muotoilu_rasvaimu_rintojen_suurennus\" width=\"300\" height=\"300\" srcset=\"https:\/\/mediresor.se\/wp-content\/uploads\/2015\/08\/vatsan_muotoilu_rasvaimu_rintojen_suurennus-300x300.jpg 300w, https:\/\/mediresor.se\/wp-content\/uploads\/2015\/08\/vatsan_muotoilu_rasvaimu_rintojen_suurennus.jpg 960w\" sizes=\"auto, (max-width: 300px) 100vw, 300px\" \/><\/p>\n<p align=\"JUSTIFY\"><img loading=\"lazy\" decoding=\"async\" class=\"alignleft size-medium wp-image-533\" src=\"http:\/\/www.mediresor.se\/wp-content\/uploads\/2015\/08\/vatsan_muotoilu_rasvaimu_rintojen_suurennus-2-300x300.jpg\" alt=\"vatsan_muotoilu_rasvaimu_rintojen_suurennus (2)\" width=\"300\" height=\"300\" srcset=\"https:\/\/mediresor.se\/wp-content\/uploads\/2015\/08\/vatsan_muotoilu_rasvaimu_rintojen_suurennus-2-300x300.jpg 300w, https:\/\/mediresor.se\/wp-content\/uploads\/2015\/08\/vatsan_muotoilu_rasvaimu_rintojen_suurennus-2.jpg 960w\" sizes=\"auto, (max-width: 300px) 100vw, 300px\" \/><\/p>\n<p align=\"JUSTIFY\">**<\/p>\n<p align=\"JUSTIFY\">\n<p align=\"JUSTIFY\">\n<p align=\"JUSTIFY\">\n<p align=\"JUSTIFY\">\n<p align=\"JUSTIFY\">\n<p align=\"JUSTIFY\">\n<p align=\"JUSTIFY\">\n<p align=\"JUSTIFY\">**<\/p>\n<p align=\"JUSTIFY\">\n<p align=\"JUSTIFY\">\n<p align=\"JUSTIFY\">\n<p align=\"JUSTIFY\">\n<p align=\"JUSTIFY\">\n<p align=\"JUSTIFY\">\n<p align=\"JUSTIFY\">\n<p align=\"JUSTIFY\">(07\/2015). Tri P. Kirjanen, plastiikkakirurgian erikoisl\u00e4\u00e4k\u00e4ri<\/p>\n<p align=\"JUSTIFY\">(c) Medimatkat OY<\/p>\n<p align=\"JUSTIFY\">* Esimerkit, jotkat l\u00f6ytyy nettisivultamme, ovat yleisi\u00e4. Operaation tulos on aina henkil\u00f6kohtainen. Ole yst\u00e4v\u00e4llisesti yhteydess\u00e4 l\u00e4\u00e4k\u00e4riin, jos haluat tarkempia tietoja.<\/p>\n<p align=\"JUSTIFY\">\n<p align=\"JUSTIFY\">** T\u00e4m\u00e4 on asiakkalta tullut suositus ja se pit\u00e4\u00e4 paikkansa meid\u00e4n tietojen mukaan. Tiedoksi, juuri sellaista leikkauksen tulosta ei saa luvata toiselle potilaalle.<\/p>\n","protected":false},"excerpt":{"rendered":"<p>Rasvaimu* \u00a0 Rasvaimu eli liposuktio (liposuction) on yksi yleisimpi\u00e4 esteettisen kirurgian toimenpiteit\u00e4. Sit\u00e4 kuvailtiin ensimm\u00e4isen kerran jo 1920-luvulla, ja sen suosio kasvoi merkitt\u00e4v\u00e4sti 1970-luvulla. T\u00e4ll\u00e4 menetelm\u00e4ll\u00e4 voidaan parantaa kehon ulkomuotoa poistamalla ylim\u00e4\u00e4r\u00e4ist\u00e4 rasvakudosta\/ paikalliset rasvakertym\u00e4t ongelma-alueilta, joilta sit\u00e4 on vaikea poistaa ruokavalion ja fyysisen rasituksen avulla. T\u00e4ll\u00e4 menetelm\u00e4ll\u00e4 voi rasvan poistaa leuan alta, k\u00e4sivarsien, rintojen,&hellip; <a class=\"read-more\" href=\"https:\/\/mediresor.se\/fi\/rasvaimu\/\">Read More<\/a><\/p>\n","protected":false},"author":1,"featured_media":0,"parent":0,"menu_order":0,"comment_status":"open","ping_status":"open","template":"page-rightsidebar2.php","meta":{"footnotes":""},"class_list":["post-520","page","type-page","status-publish","hentry"],"_links":{"self":[{"href":"https:\/\/mediresor.se\/fi\/wp-json\/wp\/v2\/pages\/520","targetHints":{"allow":["GET"]}}],"collection":[{"href":"https:\/\/mediresor.se\/fi\/wp-json\/wp\/v2\/pages"}],"about":[{"href":"https:\/\/mediresor.se\/fi\/wp-json\/wp\/v2\/types\/page"}],"author":[{"embeddable":true,"href":"https:\/\/mediresor.se\/fi\/wp-json\/wp\/v2\/users\/1"}],"replies":[{"embeddable":true,"href":"https:\/\/mediresor.se\/fi\/wp-json\/wp\/v2\/comments?post=520"}],"version-history":[{"count":5,"href":"https:\/\/mediresor.se\/fi\/wp-json\/wp\/v2\/pages\/520\/revisions"}],"predecessor-version":[{"id":527,"href":"https:\/\/mediresor.se\/fi\/wp-json\/wp\/v2\/pages\/520\/revisions\/527"}],"wp:attachment":[{"href":"https:\/\/mediresor.se\/fi\/wp-json\/wp\/v2\/media?parent=520"}],"curies":[{"name":"wp","href":"https:\/\/api.w.org\/{rel}","templated":true}]}}