{"id":540,"date":"2015-08-21T10:51:12","date_gmt":"2015-08-21T09:51:12","guid":{"rendered":"http:\/\/www.mediresor.se\/?page_id=540"},"modified":"2016-03-21T12:18:13","modified_gmt":"2016-03-21T12:18:13","slug":"rintojen-suurennus","status":"publish","type":"page","link":"https:\/\/mediresor.se\/fi\/rintojen-suurennus\/","title":{"rendered":"Rintojen suurennus"},"content":{"rendered":"<h2>Rintojen suurennus*<\/h2>\n<p align=\"JUSTIFY\"><span style=\"color: #000000;\"><strong>Rintojen suurennus<\/strong> (<\/span><span style=\"color: #000000;\"><i>breast augmentation<\/i><\/span><span style=\"color: #000000;\">) on yksi <\/span><span style=\"color: #000000;\">suoritetuimmista<\/span><span style=\"color: #000000;\"> kauneusleikkauksi<\/span><span style=\"color: #000000;\">st<\/span><span style=\"color: #000000;\">a maailmassa. Esteettisen kirurgian historia ulottuu (<\/span><span style=\"color: #000000;\">jo)<\/span><span style=\"color: #000000;\"> vuoteen 1895, jolloin rintoja yritettiin suurentaa rasvansiirrolla. Nyky\u00e4\u00e4n rintojen suurentaminen tehd\u00e4\u00e4n yleisimmin silikoni-implanteilla.<\/span><\/p>\n<p align=\"JUSTIFY\"><span style=\"color: #000000;\">Jokainen nainen on <\/span><span style=\"color: #000000;\">yksil\u00f6llinen. Toiveet <\/span><span style=\"color: #000000;\">ja tarpeet ovat erilaisia<\/span><span style=\"color: #000000;\">, <\/span><span style=\"color: #000000;\">kun <\/span><span style=\"color: #000000;\">p\u00e4\u00e4tet\u00e4\u00e4n<\/span><span style=\"color: #000000;\"> rintojen korjausleikkauksesta. Useimmiten halutaan korjata rintojen muotoa, <\/span><span style=\"color: #000000;\">suurentaa rintoja ja <\/span><span style=\"color: #000000;\">korjata lievi\u00e4 asymmetrioita. Rintojen suurennusleikkauksella voidaan korjata rintojen ulkon\u00e4k\u00f6\u00e4 painonvaihtelun yhteydess\u00e4, raskauden ja imetyksen j\u00e4lkeen l\u00f6ystyneit\u00e4, velttoja rintoja sek\u00e4 ik\u00e4\u00e4ntymisen <\/span><span style=\"color: #000000;\">my\u00f6t\u00e4 tulevaa rintakudoksen riippumista. <\/span><span style=\"color: #000000;\">(ptoosi).<\/span><\/p>\n<p align=\"JUSTIFY\"><span style=\"color: #000000;\">Vuosia<\/span> <span style=\"color: #000000;\">on tutkittu, aiheuttavatko silikoni-implantit sairauksia, mutta tieteellisill\u00e4 tutkimuksilla ei ole l\u00f6ydetty mit\u00e4\u00e4n yhteyksi\u00e4 silikoni-implanttien ja<\/span><span style=\"color: #000000;\"> autoimmuunisairauksien <\/span><span style=\"color: #000000;\">v\u00e4lill\u00e4. Asiantuntijoiden mukaan implanteista ei ole siki\u00f6lle raskauden aikana mit\u00e4\u00e4n vaaraa.<\/span><\/p>\n<p align=\"JUSTIFY\"><span style=\"color: #000000;\">Silikoni-implantit ottaneilla ei ole todettu suurempaa alttiutta sairastua rintasy\u00f6p\u00e4\u00e4n, eiv\u00e4tk\u00e4 implantit vaik<\/span><span style=\"color: #000000;\">e<\/span><span style=\"color: #000000;\">uta rintasy\u00f6v\u00e4n toteamista varhaisessa vaiheessa, vaikka joissakin tapauksissa ne saattavat vaikeuttaa koko maitorauhasen kuvausta mammografiassa.<\/span><\/p>\n<p align=\"JUSTIFY\"><span style=\"color: #000000;\"><b>Konsultointi ennen leikkausta<\/b><\/span><\/p>\n<p align=\"JUSTIFY\"><span style=\"color: #000000;\">Kartoitetaan potilaan odotukset ja mahdollisuudet toiveiden toteuttamiseksi. Keskustellaan potilaan terveydentilan taustatiedoista, ennen kaikkea rintojen mahdollisista sairauksista ja vakituisesta l\u00e4\u00e4kityksest\u00e4. Mammografian tarve ennen leikkausta arvioidaan yksil\u00f6llisesti.<\/span><\/p>\n<p align=\"JUSTIFY\"><span style=\"color: #000000;\">Terveydentilantutkimuksessa tehd\u00e4\u00e4n rintakeh\u00e4- ja rintarauhasen tutkimus (asymmetriat, rintojen <\/span><span style=\"color: #000000;\">ryhdin<\/span><span style=\"color: #000000;\"> menetys, n\u00e4nnipihojen sijoittuminen) ja arvioidaan ihon laatu. Sairauskertomusta varten potilaan rinnat valokuvataan. Sitten rinnat mitataan <\/span><span style=\"color: #000000;\">huolellisesti<\/span><span style=\"color: #000000;\"> ja suunnitellaan paras implanttivalikoima <\/span><span style=\"color: #000000;\">konkreettista<\/span><span style=\"color: #000000;\"> potilasta varten; samalla suunnitellaan haavan (ja tulevan leikkausarven) sijainti ja implantin asettelu rintarauhaseen n\u00e4hden.<\/span><\/p>\n<p align=\"JUSTIFY\"><span style=\"color: #000000;\"><b>Leikkaus<\/b><\/span><\/p>\n<p align=\"JUSTIFY\"><span style=\"color: #000000;\">Rintojen suurennusleikkaus tehd\u00e4\u00e4n yleisnukutuksessa. Leikkaus kest\u00e4\u00e4 tavallisesti noin tunnin.<\/span><\/p>\n<p align=\"JUSTIFY\"><span style=\"color: #000000;\"><b>Toipuminen<\/b><\/span><\/p>\n<p align=\"JUSTIFY\"><a name=\"__mceDel\"><\/a><i><span style=\"color: #000000;\">Potilas p\u00e4\u00e4see kotiin leikkausta seuraavan p\u00e4iv\u00e4n aamuna.<\/span><\/i><\/p>\n<p align=\"JUSTIFY\"><span style=\"color: #000000;\">Toipuminen on hyvin yksil\u00f6llist\u00e4. Ensimm\u00e4isin\u00e4 p\u00e4ivin\u00e4 rintaleikkauksen j\u00e4lkeen kannattaa ottaa <\/span><span style=\"color: #000000;\">s\u00e4\u00e4nn\u00f6llisesti kipul\u00e4\u00e4kkeit\u00e4. Koska kudosvamman <\/span><span style=\"color: #000000;\">seurauksena on syntynyt turvotusta, kipua aiheuttaa my\u00f6s rintalihaksen venytys, jos rintaproteesit on laitettu rintalihaksen alle.*<\/span><\/p>\n<p align=\"JUSTIFY\"><span style=\"color: #000000;\">Leikkaushaavat <\/span><span style=\"color: #000000;\">peitet\u00e4\u00e4n <\/span><span style=\"color: #000000;\">haavateipeill\u00e4 ja <\/span><span style=\"color: #000000;\">laastareilla kahden viikon ajaksi, <\/span><span style=\"color: #000000;\">jonka j\u00e4lkeen aloitetaan arpien hoito. Rintoja tukevien liivien k\u00e4ytt\u00f6 on yksil\u00f6llist\u00e4, mutta leikkauksen j\u00e4lkeen ei suositella kaarituellisia (<\/span><span style=\"color: #000000;\"><i>push-up<\/i><\/span><span style=\"color: #000000;\">) liivej\u00e4. Leikkauksen j\u00e4lkeen aloitetaan my\u00f6s rintojen hieronta. Ensimm\u00e4isin\u00e4 viikkoina leikkauksen j\u00e4lkeen tulisi v\u00e4ltt\u00e4\u00e4 raskasta fyysist\u00e4 rasitusta.<\/span><\/p>\n<p align=\"JUSTIFY\"><span style=\"color: #000000;\"><b>Mahdolliset riskit<\/b><\/span><\/p>\n<p align=\"JUSTIFY\"><span style=\"color: #000000;\">Proteesirinnat voivat olla v\u00e4litt\u00f6m\u00e4sti leikkauksen j\u00e4lkeen turvoksissa<\/span><span style=\"color: #000000;\">, <\/span><span style=\"color: #000000;\">ne tuntuvat ehk\u00e4 ep\u00e4mukavilta<\/span><span style=\"color: #000000;\">, n\u00e4nnipihan herkkyys vaihtelee t<\/span><span style=\"color: #000000;\">ai<\/span><span style=\"color: #000000;\"> esiintyy ihonalaisia verenpurkaumia. Verenpurkauma, joka on syntynyt implantin ymp\u00e4rille, voi johtaa uudelleenleikkaukseen. My\u00f6hemmin voi ongelmakohdaksi osoittautua tulehdus. Kapselien kutistuminen (rintaimplantin ymp\u00e4rille muodostuva sidekudos) on yksil\u00f6llist\u00e4, mutta se voi aiheuttaa kipua tai pahentaa esteettist\u00e4 vaikutelmaa. Ajan kuluessa proteesi saattaa rikkoutua ja repeyty\u00e4 ja kapselin l\u00e4pi alkaa vuotaa silikonia.<\/span><\/p>\n<p align=\"JUSTIFY\">Kuvat ennen leikkausta ja leikkauksen j\u00e4lkeen (1 viikko):<\/p>\n<p align=\"JUSTIFY\"><img loading=\"lazy\" decoding=\"async\" class=\"alignleft size-medium wp-image-528\" src=\"http:\/\/www.mediresor.se\/wp-content\/uploads\/2015\/08\/vatsan_muotoilu_rasvaimu_rintojen_suurennus-300x300.jpg\" alt=\"vatsan_muotoilu_rasvaimu_rintojen_suurennus\" width=\"300\" height=\"300\" srcset=\"https:\/\/www.mediresor.se\/wp-content\/uploads\/2015\/08\/vatsan_muotoilu_rasvaimu_rintojen_suurennus-300x300.jpg 300w, https:\/\/www.mediresor.se\/wp-content\/uploads\/2015\/08\/vatsan_muotoilu_rasvaimu_rintojen_suurennus.jpg 960w\" sizes=\"auto, (max-width: 300px) 100vw, 300px\" \/><\/p>\n<p align=\"JUSTIFY\">**<\/p>\n<p align=\"JUSTIFY\">\n<p align=\"JUSTIFY\">\n<p align=\"JUSTIFY\">\n<p align=\"JUSTIFY\">\n<p align=\"JUSTIFY\">\n<p align=\"JUSTIFY\">\n<p align=\"JUSTIFY\">\n<p align=\"JUSTIFY\">Tri P. Kirjanen, plastiikkakirurgian erikoisl\u00e4\u00e4k\u00e4ri<br \/>\n(c) Medimatkat OY<\/p>\n<p align=\"JUSTIFY\">* Esimerkit, jotkat l\u00f6ytyy nettisivultamme, ovat yleisi\u00e4. Operaation tulos on aina henkil\u00f6kohtainen. Ole yst\u00e4v\u00e4llisesti yhteydess\u00e4 l\u00e4\u00e4k\u00e4riin, jos haluat tarkempia tietoja.<\/p>\n<p align=\"JUSTIFY\">\n<p align=\"JUSTIFY\">** T\u00e4m\u00e4 on asiakkalta tullut suositus ja se pit\u00e4\u00e4 paikkansa meid\u00e4n tietojen mukaan. Tiedoksi, juuri sellaista leikkauksen tulosta ei saa luvata toiselle potilaalle.<\/p>\n<p align=\"JUSTIFY\">\n","protected":false},"excerpt":{"rendered":"<p>Rintojen suurennus* Rintojen suurennus (breast augmentation) on yksi suoritetuimmista kauneusleikkauksista maailmassa. Esteettisen kirurgian historia ulottuu (jo) vuoteen 1895, jolloin rintoja yritettiin suurentaa rasvansiirrolla. Nyky\u00e4\u00e4n rintojen suurentaminen tehd\u00e4\u00e4n yleisimmin silikoni-implanteilla. Jokainen nainen on yksil\u00f6llinen. Toiveet ja tarpeet ovat erilaisia, kun p\u00e4\u00e4tet\u00e4\u00e4n rintojen korjausleikkauksesta. Useimmiten halutaan korjata rintojen muotoa, suurentaa rintoja ja korjata lievi\u00e4 asymmetrioita. Rintojen suurennusleikkauksella&hellip; <a class=\"read-more\" href=\"https:\/\/mediresor.se\/fi\/rintojen-suurennus\/\">Read More<\/a><\/p>\n","protected":false},"author":1,"featured_media":0,"parent":0,"menu_order":0,"comment_status":"open","ping_status":"closed","template":"page-rightsidebar2.php","meta":{"footnotes":""},"class_list":["post-540","page","type-page","status-publish","hentry"],"_links":{"self":[{"href":"https:\/\/mediresor.se\/fi\/wp-json\/wp\/v2\/pages\/540","targetHints":{"allow":["GET"]}}],"collection":[{"href":"https:\/\/mediresor.se\/fi\/wp-json\/wp\/v2\/pages"}],"about":[{"href":"https:\/\/mediresor.se\/fi\/wp-json\/wp\/v2\/types\/page"}],"author":[{"embeddable":true,"href":"https:\/\/mediresor.se\/fi\/wp-json\/wp\/v2\/users\/1"}],"replies":[{"embeddable":true,"href":"https:\/\/mediresor.se\/fi\/wp-json\/wp\/v2\/comments?post=540"}],"version-history":[{"count":5,"href":"https:\/\/mediresor.se\/fi\/wp-json\/wp\/v2\/pages\/540\/revisions"}],"predecessor-version":[{"id":765,"href":"https:\/\/mediresor.se\/fi\/wp-json\/wp\/v2\/pages\/540\/revisions\/765"}],"wp:attachment":[{"href":"https:\/\/mediresor.se\/fi\/wp-json\/wp\/v2\/media?parent=540"}],"curies":[{"name":"wp","href":"https:\/\/api.w.org\/{rel}","templated":true}]}}