{"id":552,"date":"2015-08-21T10:54:18","date_gmt":"2015-08-21T09:54:18","guid":{"rendered":"http:\/\/www.mediresor.se\/?page_id=552"},"modified":"2016-03-21T12:20:34","modified_gmt":"2016-03-21T12:20:34","slug":"vatsan-muotoilu-abdominoplastia-vatsan-kiinteytys","status":"publish","type":"page","link":"https:\/\/mediresor.se\/fi\/vatsan-muotoilu-abdominoplastia-vatsan-kiinteytys\/","title":{"rendered":"Vatsan muotoilu (Abdominoplastia, vatsan kiinteytys)"},"content":{"rendered":"<h2>Vatsan muotoilu (Abdominoplastia, vatsan kiinteytys)*<\/h2>\n<p align=\"JUSTIFY\"><span style=\"color: #000000;\"><span style=\"font-size: xx-large;\"><span style=\"font-size: large;\">\u00a0<\/span><\/span><\/span><\/p>\n<p align=\"JUSTIFY\"><span style=\"color: #000000;\">Vatsanpeitteiden muotoiluleikkaus (<\/span><span style=\"color: #000000;\"><i>abdominoplasty<\/i><\/span><span style=\"color: #000000;\">) sopii plastiikkakirurgisena toimenpiteen\u00e4 potilaille, joita h\u00e4iritsee vatsasein\u00e4n ihon ja lihasten roikkuminen <\/span><span style=\"color: #000000;\">tai rasvan <\/span><span style=\"color: #000000;\">kertyminen vatsan seudulle. Roikkuvan nahan syyn\u00e4 voivat olla (toistuvat) raskaudet, rajut painonvaihtelut, tai syyn\u00e4 voi olla my\u00f6s kudosten perinn\u00f6llinen velttous.<\/span><\/p>\n<p align=\"JUSTIFY\"><span style=\"color: #000000;\"><b>Konsultointi ennen leikkausta<\/b><\/span><\/p>\n<p align=\"JUSTIFY\"><span style=\"color: #000000;\">Kartoitetaan potilaan odotukset ja mahdollisuudet toiveiden toteuttamiseksi. Keskustellaan potilaan terveydentilan taustatiedoista ja vakituisesta l\u00e4\u00e4kityksest\u00e4. Ennen leikkausta olisi hyv\u00e4 pudottaa paino suunniteltuun m\u00e4\u00e4r\u00e4\u00e4n ja pit\u00e4\u00e4 se sellaisenaan vakaana.<\/span><\/p>\n<p align=\"JUSTIFY\"><span style=\"color: #000000;\">Potilaan tarkastuksessa tutkitaan vatsanpeitteit\u00e4, arvioidaan ihon laatu ja laji; tutkitaan lihasten haarautumia ja vatsatyr\u00e4n edellytyksi\u00e4. Sairauskertomusta varten potilaan vartalo valokuvataan. Tehd\u00e4\u00e4n mittaukset, suunnitellaan plastiikkakirurginen toimenpide ja tulevien arpien sijoittuminen.<\/span><\/p>\n<p align=\"JUSTIFY\"><span style=\"color: #000000;\"><b>Leikkaus<\/b><\/span><\/p>\n<p align=\"JUSTIFY\"><span style=\"color: #000000;\">Muotoiluleikkaus tehd\u00e4\u00e4n yleisnukutuksessa ja se kest\u00e4\u00e4 tavallisesti 2-3 tuntia. Leikkauksessa poistetaan ylim\u00e4\u00e4r\u00e4inen iho, siirret\u00e4\u00e4n napa, tarvittaessa kiristet\u00e4\u00e4n vatsan lihaksia ja l\u00e4hennet\u00e4\u00e4n. Leikkausviilto suunnitellaan yleens\u00e4 kaarimaisesti alavatsaan siten, ett\u00e4 arpi j\u00e4\u00e4 my\u00f6hemmin piiloon alusvaatteiden alle. Rasvaimu voidaan tarvittaessa liitt\u00e4\u00e4 osaksi vatsan <\/span><span style=\"color: #000000;\">muotoiluleikkausta<\/span><span style=\"color: #000000;\">. Usein haavaan j\u00e4tet\u00e4\u00e4n laskuputket.<\/span><\/p>\n<p align=\"JUSTIFY\"><span style=\"color: #000000;\"><b>Toipuminen<\/b><\/span><\/p>\n<p align=\"JUSTIFY\"><i><span style=\"color: #000000;\">Potilas kotiutetaan yleens\u00e4 leikkausta seuraavan p\u00e4iv\u00e4n aamulla.*<\/span><\/i><\/p>\n<p align=\"JUSTIFY\"><span style=\"color: #000000;\">Potilaan toipuminen on hyvin yksil\u00f6llist\u00e4. Ensimm\u00e4isin\u00e4 p\u00e4ivin\u00e4 muotoiluleikkauksen j\u00e4lkeen kipul\u00e4\u00e4kitys on tarpeellista, koska kudosvamman seurauksena on kehittynyt turvotusta. Voimakkaampaa kipua aiheuttaa suoritettu lihasplastiikka. Ensimm\u00e4isin\u00e4 p\u00e4ivin\u00e4 voi olla vaikea <\/span><span style=\"color: #000000;\">suoristaa itse\u00e4\u00e4n<\/span><span style=\"color: #000000;\">.* Leikkaushaavat <\/span><span style=\"color: #000000;\">suojataan<\/span><span style=\"color: #000000;\"> haavateipeill\u00e4 ja laastareilla <\/span><span style=\"color: #000000;\">kahdeksi viikoksi<\/span><span style=\"color: #000000;\">, jonka j\u00e4lkeen aloitetaan arpien hoito. Painepesun\/tukiliivien jatkuva k\u00e4ytt\u00f6 on tarpeellista 4-6 viikkoa. Ensimm\u00e4isin\u00e4 viikkoina leikkauksen j\u00e4lkeen tulisi v\u00e4ltt\u00e4\u00e4 raskasta fyysist\u00e4 rasitusta.<\/span><\/p>\n<p align=\"JUSTIFY\"><span style=\"color: #000000;\"><b>Mahdolliset riskit<\/b><\/span><\/p>\n<p align=\"JUSTIFY\"><span style=\"color: #000000;\">V\u00e4litt\u00f6m\u00e4sti leikkauksen j\u00e4lkeen voi kehitty\u00e4 pitk\u00e4kestoinen turvotus, <\/span><span style=\"color: #000000;\">tuntua ep\u00e4mukavalta<\/span><span style=\"color: #000000;\">, tapahtua muutoksia vatsan ihon herkkyydess\u00e4, e<\/span><span style=\"color: #000000;\">siinty\u00e4 <\/span><span style=\"color: #000000;\">ihonalaisia verenpurkaumia. Tulehdusta kehittyy harvoin. Useimmiten ongelmia on haavojen paranemisen <\/span><span style=\"color: #000000;\">hidastumisesta, <\/span><span style=\"color: #000000;\">ja soluv\u00e4linestett\u00e4 saattaa ker\u00e4\u00e4nty\u00e4 leikkausalueelle. Harvemmin esiintyy ihon surkastumia, <\/span><span style=\"color: #000000;\">varsinkin <\/span><span style=\"color: #000000;\">jos vatsan muotoiluleikkaukseen on liitetty rasvaimu.<\/span><\/p>\n<p align=\"JUSTIFY\">Kuvat ennen leikkausta ja leikkauksen j\u00e4lkeen (1 viikko):<\/p>\n<p align=\"JUSTIFY\"><img loading=\"lazy\" decoding=\"async\" class=\"alignleft size-medium wp-image-528\" src=\"http:\/\/www.mediresor.se\/wp-content\/uploads\/2015\/08\/vatsan_muotoilu_rasvaimu_rintojen_suurennus-300x300.jpg\" alt=\"vatsan_muotoilu_rasvaimu_rintojen_suurennus\" width=\"300\" height=\"300\" srcset=\"https:\/\/mediresor.se\/wp-content\/uploads\/2015\/08\/vatsan_muotoilu_rasvaimu_rintojen_suurennus-300x300.jpg 300w, https:\/\/mediresor.se\/wp-content\/uploads\/2015\/08\/vatsan_muotoilu_rasvaimu_rintojen_suurennus.jpg 960w\" sizes=\"auto, (max-width: 300px) 100vw, 300px\" \/><img loading=\"lazy\" decoding=\"async\" class=\"alignleft size-medium wp-image-533\" src=\"http:\/\/www.mediresor.se\/wp-content\/uploads\/2015\/08\/vatsan_muotoilu_rasvaimu_rintojen_suurennus-2-300x300.jpg\" alt=\"vatsan_muotoilu_rasvaimu_rintojen_suurennus (2)\" width=\"300\" height=\"300\" srcset=\"https:\/\/mediresor.se\/wp-content\/uploads\/2015\/08\/vatsan_muotoilu_rasvaimu_rintojen_suurennus-2-300x300.jpg 300w, https:\/\/mediresor.se\/wp-content\/uploads\/2015\/08\/vatsan_muotoilu_rasvaimu_rintojen_suurennus-2.jpg 960w\" sizes=\"auto, (max-width: 300px) 100vw, 300px\" \/><\/p>\n<p align=\"JUSTIFY\">**<\/p>\n<p align=\"JUSTIFY\">\n<p align=\"JUSTIFY\">\n<p align=\"JUSTIFY\">\n<p align=\"JUSTIFY\">\n<p align=\"JUSTIFY\">\n<p align=\"JUSTIFY\">\n<p align=\"JUSTIFY\">\n<p align=\"JUSTIFY\">\n<p align=\"JUSTIFY\">Tri P. Kirjanen, plastiikkakirurgian erikoisl\u00e4\u00e4k\u00e4ri(c) Medimatkat OY<\/p>\n<p align=\"JUSTIFY\">* Esimerkit, jotkat l\u00f6ytyy nettisivultamme, ovat yleisi\u00e4. Operaation tulos on aina henkil\u00f6kohtainen. Ole yst\u00e4v\u00e4llisesti yhteydess\u00e4 l\u00e4\u00e4k\u00e4riin, jos haluat tarkempia tietoja.<\/p>\n<p align=\"JUSTIFY\">\n<p align=\"JUSTIFY\">** T\u00e4m\u00e4 on asiakkalta tullut suositus ja se pit\u00e4\u00e4 paikkansa meid\u00e4n tietojen mukaan. Tiedoksi, juuri sellaista leikkauksen tulosta ei saa luvata toiselle potilaalle.<\/p>\n","protected":false},"excerpt":{"rendered":"<p>Vatsan muotoilu (Abdominoplastia, vatsan kiinteytys)* \u00a0 Vatsanpeitteiden muotoiluleikkaus (abdominoplasty) sopii plastiikkakirurgisena toimenpiteen\u00e4 potilaille, joita h\u00e4iritsee vatsasein\u00e4n ihon ja lihasten roikkuminen tai rasvan kertyminen vatsan seudulle. Roikkuvan nahan syyn\u00e4 voivat olla (toistuvat) raskaudet, rajut painonvaihtelut, tai syyn\u00e4 voi olla my\u00f6s kudosten perinn\u00f6llinen velttous. Konsultointi ennen leikkausta Kartoitetaan potilaan odotukset ja mahdollisuudet toiveiden toteuttamiseksi. Keskustellaan potilaan terveydentilan&hellip; <a class=\"read-more\" href=\"https:\/\/mediresor.se\/fi\/vatsan-muotoilu-abdominoplastia-vatsan-kiinteytys\/\">Read More<\/a><\/p>\n","protected":false},"author":1,"featured_media":0,"parent":0,"menu_order":0,"comment_status":"open","ping_status":"open","template":"page-rightsidebar2.php","meta":{"footnotes":""},"class_list":["post-552","page","type-page","status-publish","hentry"],"_links":{"self":[{"href":"https:\/\/mediresor.se\/fi\/wp-json\/wp\/v2\/pages\/552","targetHints":{"allow":["GET"]}}],"collection":[{"href":"https:\/\/mediresor.se\/fi\/wp-json\/wp\/v2\/pages"}],"about":[{"href":"https:\/\/mediresor.se\/fi\/wp-json\/wp\/v2\/types\/page"}],"author":[{"embeddable":true,"href":"https:\/\/mediresor.se\/fi\/wp-json\/wp\/v2\/users\/1"}],"replies":[{"embeddable":true,"href":"https:\/\/mediresor.se\/fi\/wp-json\/wp\/v2\/comments?post=552"}],"version-history":[{"count":5,"href":"https:\/\/mediresor.se\/fi\/wp-json\/wp\/v2\/pages\/552\/revisions"}],"predecessor-version":[{"id":767,"href":"https:\/\/mediresor.se\/fi\/wp-json\/wp\/v2\/pages\/552\/revisions\/767"}],"wp:attachment":[{"href":"https:\/\/mediresor.se\/fi\/wp-json\/wp\/v2\/media?parent=552"}],"curies":[{"name":"wp","href":"https:\/\/api.w.org\/{rel}","templated":true}]}}