{"id":7,"date":"2015-04-24T21:03:50","date_gmt":"2015-04-24T20:03:50","guid":{"rendered":"http:\/\/www.mediresor.se\/?page_id=7"},"modified":"2024-02-14T12:41:56","modified_gmt":"2024-02-14T12:41:56","slug":"hinnat","status":"publish","type":"page","link":"https:\/\/mediresor.se\/fi\/hinnat\/","title":{"rendered":"Hinnat"},"content":{"rendered":"<p>Hinnasto ajantasalla: www.medimatkat.fi\/hinnat<\/p>\n<p>P\u00e4ivitetty 14.2.2024<\/p>\n<h2>Yleis- ja gastrokirurgia<\/h2>\n<p>Pakettihinnat sis\u00e4lt\u00e4\u00e4:<\/p>\n<p>1)\u00a0erikoisl\u00e4\u00e4k\u00e4rin arviointi Talinnan toimipisteessa.<\/p>\n<p>2) Verikokeet, anestesia ja leikkaus Tallinnan toimipisteessa.<\/p>\n<h2>Plastiikkakirurgia ja laihdutusleikkaus<\/h2>\n<p>Pakettihinnat sis\u00e4lt\u00e4\u00e4: verikokeet, nukutus, leikkaus ja majoitus Tallinnan toimipisteessa.<\/p>\n<table border=\"1\" width=\"100%\" cellspacing=\"0\" cellpadding=\"0\">\n<thead>\n<tr>\n<td>Operaatio<\/td>\n<td>Pakettihinta<br \/>\nkokonaisuudessa<\/td>\n<td>Osamaksu*, 12 kuukauta<\/td>\n<\/tr>\n<\/thead>\n<tbody>\n<tr>\n<td><\/td>\n<td><\/td>\n<td><\/td>\n<\/tr>\n<tr>\n<td><a href=\"http:\/\/www.medimatkat.fi\/terveyspalvelut\/mahalaukun-typistys\">Laihdutusleikkaus (mahalaukun typistys e. gastric sleeve)<\/a><\/td>\n<td>alk. 5 990 \u20ac<\/td>\n<td>590 \u20ac\/kk<\/td>\n<\/tr>\n<tr>\n<td><a href=\"http:\/\/www.medimatkat.fi\/terveyspalvelut\/mahalaukun-ohitusleikkaus\">Laihdutusleikkaus (mahalaukun<br \/>\nohitusleikkaus\u00a0 e. gastric bypass tai\u00a0<\/a><a href=\"http:\/\/www.medimatkat.fi\/terveyspalvelut\/mahalaukun-ohitusleikkaus\">vaattiva mahalaukun typistysleikkaus)<\/a><\/td>\n<td>alk.\u00a05 990 \u20ac<\/td>\n<td>590 \u20ac\/kk<\/td>\n<\/tr>\n<tr>\n<td>Mahalaukun pienennys \u2013 gastric plication<\/td>\n<td>alk. 4 800 \u20ac<\/td>\n<td>480\u00a0\u20ac\/kk<\/td>\n<\/tr>\n<tr>\n<td>Mahalaukun sis\u00e4isen pallon (BIB) 6kk laitto<\/td>\n<td>alk. 2 850\u00a0\u20ac<\/td>\n<td>285 \u20ac\/kk<\/td>\n<\/tr>\n<tr style=\"background-color: #b0afaf;\">\n<td style=\"text-align: right;\" colspan=\"3\"><strong><span style=\"color: #ffffff;\">Kirurgian erikoisl\u00e4\u00e4k\u00e4ri tri R. Adamson<\/span><\/strong><\/td>\n<\/tr>\n<\/tbody>\n<\/table>\n<h2><\/h2>\n<h2><\/h2>\n<table border=\"1\" width=\"100%\" cellspacing=\"0\" cellpadding=\"0\">\n<thead>\n<tr>\n<td><\/td>\n<td><\/td>\n<td><\/td>\n<\/tr>\n<\/thead>\n<tbody>\n<tr style=\"background-color: #b0afaf;\">\n<td style=\"text-align: right;\" colspan=\"3\"><\/td>\n<\/tr>\n<\/tbody>\n<\/table>\n<div>\n<h2>Plastiikkakirurgia<\/h2>\n<p>Pakettihinnat sis\u00e4lt\u00e4\u00e4: verikokeet, nukutus, leikkaus ja majoitus Tallinnan toimipisteessa.<\/p>\n<p>Huomio! Virossa on 0% alv plastiikkakirurgia!<\/p>\n<table border=\"1\" width=\"100%\">\n<thead>\n<tr>\n<td>Operaatio<\/td>\n<td>Pakeettihinta<\/td>\n<td>Osamaksu*, 12 kuukauta<\/td>\n<\/tr>\n<\/thead>\n<tbody>\n<tr>\n<td>Rintojen suurennus (sis\u00e4lt\u00e4\u00e4 implannit)<\/td>\n<td>alk. 4390 \u20ac<\/td>\n<td>439 \u20ac\/kk<\/td>\n<\/tr>\n<tr>\n<td>Rasvaimu (yksi alue &#8211; esim. leuka) vesisuihku menetelm\u00e4ll\u00e4<\/td>\n<td>alk. 1100 \u20ac<\/td>\n<td>110 \u20ac\/kk<\/td>\n<\/tr>\n<tr>\n<td>Rasvaimu (kaksi aluetta &#8211; esim. kyljet) vesisuihku menetelm\u00e4ll\u00e4<\/td>\n<td>\n<table class=\"pricing-table scroll\">\n<tbody>\n<tr>\n<td>alk. 1990\u20ac<\/td>\n<\/tr>\n<\/tbody>\n<\/table>\n<\/td>\n<td>199 \u20ac\/kk<\/td>\n<\/tr>\n<tr>\n<td>Rasvaimu (nelj\u00e4 aluetta &#8211; esim. vatsa) vesisuihku menetelm\u00e4ll\u00e4<\/td>\n<td>\n<table class=\"pricing-table scroll\">\n<tbody>\n<tr>\n<td>alk. 2890 \u20ac<\/td>\n<\/tr>\n<\/tbody>\n<\/table>\n<\/td>\n<td>289\u00a0\u20ac\/kk<\/td>\n<\/tr>\n<tr>\n<td>Rasvaimu (kuusi aluetta) vesisuihku menetelm\u00e4ll\u00e4<\/td>\n<td>\n<table class=\"pricing-table scroll\">\n<tbody>\n<tr>\n<td>alk. 3390 \u20ac<\/td>\n<\/tr>\n<\/tbody>\n<\/table>\n<\/td>\n<td>339 \u20ac\/kk<\/td>\n<\/tr>\n<tr>\n<td>Rasvaimu (8 aluetta) vesisuihku menetelm\u00e4ll\u00e4<\/td>\n<td>\n<table class=\"pricing-table scroll\">\n<tbody>\n<tr>\n<td>alk. 3990 \u20ac<\/td>\n<\/tr>\n<\/tbody>\n<\/table>\n<\/td>\n<td>399 \u20ac\/kk<\/td>\n<\/tr>\n<tr>\n<td>Rasvaimu (10 aluetta) vesisuihku menetelm\u00e4ll\u00e4<\/td>\n<td>\n<table class=\"pricing-table scroll\">\n<tbody>\n<tr>\n<td>alk. 4590\u00a0\u20ac<\/td>\n<\/tr>\n<\/tbody>\n<\/table>\n<\/td>\n<td>459 \u20ac\/kk<\/td>\n<\/tr>\n<tr>\n<td>Vatsan muotoiluleikkaus (abdominoplastia)<\/td>\n<td>\n<p class=\"p1\"><span class=\"s1\">alk. 4390\u00a0<\/span>\u20ac<\/p>\n<\/td>\n<td>439 \u20ac\/kk<\/td>\n<\/tr>\n<tr>\n<td>Silm\u00e4luomileikkaus (molemmat<br \/>\nyl\u00e4luomet)<\/td>\n<td>\n<table class=\"pricing-table scroll\">\n<tbody>\n<tr>\n<td>alk.\u00a01490 \u20ac<\/td>\n<\/tr>\n<\/tbody>\n<\/table>\n<\/td>\n<td>149 \u20ac\/kk<\/td>\n<\/tr>\n<tr>\n<td>Silm\u00e4luomileikkaus (molemmat<br \/>\nalaluomet)<\/td>\n<td>\n<table class=\"pricing-table scroll\">\n<tbody>\n<tr>\n<td>alk.\u00a01690\u00a0\u20ac<\/td>\n<\/tr>\n<\/tbody>\n<\/table>\n<\/td>\n<td>169 \u20ac\/kk<\/td>\n<\/tr>\n<tr>\n<td>Silm\u00e4luomileikkaus (sek\u00e4 yl\u00e4luomet, ett\u00e4 alaluomet)<\/td>\n<td>\n<table class=\"pricing-table scroll\">\n<tbody>\n<tr>\n<td>alk.\u00a02800\u20ac<\/td>\n<\/tr>\n<\/tbody>\n<\/table>\n<\/td>\n<td>280 \u20ac\/kk<\/td>\n<\/tr>\n<tr>\n<td>Rintojen kohotusleikkaus<\/td>\n<td>\n<table class=\"pricing-table scroll\">\n<tbody>\n<tr>\n<td>alk.\u00a04390 \u20ac<\/td>\n<\/tr>\n<\/tbody>\n<\/table>\n<\/td>\n<td>439 \u20ac\/kk<\/td>\n<\/tr>\n<tr>\n<td>Rintojen pienennysleikkaus<\/td>\n<td>\n<table class=\"pricing-table scroll\">\n<tbody>\n<tr>\n<td>alk.\u00a04390\u20ac<\/td>\n<\/tr>\n<\/tbody>\n<\/table>\n<\/td>\n<td>439\u20ac\/kk<\/td>\n<\/tr>\n<tr>\n<td>Gynekomastia leikkaus<\/td>\n<td>\n<table class=\"pricing-table scroll\">\n<tbody>\n<tr>\n<td>alk.\u00a02990\u00a0\u20ac<\/td>\n<\/tr>\n<\/tbody>\n<\/table>\n<\/td>\n<td>299 \u20ac\/kk<\/td>\n<\/tr>\n<tr>\n<td>Sis\u00e4isten h\u00e4pyhuulten korjausleikkaus<\/td>\n<td>\n<table class=\"pricing-table scroll\">\n<tbody>\n<tr>\n<td>alk.\u00a02890\u00a0\u20ac<\/td>\n<\/tr>\n<\/tbody>\n<\/table>\n<\/td>\n<td>289 \u20ac\/kk<\/td>\n<\/tr>\n<tr>\n<td>Reisien kiinteytysleikkaus<\/td>\n<td>\n<table class=\"pricing-table scroll\">\n<tbody>\n<tr>\n<td>alk.\u00a03590 \u20ac<\/td>\n<\/tr>\n<\/tbody>\n<\/table>\n<\/td>\n<td>359\u20ac\/kk<\/td>\n<\/tr>\n<tr>\n<td>Olkavarsien kiinteytysleikkaus<\/td>\n<td>\n<table class=\"pricing-table scroll\">\n<tbody>\n<tr>\n<td>alk.\u00a03190 \u20ac<\/td>\n<\/tr>\n<\/tbody>\n<\/table>\n<\/td>\n<td>319 \u20ac\/kk<\/td>\n<\/tr>\n<tr>\n<td>Rasvansiirto rintoihin<\/td>\n<td>\n<table class=\"pricing-table scroll\">\n<tbody>\n<tr>\n<td>alk.\u00a03900\u00a0\u20ac<\/td>\n<\/tr>\n<\/tbody>\n<\/table>\n<\/td>\n<td>390 \u20ac\/kk<\/td>\n<\/tr>\n<tr>\n<td>Rasvansiirto pakaroihin<\/td>\n<td>\n<table class=\"pricing-table scroll\">\n<tbody>\n<tr>\n<td>alk.\u00a03900\u00a0\u20ac<\/td>\n<\/tr>\n<\/tbody>\n<\/table>\n<\/td>\n<td>390 \u20ac\/kk<\/td>\n<\/tr>\n<tr style=\"background-color: #b0afaf;\">\n<td style=\"text-align: right;\" colspan=\"3\"><span style=\"color: #ffffff;\"><strong>Plastiikkakirurgian erikoisl\u00e4\u00e4k\u00e4ri tri P. Kirjanen<\/strong><\/span><\/td>\n<\/tr>\n<\/tbody>\n<\/table>\n<h2>Nen\u00e4n muotoilu<\/h2>\n<table border=\"1\" width=\"100%\" cellspacing=\"0\" cellpadding=\"0\">\n<tfoot>\n<tr style=\"background-color: #b0afaf;\">\n<td style=\"text-align: right;\" colspan=\"2\"><span style=\"color: #ffffff;\"><strong>Korva-nen\u00e4-kurkkutautien\u00a0erikoisl\u00e4\u00e4k\u00e4ri M. Luht<\/strong><\/span><\/td>\n<\/tr>\n<\/tfoot>\n<thead>\n<tr>\n<td>Operaatio<\/td>\n<td>Operaation hinta<\/td>\n<\/tr>\n<\/thead>\n<tbody>\n<tr>\n<td><b>Nen\u00e4n muotoiluleikkaus<br \/>\n<\/b><\/td>\n<td>alk. 3 500 &#8211; 3 500 \u20ac<\/td>\n<\/tr>\n<\/tbody>\n<\/table>\n<div><\/div>\n<h2>Gynekologia ja urologia<\/h2>\n<p>Pakettihinnat sis\u00e4lt\u00e4\u00e4: erikoisl\u00e4\u00e4k\u00e4rin arviointi, ultra\u00e4\u00e4ni, verikokeet, majoitus, nukutus, leikkaus Tallinnassa.<\/p>\n<table border=\"1\" width=\"100%\" cellspacing=\"0\" cellpadding=\"0\">\n<thead>\n<tr>\n<td>Operaatio<\/td>\n<td>Pakettihinta<br \/>\nkokonaisuudessa<\/td>\n<td>Osamaksu*, 12 kuukauta<\/td>\n<\/tr>\n<\/thead>\n<tbody>\n<tr>\n<td><b>Kohdunpoisto\u00a0<\/b>tai\u00a0<b>myooman poisto\u00a0<\/b>t\u00e4hyst\u00e4m\u00e4ll\u00e4\u00a0\u00a0\u00a0\u00a0<b><br \/>\n<\/b><\/td>\n<td>alk.\u00a03290 \u20ac<\/td>\n<td>169\u00a0\u20ac\/kk<\/td>\n<\/tr>\n<tr>\n<td>Sterilisaation purku naisille<\/td>\n<td>alk.\u00a03290 \u20ac<\/td>\n<td>189\u00a0\u20ac\/kk<\/td>\n<\/tr>\n<tr>\n<td>Laskeumaleikkaus<\/td>\n<td>alk.\u00a01990 \u20ac<\/td>\n<td>169\u00a0\u20ac\/kk<\/td>\n<\/tr>\n<tr>\n<td>Kystanpoisto t\u00e4hyst\u00e4m\u00e4ll\u00e4<\/td>\n<td>alk.\u00a01990 \u20ac<\/td>\n<td>129\u00a0\u20ac\/kk<\/td>\n<\/tr>\n<tr>\n<td>Sterilisaatio (t\u00e4hystysleikkaus)<\/td>\n<td>alk.\u00a01990\u20ac<\/td>\n<td>89\u00a0\u20ac\/kk<\/td>\n<\/tr>\n<tr>\n<td>Virtsankarkailuleikkaus (TVT)<\/td>\n<td>alk.\u00a02190 \u20ac<\/td>\n<td>99\u00a0\u20ac\/kk<\/td>\n<\/tr>\n<tr>\n<td><\/td>\n<td><\/td>\n<\/tr>\n<tr style=\"background-color: #b0afaf;\">\n<td style=\"text-align: right;\" colspan=\"3\"><span style=\"color: #ffffff;\"><strong>Gynekologian erikoisl\u00e4\u00e4k\u00e4ri A. Doba<\/strong><\/span><\/td>\n<\/tr>\n<\/tbody>\n<\/table>\n<div>\n<h2><\/h2>\n<div>\n<p>&nbsp;<\/p>\n<h2>Verikokeet (Tallinnan toimipisteessa)<\/h2>\n<p>CRP (tulehdusarvo) &#8211;<strong>\u00a0<\/strong>3,90\u00a0\u20ac.<\/p>\n<p>Perusverikokeet (PVK, CRP, K, Na, Krea) &#8211;\u00a029 \u20ac.<\/p>\n<p>Eritt\u00e4in laaja verikokeiden paketti (peruskokeet, rasvapaketti ja maksaarvot) &#8211; 49 \u20ac.<\/p>\n<p>Sy\u00f6p\u00e4paketti (CA19-9, CEA, CA125, AFP) &#8211; 49\u00a0\u20ac.<\/p>\n<p>*Osamaksu haetaan luottoyritykselt\u00e4 Medicredit OY (<a href=\"http:\/\/www.medicredit.ee\/fi\" target=\"_blank\">www.medicredit.ee\/fi<\/a>).<\/p>\n<h1>Helsingin poliklinikka<\/h1>\n<p>Toimistokulut 14\u20ac<\/p>\n<p>L\u00e4\u00e4k\u00e4rin vastaanotto 44\u20ac\u00a0\u00a0\u00a0\u00a0\u00a0 27,5\u20ac\/20 min (KELA korvauksella)<\/p>\n<p>Hoitosopimus potilaalle, joka on menossa leikkaukseen<br \/>\n150 \u20ac (sis\u00e4lt\u00e4\u00e4 vastaanottomaksun ja toimistokulut).<\/p>\n<p>E-konsultaatio potilaalle, joka on tulossa leikkaukseen Viroon ulkomaalta 114 \u20ac (kirjalliset riski- ja j\u00e4lkihoitotiedot)<\/p>\n<p>Operaation peruutus e-konsultaation j\u00e4lkeen potilaan pyynn\u00f6st\u00e4 &#8211; 10% operaation pakeettihinnasta<\/p>\n<\/div>\n<\/div>\n<\/div>\n","protected":false},"excerpt":{"rendered":"<p>Hinnasto ajantasalla: www.medimatkat.fi\/hinnat P\u00e4ivitetty 14.2.2024 Yleis- ja gastrokirurgia Pakettihinnat sis\u00e4lt\u00e4\u00e4: 1)\u00a0erikoisl\u00e4\u00e4k\u00e4rin arviointi Talinnan toimipisteessa. 2) Verikokeet, anestesia ja leikkaus Tallinnan toimipisteessa. Plastiikkakirurgia ja laihdutusleikkaus Pakettihinnat sis\u00e4lt\u00e4\u00e4: verikokeet, nukutus, leikkaus ja majoitus Tallinnan toimipisteessa. Operaatio Pakettihinta kokonaisuudessa Osamaksu*, 12 kuukauta Laihdutusleikkaus (mahalaukun typistys e. gastric sleeve) alk. 5 990 \u20ac 590 \u20ac\/kk Laihdutusleikkaus (mahalaukun ohitusleikkaus\u00a0 e.&hellip; <a class=\"read-more\" href=\"https:\/\/mediresor.se\/fi\/hinnat\/\">Read More<\/a><\/p>\n","protected":false},"author":1,"featured_media":0,"parent":0,"menu_order":0,"comment_status":"open","ping_status":"open","template":"page-rightsidebar.php","meta":{"footnotes":""},"class_list":["post-7","page","type-page","status-publish","hentry"],"_links":{"self":[{"href":"https:\/\/mediresor.se\/fi\/wp-json\/wp\/v2\/pages\/7","targetHints":{"allow":["GET"]}}],"collection":[{"href":"https:\/\/mediresor.se\/fi\/wp-json\/wp\/v2\/pages"}],"about":[{"href":"https:\/\/mediresor.se\/fi\/wp-json\/wp\/v2\/types\/page"}],"author":[{"embeddable":true,"href":"https:\/\/mediresor.se\/fi\/wp-json\/wp\/v2\/users\/1"}],"replies":[{"embeddable":true,"href":"https:\/\/mediresor.se\/fi\/wp-json\/wp\/v2\/comments?post=7"}],"version-history":[{"count":5,"href":"https:\/\/mediresor.se\/fi\/wp-json\/wp\/v2\/pages\/7\/revisions"}],"predecessor-version":[{"id":1875,"href":"https:\/\/mediresor.se\/fi\/wp-json\/wp\/v2\/pages\/7\/revisions\/1875"}],"wp:attachment":[{"href":"https:\/\/mediresor.se\/fi\/wp-json\/wp\/v2\/media?parent=7"}],"curies":[{"name":"wp","href":"https:\/\/api.w.org\/{rel}","templated":true}]}}