{"id":87,"date":"2015-04-26T20:24:34","date_gmt":"2015-04-26T19:24:34","guid":{"rendered":"http:\/\/www.mediresor.se\/?page_id=87"},"modified":"2016-03-21T10:43:06","modified_gmt":"2016-03-21T10:43:06","slug":"mahapanta","status":"publish","type":"page","link":"https:\/\/mediresor.se\/fi\/mahapanta\/","title":{"rendered":"Mahapanta"},"content":{"rendered":"<h2>Mahapanta<\/h2>\n<p><img loading=\"lazy\" decoding=\"async\" class=\"alignleft size-full wp-image-88\" src=\"http:\/\/www.mediresor.se\/wp-content\/uploads\/2015\/04\/maopael_fi.jpg\" alt=\"maopael_fi\" width=\"309\" height=\"209\" srcset=\"https:\/\/mediresor.se\/wp-content\/uploads\/2015\/04\/maopael_fi.jpg 309w, https:\/\/mediresor.se\/wp-content\/uploads\/2015\/04\/maopael_fi-300x203.jpg 300w\" sizes=\"auto, (max-width: 309px) 100vw, 309px\" \/><\/p>\n<p>Tietoja potilaalle<\/p>\n<p>Mahapantaleikkaus on yksi laihdutusleikkausmenetelm\u00e4. Mahalaukun tilavuutta v\u00e4hennet\u00e4\u00e4n s\u00e4\u00e4dett\u00e4v\u00e4n pannan avulla, joten potilas voi leikkauksen j\u00e4lkeen nauttia en\u00e4\u00e4 pieni\u00e4 annoksia kerrallaan.<\/p>\n<p>Mahapantaleikkaus auttaa pudottamaan ylim\u00e4\u00e4r\u00e4iset kilot. T\u00e4m\u00e4 v\u00e4hent\u00e4\u00e4 mahalaukun tilavuutta, eli sy\u00f6tte paljon v\u00e4hemm\u00e4n, sill\u00e4 kyll\u00e4isyyden tunne syntyy paljon aikaisemmin kuin ennen.<\/p>\n<p>&nbsp;<\/p>\n<p>S\u00e4\u00e4dett\u00e4v\u00e4 panta on py\u00f6re\u00e4 nauha, joka muistuttaa pient\u00e4 sis\u00e4rengasta ja asennetaan mahalaukun yl\u00e4osan ymp\u00e4rille. Se t\u00e4ytet\u00e4\u00e4n ihon alle tehdyn aukon kautta. Panta muodostaa sen yl\u00e4puolelle mahalaukkuun pienen pussin. Pussi t\u00e4yttyy sy\u00f6dess\u00e4 nopeasti ja ruoka siirtyy pannan j\u00e4tt\u00e4m\u00e4n aukon kautta hitaasti mahalaukun alaosaan. Ruoka kulkee t\u00e4m\u00e4n j\u00e4lkeen normaalisti koko ruoansulatuskanavan l\u00e4pi.<\/p>\n<p>&nbsp;<\/p>\n<p>Mahapantaleikkausta suositellaan silloin, kun olette kokeillut jo kaikkia muita laihdutusmenetelmi\u00e4, mm. dieetti\u00e4 ja liikuntaa, mutta ne ovat j\u00e4\u00e4neet tuloksettomiksi. T\u00e4llaista leikkausmenetelm\u00e4\u00e4 suositellaan, jos:<\/p>\n<p>&nbsp;<\/p>\n<p>*teill\u00e4 on huomattava ylipaino, BMI yli 40<\/p>\n<p>*teid\u00e4n painoindeksi on 35 ja 40 v\u00e4liss\u00e4 ja teill\u00e4 on lis\u00e4ksi jonkin muu sairaus, mm. diabetes tai korkea verenpaine, joka voisi parantua, jos painonne putoaisi. Mahalaukkupanta voidaan tarvittaessa poistaa, mutta sen poistaminen saattaa aiheuttaa painonnousun.<\/p>\n<p>&nbsp;<\/p>\n<p>Mahapantaleikkaus tehd\u00e4\u00e4n normaalisti yleisnukutuksessa. Se tarkoittaa, ett\u00e4 nukutte koko toimenpiteen ajan. Normaalisti joudutte viett\u00e4m\u00e4\u00e4n sairaalassa viel\u00e4 leikkauksen j\u00e4lkeisen y\u00f6n.<\/p>\n<p>&nbsp;<\/p>\n<p>Mahapantaleikkaus kest\u00e4\u00e4 normaalisti noin tunnin.*<\/p>\n<p>&nbsp;<\/p>\n<p>Mahapanta asennetaan tavallisesti laparoskooppisesti. Laparoskooppisessa leikkauksessa tehd\u00e4\u00e4n vastaan yhden ison leikkausviillon sijasta monta pient\u00e4 viiltoa.<\/p>\n<p>&nbsp;<\/p>\n<p>Mahapannassa on py\u00f6re\u00e4 pallo, joka voidaan t\u00e4ytt\u00e4\u00e4 suolaliuoksella. Kirurgi voi lis\u00e4t\u00e4 leikkauksen j\u00e4lkeen suolaliuosta aukon kautta tai poistaa sit\u00e4. T\u00e4ten s\u00e4\u00e4det\u00e4\u00e4n mahalaukkuun j\u00e4\u00e4v\u00e4\u00e4 aukkoa ja m\u00e4\u00e4ritell\u00e4\u00e4n, kuinka nopeasti mahalaukkuun muodostettu pussi tyhjenee.<\/p>\n<p>&nbsp;<\/p>\n<p>Mahapanta asennetaan tyhj\u00e4n\u00e4 ja kirurgi s\u00e4\u00e4t\u00e4\u00e4 sit\u00e4 muutaman viikon kuluttua leikkauksesta, kun leikkauksen aiheuttama mahalaukun turvotus on h\u00e4vinnyt. On todenn\u00e4k\u00f6ist\u00e4, ett\u00e4 teid\u00e4n pantaa joudutaan s\u00e4\u00e4t\u00e4m\u00e4\u00e4n ensimm\u00e4isten leikkausta seuraavien viikkojen aikana pari kolme kertaa. N\u00e4it\u00e4 s\u00e4\u00e4t\u00f6j\u00e4 toteutetaan jatkuvan ja riitt\u00e4v\u00e4n painonpudotuksen aikaan saamiseen.<\/p>\n<p>&nbsp;<\/p>\n<p>Teid\u00e4n k\u00e4mmenenne tai k\u00e4sivarren laskimoon asennetaan nesteiden annostamista varten tiputuslaite. Jos koette olonne leikkauksen j\u00e4lkeen hyv\u00e4ksi, voitte nauttia pian leikkauksen j\u00e4lkeen pieni\u00e4 m\u00e4\u00e4ri\u00e4 vett\u00e4. Teit\u00e4 rohkaistaan nousemaan s\u00e4ngyst\u00e4 ja liikkumaan heti, kun koette olevanne riitt\u00e4v\u00e4n voimistunut siihen. Se auttaa v\u00e4hent\u00e4m\u00e4\u00e4n ajoissa laskimotukosten ja keuhkoveritulpan vaaraa. Teille saatetaan antaa tukosten syntymisen ehk\u00e4isemiseen hepariiniruiske.<\/p>\n<p>&nbsp;<\/p>\n<p>Potilas voi yleens\u00e4 l\u00e4hte\u00e4 pian leikkauksen j\u00e4lkeen, mutta teid\u00e4n tulisi varata joku kuljettamaan teid\u00e4t kotiin. Saatte ruokavalioon liittyvi\u00e4 ohjeita, joita tulee noudattaa toimenpidett\u00e4 seuraavien viikkojen ajan.<\/p>\n<p>&nbsp;<\/p>\n<p>Teid\u00e4n tulee leikkauksen j\u00e4lkeen tehd\u00e4 muutoksia p\u00e4ivitt\u00e4isess\u00e4 ruokavaliossa: voitte nauttia jokaisella aterialla vain pieni\u00e4 m\u00e4\u00e4ri\u00e4 ruokaa. Heti leikkauksen j\u00e4lkeen voitte nauttia vain nesteit\u00e4, jonka j\u00e4lkeen siirrytte soseutettuun ruokaan. Lis\u00e4ksi joudutte ottamaan my\u00f6s vitamiineja.<\/p>\n<p>&nbsp;<\/p>\n<p>Teid\u00e4n tulee my\u00f6s muuttaa el\u00e4m\u00e4ntapaa ja harrastaa liikuntaa. N\u00e4m\u00e4 muutokset auttavat saamaan mahapantaleikkauksesta parhaan hy\u00f6dyn, pudottamaan ylim\u00e4\u00e4r\u00e4iset kilot ja yll\u00e4pit\u00e4m\u00e4\u00e4n saavutettua painoa. S\u00e4\u00e4nn\u00f6llinen liikunta auttaa v\u00e4hent\u00e4m\u00e4\u00e4n my\u00f6s ihon l\u00f6ystymisen ongelmia. Teid\u00e4n ravintoasiantuntija ja kirurgia antavat ohjeita ruoista, joita voitte nauttia ja siit\u00e4, millaisia muutoksia teid\u00e4n tulee el\u00e4m\u00e4ss\u00e4nne tehd\u00e4.<\/p>\n<p>&nbsp;<\/p>\n<p>T\u00e4ydellinen toipuminen mahapantaleikkauksesta kest\u00e4\u00e4 yleens\u00e4 noin kaksi viikkoa, mutta yksil\u00f6lliset vaihtelut saattavat olla suuriakin.*<\/p>\n<p>&nbsp;<\/p>\n<p>Mahapantaleikkaus on yleens\u00e4 turvallinen. Mutta leikkauksesta tietoisen p\u00e4\u00e4t\u00f6ksen tekeminen ja siihen suostumuksenne antaminen edellytt\u00e4v\u00e4t mahdollisiin leikkauksen haittavaikutuksiin ja komplikaatioihin perehtymist\u00e4.<\/p>\n<p>&nbsp;<\/p>\n<p>Haittavaikutus on ei-toivottu, mutta yleens\u00e4 tilap\u00e4inen toimenpidett\u00e4 seuraava vaikutus. Parantuvien haavojen ymp\u00e4rille syntyy todenn\u00e4k\u00f6isesti verenpurkaumia, kipua ja turvotusta. Jos teille on asennettu mahapanta, ruokailu saattaa aiheuttaa pahoinvoinnin, erityisesti jos yrit\u00e4tte sy\u00f6d\u00e4 kerralla liian paljon. Ruoan kunnolla pureskeleminen, kerralla pienten annosten nauttiminen ja helposti sulavien ruokien suosiminen auttavat osaltaan v\u00e4hent\u00e4\u00e4 haittavaikutusten merkitt\u00e4vyytt\u00e4.<\/p>\n<p>&nbsp;<\/p>\n<p>Jokaisen leikkauksen komplikaationa saattavat olla odottamaton reaktio nukutusaineisiin, ylim\u00e4\u00e4r\u00e4inen verenvuoto tai tukosten syntyminen, etenkin alaraajalaskimoissa.<\/p>\n<p>&nbsp;<\/p>\n<p>Merkitt\u00e4v\u00e4 ylipaino suurentaa osaltaan leikkauksen j\u00e4lkeisten komplikaatioiden vaaraa. Suuri ylipaino lis\u00e4\u00e4 huomattavasti nukutuksen aiheuttamien komplikaatioiden ja tukosten syntymisen vaaraa. Jos teill\u00e4 on muita ylipainoon liittyvi\u00e4 sairauksia, mm. korkea verenpaine tai diabetes, nekin saattavat vaikuttaa leikkauksen j\u00e4lkeisten komplikaatioiden syntyyn.<\/p>\n<p>&nbsp;<\/p>\n<p>Mahapantaleikkausta seuraavat tyypilliset komplikaatiot:<\/p>\n<p>*Tulehdus mahapannan ymp\u00e4rill\u00e4 tai haavatulehdus. Joskus saattaa synty\u00e4 my\u00f6s keuhkotulehdus<\/p>\n<p>*Mahalaukun tai muiden vatsaontelon elinten vaurioituminen leikkauksen aikana. Se saattaa johtaa siihen, ett\u00e4 kirurgi joutuu siirtym\u00e4\u00e4n avoleikkaukseen ja tekem\u00e4\u00e4n isomman viillon.<\/p>\n<p>*Mahapanta saattaa siirty\u00e4 paikoiltaan, vuotaa tai tyhjenty\u00e4 tai tunkeutua hitaasti mahalaukun sein\u00e4m\u00e4n l\u00e4pi. Jos se tapahtuu, tulee pannan paikkaa muuttaa, poistaa panta tai asentaa se uudelleen.<\/p>\n<p>*Jos painonpudotus on nopea, saattaa synty\u00e4 sappikivi\u00e4. Ne ovat kivuliaita ja niiden poistaminen saattaa edellytt\u00e4\u00e4 leikkausta.<\/p>\n<p>&nbsp;<\/p>\n<p>Leikkausta seuraava painonpudotus ei ole kaikilla potilailla riitt\u00e4v\u00e4 ja on potilaita, joiden paino alkaa alustavan painonpudotuksen j\u00e4lkeen taas nousta. Kirurgi suosittelee sellaisissa tapauksissa muita hoitomenetelmi\u00e4, mm. mahalaukun ohitusleikkausta.<\/p>\n<p>Tri R. Adamson(Adams kirurgia grupp<\/p>\n<p>&nbsp;<\/p>\n<p>* Esimerkit, jotkat l\u00f6ytyy nettisivultamme, ovat yleisi\u00e4. Operaation tulos on aina henkil\u00f6kohtainen. Ole yst\u00e4v\u00e4llisesti yhteydess\u00e4 l\u00e4\u00e4k\u00e4riin, jos haluat tarkempia tietoja.<\/p>\n","protected":false},"excerpt":{"rendered":"<p>Mahapanta Tietoja potilaalle Mahapantaleikkaus on yksi laihdutusleikkausmenetelm\u00e4. Mahalaukun tilavuutta v\u00e4hennet\u00e4\u00e4n s\u00e4\u00e4dett\u00e4v\u00e4n pannan avulla, joten potilas voi leikkauksen j\u00e4lkeen nauttia en\u00e4\u00e4 pieni\u00e4 annoksia kerrallaan. Mahapantaleikkaus auttaa pudottamaan ylim\u00e4\u00e4r\u00e4iset kilot. T\u00e4m\u00e4 v\u00e4hent\u00e4\u00e4 mahalaukun tilavuutta, eli sy\u00f6tte paljon v\u00e4hemm\u00e4n, sill\u00e4 kyll\u00e4isyyden tunne syntyy paljon aikaisemmin kuin ennen. &nbsp; S\u00e4\u00e4dett\u00e4v\u00e4 panta on py\u00f6re\u00e4 nauha, joka muistuttaa pient\u00e4 sis\u00e4rengasta ja&hellip; <a class=\"read-more\" href=\"https:\/\/mediresor.se\/fi\/mahapanta\/\">Read More<\/a><\/p>\n","protected":false},"author":1,"featured_media":0,"parent":0,"menu_order":0,"comment_status":"open","ping_status":"open","template":"page-rightsidebar2.php","meta":{"footnotes":""},"class_list":["post-87","page","type-page","status-publish","hentry"],"_links":{"self":[{"href":"https:\/\/mediresor.se\/fi\/wp-json\/wp\/v2\/pages\/87","targetHints":{"allow":["GET"]}}],"collection":[{"href":"https:\/\/mediresor.se\/fi\/wp-json\/wp\/v2\/pages"}],"about":[{"href":"https:\/\/mediresor.se\/fi\/wp-json\/wp\/v2\/types\/page"}],"author":[{"embeddable":true,"href":"https:\/\/mediresor.se\/fi\/wp-json\/wp\/v2\/users\/1"}],"replies":[{"embeddable":true,"href":"https:\/\/mediresor.se\/fi\/wp-json\/wp\/v2\/comments?post=87"}],"version-history":[{"count":5,"href":"https:\/\/mediresor.se\/fi\/wp-json\/wp\/v2\/pages\/87\/revisions"}],"predecessor-version":[{"id":726,"href":"https:\/\/mediresor.se\/fi\/wp-json\/wp\/v2\/pages\/87\/revisions\/726"}],"wp:attachment":[{"href":"https:\/\/mediresor.se\/fi\/wp-json\/wp\/v2\/media?parent=87"}],"curies":[{"name":"wp","href":"https:\/\/api.w.org\/{rel}","templated":true}]}}