{"id":95,"date":"2015-04-26T20:52:52","date_gmt":"2015-04-26T19:52:52","guid":{"rendered":"http:\/\/www.mediresor.se\/?page_id=95"},"modified":"2016-03-21T10:56:20","modified_gmt":"2016-03-21T10:56:20","slug":"mahalaukun-typistys","status":"publish","type":"page","link":"https:\/\/mediresor.se\/fi\/mahalaukun-typistys\/","title":{"rendered":"Mahalaukun typistys"},"content":{"rendered":"<h2>Mahalaukun typistys*<\/h2>\n<p><a href=\"http:\/\/www.mediresor.se\/wp-content\/uploads\/2015\/04\/Sleeve-copy.jpg\"><img loading=\"lazy\" decoding=\"async\" class=\"alignleft size-medium wp-image-97\" src=\"http:\/\/www.mediresor.se\/wp-content\/uploads\/2015\/04\/Sleeve-copy-204x300.jpg\" alt=\"Sleeve-copy\" width=\"204\" height=\"300\" srcset=\"https:\/\/mediresor.se\/wp-content\/uploads\/2015\/04\/Sleeve-copy-204x300.jpg 204w, https:\/\/mediresor.se\/wp-content\/uploads\/2015\/04\/Sleeve-copy.jpg 436w\" sizes=\"auto, (max-width: 204px) 100vw, 204px\" \/><\/a>Vertikaalinen mahalaukun kavennus on kehittynyt bariatriseksi toimenpiteeksi viimeist\u00e4\u00e4n parinkymmenen vuoden aikana. Se otettiin k\u00e4ytt\u00f6\u00f6n biliopankreaattisen diversion restriktiivisena vaiheena. 10 vuotta my\u00f6hemmin, on laparoskooppista vertikaalista mahalaukun kavennusleikkausta k\u00e4ytetty sairaalloisen liikalihavien potilaiden siirtym\u00e4toimenpiteen\u00e4, jota seuraa yleens\u00e4 laparoskooppinen Roux-en-Y \u2013mahalaukun ohitusleikkaus tai biliopankreaattinen diversio ja pohjukaissuolen yhdist\u00e4minen.<\/p>\n<p>&nbsp;<\/p>\n<p>Laparoskooppista vertikaali mahalaukun kavennusta k\u00e4ytet\u00e4\u00e4n itsen\u00e4isen\u00e4 toimenpiteen jatkuvasti yh\u00e4 enemm\u00e4n ja sen todettiin ensimm\u00e4isess\u00e4 ja toisessa mahalaukun vertikaalisen kavennusleikkauksen konsensustapaamisissa vuosina 2007 ja 2009 olevan turvallinen ja hyvin toteutettava bariatrinen toimenpide. Kyseess\u00e4 on restriktiivinen toimenpide, mutta suurimman osan mahalaukun poistamisen johdosta v\u00e4hentyy my\u00f6s greliinin tuotanto eli t\u00e4m\u00e4 menetelm\u00e4 toimii my\u00f6s ruokahalua v\u00e4hent\u00e4v\u00e4n\u00e4.<\/p>\n<p>&nbsp;<\/p>\n<p>Laparoskooppisen pystysuuntaisen mahalaukun kavennusleikkauksen muita etuja ovat muun muassa sen tekninen helppous, melko hyv\u00e4 restriktiivinen lopputulos, muiden k\u00e4yt\u00f6ss\u00e4 olevien toimenpiteiden mahdollisten komplikaatioiden eli anastamosiksen kaventumisen, haavaumien, sis\u00e4isten tyrien, <em>dumping<\/em>-oireiden, irtaantumisen ja eroosion syntymisen v\u00e4h\u00e4inen todenn\u00e4k\u00f6isyys tai poissulkeminen. Useat tutkijat koko maailmasta ovat julkaisseet laparoskooppista vertikaalia mahalaukun kavennuksen bariatrisen toimenpiteen tehoa koskevia tutkimuksia. Abu-Jaish et al. Julkaistujen erikoisasiantuntijoiden analyysiss\u00e4 totesivat tutkimuksen tekij\u00e4t, ett\u00e4 painonpudotuksen m\u00e4\u00e4r\u00e4 vaihteli hyvin laajasti 33 \u2013 83 %, laparoskooppisen vertikaalin mahalaukun kavennuksen voi katsoa olevan yht\u00e4 tehokkaan kuten perinteisten laihdutusleikkausten, joissa p\u00e4\u00e4st\u00e4\u00e4n leikkauksen j\u00e4lkeen yleens\u00e4 keskim\u00e4\u00e4rin 60 \u2013 85 % painonpudotukseen.*<\/p>\n<p>&nbsp;<\/p>\n<p>Laparoskooppisen vertikaalin kavennuksen l\u00e4pi k\u00e4yneiden potilaiden kohdalla on painonpudotus riitt\u00e4v\u00e4 ja pysyv\u00e4 ja anastomoseja ei tarvita, j\u00e4ljell\u00e4 olevaan mahaan p\u00e4\u00e4see helposti endoskoopilla ja leikkauksen j\u00e4lkeen on vitamiinien ja mikroravintoaineiden nauttimisen tarve usein v\u00e4h\u00e4ist\u00e4.*<\/p>\n<p>&nbsp;<\/p>\n<p>Mutta laparoskooppisessa vertikaalissa mahalaukun kavennuksessa on my\u00f6s sille tyypillisi\u00e4 haittavaikutuksia, joista merkitt\u00e4vin on kavennussauman vuoto. Vaikka laparoskooppista vertikaalia mahalaukun kavennusta seuraava mahalaukun vuoto ilmenee alle 5 % potilaista, se pident\u00e4\u00e4 merkitt\u00e4v\u00e4sti sairaalap\u00e4ivien m\u00e4\u00e4r\u00e4\u00e4 ja saattaa olla hengenvaarallinen.<\/p>\n<p>&nbsp;<\/p>\n<p>Mahalaukun vertikaali kavennus ei sovellu vatsatyr\u00e4st\u00e4 tai mahalaukun-ruokatorven refluksista k\u00e4rsiville potilaille. Ongelma syntyy siit\u00e4, ett\u00e4 mahalaukun vertikaalisen kavennusleikkauksen j\u00e4lkeen mahalaukkurefluksin leikkausta ei en\u00e4\u00e4 tehd\u00e4.<\/p>\n<p>&nbsp;<\/p>\n<p>tri R. Adamson\/ Adams kirurgia grupp<\/p>\n<p>&nbsp;<\/p>\n<p>* Esimerkit, jotkat l\u00f6ytyy nettisivultamme, ovat yleisi\u00e4. Operaation tulos on aina henkil\u00f6kohtainen. Ole yst\u00e4v\u00e4llisesti yhteydess\u00e4 l\u00e4\u00e4k\u00e4riin, jos haluat tarkempia tietoja.<\/p>\n","protected":false},"excerpt":{"rendered":"<p>Mahalaukun typistys* Vertikaalinen mahalaukun kavennus on kehittynyt bariatriseksi toimenpiteeksi viimeist\u00e4\u00e4n parinkymmenen vuoden aikana. Se otettiin k\u00e4ytt\u00f6\u00f6n biliopankreaattisen diversion restriktiivisena vaiheena. 10 vuotta my\u00f6hemmin, on laparoskooppista vertikaalista mahalaukun kavennusleikkausta k\u00e4ytetty sairaalloisen liikalihavien potilaiden siirtym\u00e4toimenpiteen\u00e4, jota seuraa yleens\u00e4 laparoskooppinen Roux-en-Y \u2013mahalaukun ohitusleikkaus tai biliopankreaattinen diversio ja pohjukaissuolen yhdist\u00e4minen. &nbsp; Laparoskooppista vertikaali mahalaukun kavennusta k\u00e4ytet\u00e4\u00e4n itsen\u00e4isen\u00e4 toimenpiteen jatkuvasti&hellip; <a class=\"read-more\" href=\"https:\/\/mediresor.se\/fi\/mahalaukun-typistys\/\">Read More<\/a><\/p>\n","protected":false},"author":1,"featured_media":0,"parent":0,"menu_order":0,"comment_status":"open","ping_status":"open","template":"page-rightsidebar2.php","meta":{"footnotes":""},"class_list":["post-95","page","type-page","status-publish","hentry"],"_links":{"self":[{"href":"https:\/\/mediresor.se\/fi\/wp-json\/wp\/v2\/pages\/95","targetHints":{"allow":["GET"]}}],"collection":[{"href":"https:\/\/mediresor.se\/fi\/wp-json\/wp\/v2\/pages"}],"about":[{"href":"https:\/\/mediresor.se\/fi\/wp-json\/wp\/v2\/types\/page"}],"author":[{"embeddable":true,"href":"https:\/\/mediresor.se\/fi\/wp-json\/wp\/v2\/users\/1"}],"replies":[{"embeddable":true,"href":"https:\/\/mediresor.se\/fi\/wp-json\/wp\/v2\/comments?post=95"}],"version-history":[{"count":5,"href":"https:\/\/mediresor.se\/fi\/wp-json\/wp\/v2\/pages\/95\/revisions"}],"predecessor-version":[{"id":743,"href":"https:\/\/mediresor.se\/fi\/wp-json\/wp\/v2\/pages\/95\/revisions\/743"}],"wp:attachment":[{"href":"https:\/\/mediresor.se\/fi\/wp-json\/wp\/v2\/media?parent=95"}],"curies":[{"name":"wp","href":"https:\/\/api.w.org\/{rel}","templated":true}]}}