{"id":1476,"date":"2018-11-07T14:29:53","date_gmt":"2018-11-07T14:29:53","guid":{"rendered":"http:\/\/www.mediresor.se\/?page_id=1476"},"modified":"2018-11-07T14:43:45","modified_gmt":"2018-11-07T14:43:45","slug":"gastric-sleeve-eller-gastric-bypass-i-estland","status":"publish","type":"page","link":"https:\/\/mediresor.se\/nb\/gastric-sleeve-eller-gastric-bypass-i-estland\/","title":{"rendered":"Gastric sleeve eller gastric bypass i Estland"},"content":{"rendered":"<h3 class=\"p1\"><strong><span class=\"s1\">Gastric sleeve\u00a0eller gastric bypass (slankeoperasjon)<\/span><\/strong><\/h3>\n<table style=\"height: 321px;\" width=\"741\">\n<tbody>\n<tr>\n<td><\/td>\n<td>Lege: dr. R. Adamson.<\/p>\n<p>Endoskopi\u00a0(gastroskopi)\u00a0 er inkludert i prisen.<\/p>\n<p>Ultralyd er inkludert i prisen.<\/p>\n<p>Blodpr\u00f8v er inkludert i prisen.<\/p>\n<p>Anestesi\u00a0inkludert i prisen.<\/p>\n<p>3 dagers opphold p\u00e5 sykehuset er inkludert i prisen.<\/p>\n\n\t\t\t<!-- START Gastric bypass or sleeve REVOLUTION SLIDER 6.2.15 --><p class=\"rs-p-wp-fix\"><\/p>\n\t\t\t<rs-module-wrap id=\"rev_slider_2_1_wrapper\" data-source=\"gallery\" style=\"background:transparent;padding:0;margin:0px auto;margin-top:0;margin-bottom:0;max-width:;\">\n\t\t\t\t<rs-module id=\"rev_slider_2_1\" style=\"\" data-version=\"6.2.15\">\n\t\t\t\t\t<rs-slides>\n\t\t\t\t\t\t<rs-slide data-key=\"rs-9\" data-title=\"Slide\" data-anim=\"ei:d;eo:d;s:d;r:0;t:fade;sl:d;\">\n\t\t\t\t\t\t\t<img decoding=\"async\" src=\"\/\/www.mediresor.se\/wp-content\/uploads\/2018\/11\/gastric_bypass_fo\u0308re_eefter.png\" title=\"Gastric sleeve eller gastric bypass i Estland\" data-parallax=\"off\" class=\"rev-slidebg\" data-no-retina>\n<!---->\t\t\t\t\t\t<\/rs-slide>\n\t\t\t\t\t\t<rs-slide data-key=\"rs-10\" data-title=\"Slide\" data-anim=\"ei:d;eo:d;s:d;r:0;t:fade;sl:d;\">\n\t\t\t\t\t\t\t<img decoding=\"async\" src=\"\/\/www.mediresor.se\/wp-content\/uploads\/2018\/11\/gastric_plication_fo\u0308re_efter.png\" title=\"Gastric sleeve eller gastric bypass i Estland\" data-parallax=\"off\" class=\"rev-slidebg\" data-no-retina>\n<!---->\t\t\t\t\t\t<\/rs-slide>\n\t\t\t\t\t\t<rs-slide data-key=\"rs-11\" data-title=\"Slide\" data-anim=\"ei:d;eo:d;s:d;r:0;t:fade;sl:d;\">\n\t\t\t\t\t\t\t<img decoding=\"async\" src=\"\/\/www.mediresor.se\/wp-content\/uploads\/2018\/11\/gastric_sleeve_fo\u0308re_e_efter.png\" title=\"Gastric sleeve eller gastric bypass i Estland\" data-parallax=\"off\" class=\"rev-slidebg\" data-no-retina>\n<!---->\t\t\t\t\t\t<\/rs-slide>\n\t\t\t\t\t\t<rs-slide data-key=\"rs-17\" data-title=\"Slide\" data-anim=\"ei:d;eo:d;s:d;r:0;t:fade;sl:d;\">\n\t\t\t\t\t\t\t<img decoding=\"async\" src=\"\/\/www.mediresor.se\/wp-content\/uploads\/2018\/11\/Screen-Shot-2018-11-12-at-17.31.23.png\" title=\"Gastric sleeve eller gastric bypass i Estland\" data-parallax=\"off\" class=\"rev-slidebg\" data-no-retina>\n<!---->\t\t\t\t\t\t<\/rs-slide>\n\t\t\t\t\t<\/rs-slides>\n\t\t\t\t<\/rs-module>\n\t\t\t\t<script type=\"text\/javascript\">\n\t\t\t\t\tsetREVStartSize({c: 'rev_slider_2_1',rl:[1240,1024,778,480],el:[],gw:[1240],gh:[868],type:'standard',justify:'',layout:'fullwidth',mh:\"0\"});\n\t\t\t\t\tvar\trevapi2,\n\t\t\t\t\t\ttpj;\n\t\t\t\t\tjQuery(function() {\n\t\t\t\t\t\ttpj = jQuery;\n\t\t\t\t\t\trevapi2 = tpj(\"#rev_slider_2_1\")\n\t\t\t\t\t\tif(revapi2==undefined || revapi2.revolution == undefined){\n\t\t\t\t\t\t\trevslider_showDoubleJqueryError(\"rev_slider_2_1\");\n\t\t\t\t\t\t}else{\n\t\t\t\t\t\t\trevapi2.revolution({\n\t\t\t\t\t\t\t\tduration:2000,\n\t\t\t\t\t\t\t\tvisibilityLevels:\"1240,1024,778,480\",\n\t\t\t\t\t\t\t\tgridwidth:1240,\n\t\t\t\t\t\t\t\tgridheight:868,\n\t\t\t\t\t\t\t\tspinner:\"spinner2\",\n\t\t\t\t\t\t\t\tperspectiveType:\"local\",\n\t\t\t\t\t\t\t\tresponsiveLevels:\"1240,1024,778,480\",\n\t\t\t\t\t\t\t\tprogressBar:{disableProgressBar:true},\n\t\t\t\t\t\t\t\tnavigation: {\n\t\t\t\t\t\t\t\t\tonHoverStop:false\n\t\t\t\t\t\t\t\t},\n\t\t\t\t\t\t\t\tparallax: {\n\t\t\t\t\t\t\t\t\tlevels:[5,10,15,20,25,30,35,40,45,50,47,48,49,50,51,30],\n\t\t\t\t\t\t\t\t\ttype:\"mouse\",\n\t\t\t\t\t\t\t\t\tspeed:200\n\t\t\t\t\t\t\t\t},\n\t\t\t\t\t\t\t\tfallbacks: {\n\t\t\t\t\t\t\t\t\tallowHTML5AutoPlayOnAndroid:true\n\t\t\t\t\t\t\t\t},\n\t\t\t\t\t\t\t});\n\t\t\t\t\t\t}\n\t\t\t\t\t\t\n\t\t\t\t\t});\n\t\t\t\t<\/script>\n\t\t\t\t<script>\n\t\t\t\t\tvar htmlDivCss = ' #rev_slider_2_1_wrapper rs-loader.spinner2{ background-color: #FFFFFF !important; } '\n\t\t\t\t\tvar htmlDiv = document.getElementById('rs-plugin-settings-inline-css');\n\t\t\t\t\tif(htmlDiv) {\n\t\t\t\t\t\thtmlDiv.innerHTML = htmlDiv.innerHTML + htmlDivCss;\n\t\t\t\t\t}else{\n\t\t\t\t\t\tvar htmlDiv = document.createElement('div');\n\t\t\t\t\t\thtmlDiv.innerHTML = '<style>' + htmlDivCss + '<\/style>';\n\t\t\t\t\t\tdocument.getElementsByTagName('head')[0].appendChild(htmlDiv.childNodes[0]);\n\t\t\t\t\t}\n\t\t\t\t<\/script>\n\t\t\t<\/rs-module-wrap>\n\t\t\t<!-- END REVOLUTION SLIDER -->\n\n<p>**<\/td>\n<\/tr>\n<\/tbody>\n<\/table>\n<div class=\"page\" title=\"Page 1\"><\/div>\n<p class=\"p1\">SLANKEOPERASJON<\/p>\n<p class=\"p1\"><span class=\"s1\">En\u00a0slankeoperasjon er en sv\u00e6rt effektiv hjelp til \u00e5 g\u00e5 ned i vekt. Sammen med vekttapet opplever du ogs\u00e5 at hum\u00f8ret blir bedre. Men dette er ikke det eneste som bli bedre. Takket v\u00e6re effektivt vekttap gir slankeoperasjon ogs\u00e5 mer vidtrekkende fordel: lavere blodtrykk, lavere kolesterolniv\u00e5, bedring av artritt osv.<\/span><\/p>\n<p class=\"p1\"><span class=\"s1\">HVORDAN PROSESSEN FUNGERER<\/span><\/p>\n<p class=\"p1\"><span class=\"s1\">Din operasjon utf\u00f8res av dr. Rein Adamson, som har over 30 \u00e5rs erfaring som kirurg, som arbeider ved et stort og sentralt sykehus i Tallinn, har deltatt p\u00e5 en rekke kurs verden over og har fokusert p\u00e5 vektreduksjonsoperasjoner, med sv\u00e6rt gode resultater. Han utf\u00f8rer om lag 300 operasjoner i \u00e5ret, er sv\u00e6rt pasientsentrert, hjelper alltid hver pasient \u00e5 velge riktig teknikk og er ogs\u00e5 sv\u00e6rt st\u00f8ttende og hjelpsom etter operasjonen.<\/span><\/p>\n<p class=\"p1\"><span class=\"s1\">Vi tilbyr fire ulikeslankeoperasjoner: mage-plikasjon, gastrisk bypass-operasjon, magebandasje og langsg\u00e5ende magereseksjon.<\/span><\/p>\n<p class=\"p1\"><span class=\"s1\">Ved mage-plikasjon reduseres magevolumet ved hjelp av en spesiell sutur-teknikk. Denne operasjonen utf\u00f8res kun p\u00e5 pasienter med en BMI p\u00e5 30 eller h\u00f8yere.<\/span><\/p>\n<p class=\"p1\"><span class=\"s1\">Som sluttresultat av en gastrisk bypass-operasjon beveger maten seg forbi din magesekk, og dette gir en kraftig vektreduksjon. Men denne operasjonen m\u00e5 vurderes sv\u00e6rt n\u00f8ye, fordi den inneb\u00e6rer sv\u00e6rt store forandringer i livsstil, og disse m\u00e5 f\u00f8lges opp.<\/span><\/p>\n<p class=\"p1\"><span class=\"s1\">Ved hjelp av en magebandasje reduseres mengden tilf\u00f8rt mat ved at det monteres en spesiell gummibandasje rundt \u00f8vre del av magesekken. Liksom ved mage-plikasjon utf\u00f8res denne operasjonen kun p\u00e5 pasienter med en BMI p\u00e5 30 eller h\u00f8yere.<\/span><\/p>\n<p class=\"p1\"><span class=\"s1\">Ved langsg\u00e5ende magereseksjon fjernes den st\u00f8rre krummingen fra magesekken, som gir den inntil 60% mindre volum. Dette f\u00f8rer i sin tur til effektivt vekttap helt fra de f\u00f8rste dagene og inntil to \u00e5r. Under denne operasjonen benytter vi verdens mest ufarlige og nyeste Covidien Tri-Staple(TM) stapler. Denne operasjonen utf\u00f8res kun p\u00e5 pasienter med en BMI p\u00e5 33 eller h\u00f8yere.<\/span><\/p>\n<p class=\"p1\"><span class=\"s1\">Hva som passer best for deg klarlegger vi under konsultasjonene.<\/span><\/p>\n<p class=\"p1\"><span class=\"s1\">Under konsultasjonene f\u00f8r operasjonen klarlegger vi dine forventninger og finner den operasjonen som passer best for deg.<\/span><\/p>\n<p class=\"p1\"><span class=\"s1\">Behandlingsprosessen i klinikken er organisert for \u00e5 ta s\u00e5 lite som mulig av din tid. Alt f\u00f8rste dagen gj\u00f8r vi alle n\u00f8dvendige grundige unders\u00f8kelser &#8211; et sv\u00e6rt bredt spekter av blodpr\u00f8ver, fastsetting av blodgruppe, hjerte-elektrokardiogram, om n\u00f8dvendig ogs\u00e5 ultralydunders\u00f8kelse av magen. Deretter m\u00f8ter du din kirurg, som utf\u00f8rer unders\u00f8kelse av magesekken under narkose (gastroskopi). N\u00e5r mageunders\u00f8kelsen er i orden, kan vi under narkose utf\u00f8re magereduksjon gjennom kikkhullsoperasjon (gjennom sm\u00e5 \u00e5pninger i huden).<\/span><\/p>\n<p class=\"p1\"><span class=\"s1\">Avhengig av operasjonen er varigheten inntil halvannen time og operasjonen utf\u00f8res under full narkose.<\/span><\/p>\n<p class=\"p1\"><span class=\"s1\">Under operasjonen oppholder du deg to netter ved v\u00e5r klinikk. Det vil si at du kan begynne p\u00e5 hjemreisen alt morgenen etter neste dag.<\/span><\/p>\n<p class=\"p1\"><span class=\"s1\">Ettersom rekonvalesenstiden etter operasjonen er ulik for hver pasient og avhengig av operasjonen, kan perioden vare to-tre uker.<\/span><\/p>\n<p class=\"p1\"><span class=\"s1\">Vedslankeoperasjoner m\u00e5 du i alle tilfeller f\u00f8lge angitt diett og treningsprogram til punkt og prikke. Uten disse er det ikke s\u00e6rlig stor nytte av operasjonen.<\/span><\/p>\n<p class=\"p1\"><span class=\"s1\">HVOR SKJER OPERASJONEN<\/span><\/p>\n<p class=\"p1\"><span class=\"s1\">Hele prosessen foreg\u00e5r i Tallinn. Det skjer i en moderne klinikk som ligger om lag en times flyreise unna for deg. Her ventes du av et 5-stjerners hotell med nordisk kvalitet og service til en rimelig pris.<\/span><\/p>\n<p class=\"p1\"><span class=\"s1\">Ved v\u00e5r klinikk har det hvert \u00e5r v\u00e6rt utf\u00f8rt vellykkede operasjoner p\u00e5 n\u00e6rmere 300 pasienter fra Skandinavia, i tillegg til lokale pasienter. Vi har sv\u00e6rt gode erfaringer med organisering av behandlings- og reiseprosessen for utenlandske pasienter, der m\u00e5let er \u00e5 gi et best mulig estetisk resultat og sikre pasientens trygghet.<\/span><\/p>\n<p class=\"p1\"><span class=\"s1\">I tillegg til \u00e5 v\u00e6re profesjonelle er klinikkens ansatte ogs\u00e5 sv\u00e6rt vennlige og st\u00f8ttende.<\/span><\/p>\n<p class=\"p1\"><span class=\"s1\">Ta kontakt om du vil sende en foresp\u00f8rsel eller om du skulle ha tilleggssp\u00f8rsm\u00e5l ang\u00e5ende denne operasjonen. Vi venter din samtale p\u00e5 +467 36 36 36 90 eller ditt brev p\u00e5 adresse <a href=\"mailto:info@mediresor.se\"><span class=\"s2\">info@mediresor.se<\/span><\/a>.<\/span><\/p>\n<h1 class=\"western\" lang=\"sv-SE\"><\/h1>\n<h1 class=\"western\" lang=\"sv-SE\">\u00a0<a class=\"loerohkem\" href=\"http:\/\/www.mediresor.se\/nb\/gastric-bypass\/\">LES MER (GASTRIC BYPASS)<\/a><\/h1>\n<h1 class=\"western\" lang=\"sv-SE\"><a class=\"loerohkem\" href=\"http:\/\/www.mediresor.se\/nb\/372-2\/\">LES MER (GASTRIC SLEEVE)<\/a><\/h1>\n<p>(c) Mediresor<\/p>\n<p>* Exemplen som ges i texten \u00e4r generella och kan variera beroende p\u00e5 patienternas behov. F\u00f6r ytterligare information kontakta l\u00e4kare.<\/p>\n<p>** Detta \u00e4r en verklig rekommendation fr\u00e5n v\u00e5r kund. Ocks\u00e5 vara medvetna om att s\u00e5dana resultat kan varken utlovade eller garanterade.<\/p>\n","protected":false},"excerpt":{"rendered":"<p>Gastric sleeve\u00a0eller gastric bypass (slankeoperasjon) Lege: dr. R. Adamson. Endoskopi\u00a0(gastroskopi)\u00a0 er inkludert i prisen. Ultralyd er inkludert i prisen. Blodpr\u00f8v er inkludert i prisen. Anestesi\u00a0inkludert i prisen. 3 dagers opphold p\u00e5 sykehuset er inkludert i prisen. ** SLANKEOPERASJON En\u00a0slankeoperasjon er en sv\u00e6rt effektiv hjelp til \u00e5 g\u00e5 ned i vekt. Sammen med vekttapet opplever du&hellip; <a class=\"read-more\" href=\"https:\/\/mediresor.se\/nb\/gastric-sleeve-eller-gastric-bypass-i-estland\/\">Read More<\/a><\/p>\n","protected":false},"author":1,"featured_media":0,"parent":0,"menu_order":0,"comment_status":"closed","ping_status":"closed","template":"","meta":{"footnotes":""},"class_list":["post-1476","page","type-page","status-publish","hentry"],"_links":{"self":[{"href":"https:\/\/mediresor.se\/nb\/wp-json\/wp\/v2\/pages\/1476","targetHints":{"allow":["GET"]}}],"collection":[{"href":"https:\/\/mediresor.se\/nb\/wp-json\/wp\/v2\/pages"}],"about":[{"href":"https:\/\/mediresor.se\/nb\/wp-json\/wp\/v2\/types\/page"}],"author":[{"embeddable":true,"href":"https:\/\/mediresor.se\/nb\/wp-json\/wp\/v2\/users\/1"}],"replies":[{"embeddable":true,"href":"https:\/\/mediresor.se\/nb\/wp-json\/wp\/v2\/comments?post=1476"}],"version-history":[{"count":5,"href":"https:\/\/mediresor.se\/nb\/wp-json\/wp\/v2\/pages\/1476\/revisions"}],"predecessor-version":[{"id":1484,"href":"https:\/\/mediresor.se\/nb\/wp-json\/wp\/v2\/pages\/1476\/revisions\/1484"}],"wp:attachment":[{"href":"https:\/\/mediresor.se\/nb\/wp-json\/wp\/v2\/media?parent=1476"}],"curies":[{"name":"wp","href":"https:\/\/api.w.org\/{rel}","templated":true}]}}