{"id":1488,"date":"2018-11-07T14:51:03","date_gmt":"2018-11-07T14:51:03","guid":{"rendered":"http:\/\/www.mediresor.se\/?page_id=1488"},"modified":"2018-11-07T14:51:03","modified_gmt":"2018-11-07T14:51:03","slug":"fettsuging_les_mer","status":"publish","type":"page","link":"https:\/\/mediresor.se\/nb\/fettsuging_les_mer\/","title":{"rendered":"fettsuging_les_mer"},"content":{"rendered":"<h1 class=\"western\" lang=\"nb-NO\">Fettsuging*<\/h1>\n<p>Fettsuging er den mest utf\u00f8rte estetiske kirurgi i verden. Den ble f\u00f8rst beskrevet rundt1920 og populariteten steg p\u00e5 1970-tallet.<\/p>\n<p>Dette er en type kirurgisk inngrep som gj\u00f8r det mulig \u00e5 forme kroppen bedre ved at overfl\u00f8dig fettvev\/fettlagre fjernes fra omr\u00e5der som ikke endrer seg selv med diett og trening. Vanlige omr\u00e5der for behandling er hake, biceps, mage, sidene, hofter, rumpe, indre og ytre l\u00e5r, kne- og ankel-omr\u00e5det.<\/p>\n<p><strong class=\"western\">Pre-kirurgisk konsultasjon<\/strong><br \/>\nPasientens forventninger og muligheter til \u00e5 realisere sine \u00f8nsker blir etablert. Pasientens medisinske historie og aktuell bruk av medisiner diskuteres. Det anbefales \u00e5 stabilisere pasientens vekt f\u00f8r inngrepet.<\/p>\n<p>Under unders\u00f8kelsen av pasienten vurderes avvik fra den ideelle konturen, asymmetrier, cellulitter, hudens kvalitet og graden av overfl\u00f8dighet. Pasienten fotograferes for den historiske saksgangen. Inngrepets amplitude og snitt-stedet (og senere arr) bestemmes.<\/p>\n<p><b>Operasjonen<\/b><\/p>\n<p>Inngrepet utf\u00f8res med vanlig anestesi og tar omkring 3-4 timer, avhengig av fettmengde som skal fjernes. Under operasjonen vil det f\u00f8rst settes en l\u00f8sning med et medikament i pasientens vev som krymper sm\u00e5 blodkar og reduserer smerte. Normalt utf\u00f8res fettsuging med en 2-6 mm lang kanyle som er koblet til en sugepumpe.<\/p>\n<p><strong class=\"western\">Restitusjon<\/strong><\/p>\n<p><a name=\"__mceDel1121\"><\/a><em class=\"western\">Pasienten skrives ut etter noen f\u00e5 timer eller neste morgen, avhengig av inngrepets volum.<\/em><\/p>\n<p>Restitusjonen er individuell for hver enkelt pasient. Post-kirurgisk smertestillende middel er n\u00f8dvendig de f\u00f8rste dagene p\u00e5 grunn av hevelse for\u00e5rsaket av traumatisert vev. Snittene dekkes med s\u00e5rlukkingstape og bandasjer i inntil 2 uker og f\u00f8lges opp med arr-omsorg. Kompresjonsplagg m\u00e5 b\u00e6res i 4-6 uker over omr\u00e5det hvor operasjonen har funnet sted. Un\u00f8dvendig trening b\u00f8r unng\u00e5s de f\u00f8rste ukene.<\/p>\n<p><strong class=\"western\">Mulig risiko<\/strong><br \/>\nRett etter operasjonen er det mulighet for hevelse, ubehag, endringer i brystvortenes f\u00f8lsomhet, samt subdermale hematomer. Ofte oppst\u00e5r det asymmetri mellom sidene eller ujevne konturer. Enkelte ganger utvikles det infeksjon, opphopning av interstitiell v\u00e6ske i det opererte omr\u00e5det, hudpigmentering og slapp hud. For fettsuging i stor skala er det fare for mye v\u00e6ske- og blodtap.<\/p>\n<p>1 omr\u00e5de (f.eks. hake), 2 omr\u00e5der (f.eks begge armene), 4 omr\u00e5der (f.eks. \u00f8vre og nedre mage, begge sider) osv.<\/p>\n<p>&nbsp;<\/p>\n<p>&nbsp;<\/p>\n<p>&lt;&#8211; <a href=\"http:\/\/www.mediresor.se\/nb\/fettsuging\/\">Fettsuging<\/a><\/p>\n<p>&nbsp;<\/p>\n<p><img loading=\"lazy\" decoding=\"async\" class=\"alignleft size-medium wp-image-524\" src=\"http:\/\/www.mediresor.se\/wp-content\/uploads\/2015\/08\/rasvaimu-300x300.jpg\" alt=\"rasvaimu\" width=\"300\" height=\"300\" srcset=\"https:\/\/mediresor.se\/wp-content\/uploads\/2015\/08\/rasvaimu-300x300.jpg 300w, https:\/\/mediresor.se\/wp-content\/uploads\/2015\/08\/rasvaimu.jpg 960w\" sizes=\"auto, (max-width: 300px) 100vw, 300px\" \/><\/p>\n<p>**<\/p>\n<p><img loading=\"lazy\" decoding=\"async\" class=\"alignleft size-medium wp-image-531\" src=\"http:\/\/www.mediresor.se\/wp-content\/uploads\/2015\/08\/vatsan_muotoilu_rasvaimu_rintojen_suurennus-300x300.jpg\" alt=\"vatsan_muotoilu_rasvaimu_rintojen_suurennus\" width=\"300\" height=\"300\" srcset=\"https:\/\/mediresor.se\/wp-content\/uploads\/2015\/08\/vatsan_muotoilu_rasvaimu_rintojen_suurennus-300x300.jpg 300w, https:\/\/mediresor.se\/wp-content\/uploads\/2015\/08\/vatsan_muotoilu_rasvaimu_rintojen_suurennus.jpg 960w\" sizes=\"auto, (max-width: 300px) 100vw, 300px\" \/><\/p>\n<p>**<\/p>\n<p><img loading=\"lazy\" decoding=\"async\" class=\"alignleft size-medium wp-image-536\" src=\"http:\/\/www.mediresor.se\/wp-content\/uploads\/2015\/08\/vatsan_muotoilu_rasvaimu_rintojen_suurennus-2-300x300.jpg\" alt=\"vatsan_muotoilu_rasvaimu_rintojen_suurennus (2)\" width=\"300\" height=\"300\" srcset=\"https:\/\/mediresor.se\/wp-content\/uploads\/2015\/08\/vatsan_muotoilu_rasvaimu_rintojen_suurennus-2-300x300.jpg 300w, https:\/\/mediresor.se\/wp-content\/uploads\/2015\/08\/vatsan_muotoilu_rasvaimu_rintojen_suurennus-2.jpg 960w\" sizes=\"auto, (max-width: 300px) 100vw, 300px\" \/><\/p>\n<p>**<\/p>\n<p>(c) Mediresor, dr. P. Kirjanen<\/p>\n<p>*\u00a0Eksemplene er gitt i teksten er generelle og kan variere avhengig av behovene til pasientene. Ta kontakt med en lege for ytterligere informasjon<\/p>\n<p>**\u00a0Dette er en reell anbefaling fra v\u00e5r kunde. Ogs\u00e5 v\u00e6re klar over at slike resultater ikke kan lovet eller garantert.<\/p>\n","protected":false},"excerpt":{"rendered":"<p>Fettsuging* Fettsuging er den mest utf\u00f8rte estetiske kirurgi i verden. Den ble f\u00f8rst beskrevet rundt1920 og populariteten steg p\u00e5 1970-tallet. Dette er en type kirurgisk inngrep som gj\u00f8r det mulig \u00e5 forme kroppen bedre ved at overfl\u00f8dig fettvev\/fettlagre fjernes fra omr\u00e5der som ikke endrer seg selv med diett og trening. Vanlige omr\u00e5der for behandling er&hellip; <a class=\"read-more\" href=\"https:\/\/mediresor.se\/nb\/fettsuging_les_mer\/\">Read More<\/a><\/p>\n","protected":false},"author":1,"featured_media":0,"parent":0,"menu_order":0,"comment_status":"closed","ping_status":"closed","template":"","meta":{"footnotes":""},"class_list":["post-1488","page","type-page","status-publish","hentry"],"_links":{"self":[{"href":"https:\/\/mediresor.se\/nb\/wp-json\/wp\/v2\/pages\/1488","targetHints":{"allow":["GET"]}}],"collection":[{"href":"https:\/\/mediresor.se\/nb\/wp-json\/wp\/v2\/pages"}],"about":[{"href":"https:\/\/mediresor.se\/nb\/wp-json\/wp\/v2\/types\/page"}],"author":[{"embeddable":true,"href":"https:\/\/mediresor.se\/nb\/wp-json\/wp\/v2\/users\/1"}],"replies":[{"embeddable":true,"href":"https:\/\/mediresor.se\/nb\/wp-json\/wp\/v2\/comments?post=1488"}],"version-history":[{"count":1,"href":"https:\/\/mediresor.se\/nb\/wp-json\/wp\/v2\/pages\/1488\/revisions"}],"predecessor-version":[{"id":1489,"href":"https:\/\/mediresor.se\/nb\/wp-json\/wp\/v2\/pages\/1488\/revisions\/1489"}],"wp:attachment":[{"href":"https:\/\/mediresor.se\/nb\/wp-json\/wp\/v2\/media?parent=1488"}],"curies":[{"name":"wp","href":"https:\/\/api.w.org\/{rel}","templated":true}]}}