{"id":1502,"date":"2018-11-12T10:27:36","date_gmt":"2018-11-12T10:27:36","guid":{"rendered":"http:\/\/www.mediresor.se\/?page_id=1502"},"modified":"2018-11-12T10:27:36","modified_gmt":"2018-11-12T10:27:36","slug":"mageplastikk-les-mer","status":"publish","type":"page","link":"https:\/\/mediresor.se\/nb\/mageplastikk-les-mer\/","title":{"rendered":"mageplastikk-les-mer"},"content":{"rendered":"<h3>Mageplastikk*<\/h3>\n<p>&nbsp;<\/p>\n<p>Mageplastikk er et egnet kirurgisk inngrep for pasienter med strekkmerker p\u00e5 mage og muskler, samt fettansamlinger i mageomr\u00e5det. Deformasjon av bukveggen er et vanlig problem etter (flere) svangerskap eller betydelig vekttap, samt at \u00e5rsaken kan v\u00e6re arvelig slapphet av vevet.<\/p>\n<p><strong class=\"western\">Pre-kirurgisk konsultasjon<\/strong><br \/>\nPasientens forventninger og muligheter til \u00e5 realisere sine \u00f8nsker blir etablert. Pasientens medisinske historie og aktuell bruk av medisiner diskuteres. Det anbefales \u00e5 oppn\u00e5 en ideell kroppsvekt som s\u00e5 stabiliseres f\u00f8r operasjonen.<\/p>\n<p>Under unders\u00f8kelsen av pasienten unders\u00f8kes bukveggen, hudens kvalitet og graden av overfl\u00f8dighet. Pasienten unders\u00f8kes for eventuell diastasis og brokk. Pasienten fotograferes for den historiske saksgangen. M\u00e5linger utf\u00f8res, inngrepsmetode og sted for fremtidige arr blir bestemt.<\/p>\n<p><b>Operasjonen<\/b><\/p>\n<p>Operasjonen vil utf\u00f8res med vanlig anestesi og tar normalt 2-3 timer. Under inngrepet fjernes overfl\u00f8dig hud, navlen flyttes om n\u00f8dvendig, og magemusklene tiln\u00e6rmes og strammes opp. Snittet gj\u00f8res vanligvis i en bue nederst p\u00e5 magen slik at arret i ettertid vil skjules av undert\u00f8yet. Om n\u00f8dvendig, kan inngrepet kombineres med fettsuging. Dren blir ofte sittende i s\u00e5ret.<\/p>\n<p><strong class=\"western\">Restitusjon<\/strong><\/p>\n<p><em class=\"western\">Pasienten skrives normalt ut morgenen etter operasjonen.*<\/em><\/p>\n<p>Restitusjonen er individuell for hver enkelt pasient. Det vil v\u00e6re behov for post-operative smertestillende midler de f\u00f8rste dagene p\u00e5 grunn av hevelse for\u00e5rsaket av traumatisert vev, samt at kirurgiske inngrep p\u00e5 muskler kan f\u00f8re til alvorlig smerte. Det kan bli vanskelig \u00e5 st\u00e5 rett de f\u00f8rste par dagene.* Snittene dekkes med s\u00e5rlukkingstape og bandasjer i inntil 2 uker og f\u00f8lges opp med arr-omsorg. Kompresjonst\u00f8y \/ korsett m\u00e5 brukes konstant i 4-6 uker. Un\u00f8dvendig trening b\u00f8r unng\u00e5s under de f\u00f8rste ukene etter operasjonen.<\/p>\n<p>Mulig risiko<\/p>\n<p>Rett etter operasjonen er det mulighet for langvarig hevelse, ubehag, endringer i magehudens f\u00f8lsomhet, samt subdermale hematomer. Infeksjoner er sjeldne. Forsinket s\u00e5rheling og oppsamling av<strong class=\"western\">\u00a0i<\/strong>nterstitiell v\u00e6ske i det opererte omr\u00e5det er vanlig. Skrumpet hud, spesielt hvis mageplastikk ble kombinert med fettsuging, er mulig, men sjelden.<\/p>\n<p><img loading=\"lazy\" decoding=\"async\" class=\"alignleft size-medium wp-image-531\" src=\"http:\/\/www.mediresor.se\/wp-content\/uploads\/2015\/08\/vatsan_muotoilu_rasvaimu_rintojen_suurennus-300x300.jpg\" alt=\"vatsan_muotoilu_rasvaimu_rintojen_suurennus\" width=\"300\" height=\"300\" srcset=\"https:\/\/mediresor.se\/wp-content\/uploads\/2015\/08\/vatsan_muotoilu_rasvaimu_rintojen_suurennus-300x300.jpg 300w, https:\/\/mediresor.se\/wp-content\/uploads\/2015\/08\/vatsan_muotoilu_rasvaimu_rintojen_suurennus.jpg 960w\" sizes=\"auto, (max-width: 300px) 100vw, 300px\" \/><\/p>\n<p>**<\/p>\n<p><img loading=\"lazy\" decoding=\"async\" class=\"alignleft size-medium wp-image-536\" src=\"http:\/\/www.mediresor.se\/wp-content\/uploads\/2015\/08\/vatsan_muotoilu_rasvaimu_rintojen_suurennus-2-300x300.jpg\" alt=\"vatsan_muotoilu_rasvaimu_rintojen_suurennus (2)\" width=\"300\" height=\"300\" srcset=\"https:\/\/mediresor.se\/wp-content\/uploads\/2015\/08\/vatsan_muotoilu_rasvaimu_rintojen_suurennus-2-300x300.jpg 300w, https:\/\/mediresor.se\/wp-content\/uploads\/2015\/08\/vatsan_muotoilu_rasvaimu_rintojen_suurennus-2.jpg 960w\" sizes=\"auto, (max-width: 300px) 100vw, 300px\" \/><\/p>\n<p>**<\/p>\n<p>(c) Mediresor, dr. P. Kirjanen<\/p>\n<p>&nbsp;<\/p>\n<p>&nbsp;<\/p>\n<p>&nbsp;<\/p>\n<p>&nbsp;<\/p>\n<p>&nbsp;<\/p>\n<p>&nbsp;<\/p>\n<p>&nbsp;<\/p>\n<p>*\u00a0 Eksemplene er gitt i teksten er generelle og kan variere avhengig av behovene til pasientene. Ta kontakt med en lege for ytterligere informasjon.<\/p>\n<p>**\u00a0Dette er en reell anbefaling fra v\u00e5r kunde. Ogs\u00e5 v\u00e6re klar over at slike resultater ikke kan lovet eller garantert.<\/p>\n","protected":false},"excerpt":{"rendered":"<p>Mageplastikk* &nbsp; Mageplastikk er et egnet kirurgisk inngrep for pasienter med strekkmerker p\u00e5 mage og muskler, samt fettansamlinger i mageomr\u00e5det. Deformasjon av bukveggen er et vanlig problem etter (flere) svangerskap eller betydelig vekttap, samt at \u00e5rsaken kan v\u00e6re arvelig slapphet av vevet. Pre-kirurgisk konsultasjon Pasientens forventninger og muligheter til \u00e5 realisere sine \u00f8nsker blir etablert.&hellip; <a class=\"read-more\" href=\"https:\/\/mediresor.se\/nb\/mageplastikk-les-mer\/\">Read More<\/a><\/p>\n","protected":false},"author":1,"featured_media":0,"parent":0,"menu_order":0,"comment_status":"closed","ping_status":"closed","template":"","meta":{"footnotes":""},"class_list":["post-1502","page","type-page","status-publish","hentry"],"_links":{"self":[{"href":"https:\/\/mediresor.se\/nb\/wp-json\/wp\/v2\/pages\/1502","targetHints":{"allow":["GET"]}}],"collection":[{"href":"https:\/\/mediresor.se\/nb\/wp-json\/wp\/v2\/pages"}],"about":[{"href":"https:\/\/mediresor.se\/nb\/wp-json\/wp\/v2\/types\/page"}],"author":[{"embeddable":true,"href":"https:\/\/mediresor.se\/nb\/wp-json\/wp\/v2\/users\/1"}],"replies":[{"embeddable":true,"href":"https:\/\/mediresor.se\/nb\/wp-json\/wp\/v2\/comments?post=1502"}],"version-history":[{"count":1,"href":"https:\/\/mediresor.se\/nb\/wp-json\/wp\/v2\/pages\/1502\/revisions"}],"predecessor-version":[{"id":1503,"href":"https:\/\/mediresor.se\/nb\/wp-json\/wp\/v2\/pages\/1502\/revisions\/1503"}],"wp:attachment":[{"href":"https:\/\/mediresor.se\/nb\/wp-json\/wp\/v2\/media?parent=1502"}],"curies":[{"name":"wp","href":"https:\/\/api.w.org\/{rel}","templated":true}]}}