{"id":1509,"date":"2018-11-12T11:07:56","date_gmt":"2018-11-12T11:07:56","guid":{"rendered":"http:\/\/www.mediresor.se\/?page_id=1509"},"modified":"2018-11-12T11:07:56","modified_gmt":"2018-11-12T11:07:56","slug":"brystforstorring-les-mer","status":"publish","type":"page","link":"https:\/\/mediresor.se\/nb\/brystforstorring-les-mer\/","title":{"rendered":"brystforstorring-les-mer"},"content":{"rendered":"<h3>Brystforst\u00f8rring*<\/h3>\n<p>&nbsp;<\/p>\n<p>Brystforst\u00f8rring er en av de mest vanlig utf\u00f8rte estetiske operasjoner i verden. Prosedyrene g\u00e5r s\u00e5 langt tilbake i historien som til 1895 da kirurgene pr\u00f8vde \u00e5 bruke lipoma til forst\u00f8rring av brystene. Den mest popul\u00e6re metoden for brystforst\u00f8rring i dag, er bruk av silikon-implantater.<\/p>\n<p>Grunnen til at kvinner velger brystforst\u00f8rring varierer fra kvinne til kvinne. Den mest vanlige grunnen er \u00f8nsket om \u00e5 korrigere fasongen, st\u00f8rrelsen og symmetrien p\u00e5 brystene. Kirurgi gir ogs\u00e5 mulighet til \u00e5 korrigere utseendet p\u00e5 brystene etter vekttap, graviditet og amming, samt i tilfeller av svakt hengende bryster (ptosis).<\/p>\n<p>Mens det har v\u00e6rt utf\u00f8rt mange\u00e5rig forskning p\u00e5 sammenhengen mellom brystimplantater og mulige plager for\u00e5rsaket av disse, har omfattende vitenskapelig forskning ikke kunnet p\u00e5vise en sammenheng mellom silikonproteser og systematiske auto-immune sykdommer. Heller ikke er silikonimplantater skadelige for et foster.<\/p>\n<p>Silikonimplantater \u00f8ker heller ikke risikoen for utvikling av brystkreft eller p\u00e5virker tidlig diagnostisering av brystkreft, selv om det i enkelte tilfeller kan v\u00e6re vanskelig \u00e5 vise hele brystkjertelen i et mammogram.<\/p>\n<p><strong class=\"western\">Pre-kirurgisk konsultasjon<\/strong><br \/>\nPasientens forventninger og muligheter til \u00e5 realisere sine \u00f8nsker blir etablert. Pasientens medisinske historie blir diskutert, spesielt eventuelle sykdommer relatert til bryst og bruk av aktuelle medisiner. Behovet for en pre-kirurgisk unders\u00f8kelse (mammografi) bestemmes for hver enkelt pasient.<\/p>\n<p>Unders\u00f8kelsen av pasienten omfatter en unders\u00f8kelse av bryst og brystkjertler (asymmetri, hengende bryster, plasseringen av brystvorte- og areola omr\u00e5det), samt at hudens kvalitet blir evaluert. Pasientens bryster fotograferes for den historiske saksgangen. Til slutt m\u00e5les brystene for \u00e5 kunne avgj\u00f8re hvilke implantater som passer best for den enkelte pasient. Plasseringen av snittet (og det senere arret) og plasseringen av implantatet i forhold til brystkjertelen avgj\u00f8res ogs\u00e5.<\/p>\n<p><b>Operasjonen<\/b><\/p>\n<p>Vanlig narkose brukes under inngrepet som normalt varer i 1 (en) time.<\/p>\n<p><strong class=\"western\">Restitusjon<\/strong><\/p>\n<p><em class=\"western\">Pasienten skrives ut morgenen etter operasjonen.<\/em><\/p>\n<p><a name=\"__mceDel\"><\/a>Restitusjonen er individuell for hver enkelt pasient. Post-kirurgisk smertelindring vil trenges de f\u00f8rste dagene da traumatisert vev vil for\u00e5rsake hevelser. Hvis implantatene er plassert under muskelen, vil det ogs\u00e5 v\u00e6re smertefullt \u00e5 strekke brystmuskelen.* Snittene dekkes med s\u00e5rlukkingstape og bandasjer i inntil 2 uker og f\u00f8lges opp med arr-omsorg. Behovet for \u00e5 bruke st\u00f8tte-BH avhenger av pasienten, men \u00e5 bruke en push-up-BH etter det kirurgiske inngrepet er s\u00e5 avgjort ikke \u00e5 anbefale. Post-kirurgisk massasje av brystene finner ogs\u00e5 sted. Un\u00f8dvendig trening b\u00f8r unng\u00e5s under de f\u00f8rste ukene etter operasjonen.<\/p>\n<p>Mulig risiko<br \/>\nRett etter operasjonen er det mulighet for hevelse, ubehag, endringer i brystvortenes f\u00f8lsomhet, samt subdermale hematomer. Hvis det oppst\u00e5r et hematom rundt implantatet, kan det bli n\u00f8dvendig med ny operasjon. Senere kan infeksjon v\u00e6re en mulig komplikasjon. Kapselkontraksjon (herding av bindevevet rundt implantatet), smerte for\u00e5rsaket av denne, samt endringer i brystets form er ogs\u00e5 mulig. Over tid er det mulighet for lekkasje eller brudd p\u00e5 implantatet.<\/p>\n<p><img loading=\"lazy\" decoding=\"async\" class=\"alignleft size-medium wp-image-531\" src=\"http:\/\/www.mediresor.se\/wp-content\/uploads\/2015\/08\/vatsan_muotoilu_rasvaimu_rintojen_suurennus-300x300.jpg\" alt=\"vatsan_muotoilu_rasvaimu_rintojen_suurennus\" width=\"300\" height=\"300\" srcset=\"https:\/\/www.mediresor.se\/wp-content\/uploads\/2015\/08\/vatsan_muotoilu_rasvaimu_rintojen_suurennus-300x300.jpg 300w, https:\/\/www.mediresor.se\/wp-content\/uploads\/2015\/08\/vatsan_muotoilu_rasvaimu_rintojen_suurennus.jpg 960w\" sizes=\"auto, (max-width: 300px) 100vw, 300px\" \/><\/p>\n<p>**<\/p>\n<p>&nbsp;<\/p>\n<p>&nbsp;<\/p>\n<p>&nbsp;<\/p>\n<p>&nbsp;<\/p>\n<p>&nbsp;<\/p>\n<p>&nbsp;<\/p>\n<p>&nbsp;<\/p>\n<p>&nbsp;<\/p>\n<p>(c) Mediresor, dr. P. Kirjanen<\/p>\n<p>* Eksemplene er gitt i teksten er generelle og kan variere avhengig av behovene til pasientene. Ta kontakt med en lege for ytterligere informasjon<\/p>\n<p>**\u00a0Dette er en reell anbefaling fra v\u00e5r kunde. Ogs\u00e5 v\u00e6re klar over at slike resultater ikke kan lovet eller garantert.<\/p>\n","protected":false},"excerpt":{"rendered":"<p>Brystforst\u00f8rring* &nbsp; Brystforst\u00f8rring er en av de mest vanlig utf\u00f8rte estetiske operasjoner i verden. Prosedyrene g\u00e5r s\u00e5 langt tilbake i historien som til 1895 da kirurgene pr\u00f8vde \u00e5 bruke lipoma til forst\u00f8rring av brystene. Den mest popul\u00e6re metoden for brystforst\u00f8rring i dag, er bruk av silikon-implantater. Grunnen til at kvinner velger brystforst\u00f8rring varierer fra kvinne&hellip; <a class=\"read-more\" href=\"https:\/\/mediresor.se\/nb\/brystforstorring-les-mer\/\">Read More<\/a><\/p>\n","protected":false},"author":1,"featured_media":0,"parent":0,"menu_order":0,"comment_status":"closed","ping_status":"closed","template":"","meta":{"footnotes":""},"class_list":["post-1509","page","type-page","status-publish","hentry"],"_links":{"self":[{"href":"https:\/\/mediresor.se\/nb\/wp-json\/wp\/v2\/pages\/1509","targetHints":{"allow":["GET"]}}],"collection":[{"href":"https:\/\/mediresor.se\/nb\/wp-json\/wp\/v2\/pages"}],"about":[{"href":"https:\/\/mediresor.se\/nb\/wp-json\/wp\/v2\/types\/page"}],"author":[{"embeddable":true,"href":"https:\/\/mediresor.se\/nb\/wp-json\/wp\/v2\/users\/1"}],"replies":[{"embeddable":true,"href":"https:\/\/mediresor.se\/nb\/wp-json\/wp\/v2\/comments?post=1509"}],"version-history":[{"count":1,"href":"https:\/\/mediresor.se\/nb\/wp-json\/wp\/v2\/pages\/1509\/revisions"}],"predecessor-version":[{"id":1510,"href":"https:\/\/mediresor.se\/nb\/wp-json\/wp\/v2\/pages\/1509\/revisions\/1510"}],"wp:attachment":[{"href":"https:\/\/mediresor.se\/nb\/wp-json\/wp\/v2\/media?parent=1509"}],"curies":[{"name":"wp","href":"https:\/\/api.w.org\/{rel}","templated":true}]}}