{"id":1513,"date":"2018-11-12T11:15:29","date_gmt":"2018-11-12T11:15:29","guid":{"rendered":"http:\/\/www.mediresor.se\/?page_id=1513"},"modified":"2018-11-12T11:31:58","modified_gmt":"2018-11-12T11:31:58","slug":"gastrisk-ballong","status":"publish","type":"page","link":"https:\/\/mediresor.se\/nb\/gastrisk-ballong\/","title":{"rendered":"Gastrisk ballong i Estland"},"content":{"rendered":"<p class=\"p1\">MAGEBALLONGER<\/p>\n<table style=\"height: 321px;\" width=\"741\">\n<tbody>\n<tr>\n<td><\/td>\n<td>Lege: dr. R. Adamson.<\/p>\n<p>Endoskopi\u00a0(gastroskopi)\u00a0 er inkludert i prisen.<\/p>\n<p>Blodpr\u00f8v er inkludert i prisen.<\/p>\n<p>Anestesi\u00a0inkludert i prisen.<\/p>\n<p>2 dagers opphold p\u00e5 sykehuset er inkludert i prisen.<\/p>\n\n\t\t\t<!-- START Gastric bypass or sleeve REVOLUTION SLIDER 6.2.15 --><p class=\"rs-p-wp-fix\"><\/p>\n\t\t\t<rs-module-wrap id=\"rev_slider_2_1_wrapper\" data-source=\"gallery\" style=\"background:transparent;padding:0;margin:0px auto;margin-top:0;margin-bottom:0;max-width:;\">\n\t\t\t\t<rs-module id=\"rev_slider_2_1\" style=\"\" data-version=\"6.2.15\">\n\t\t\t\t\t<rs-slides>\n\t\t\t\t\t\t<rs-slide data-key=\"rs-9\" data-title=\"Slide\" data-anim=\"ei:d;eo:d;s:d;r:0;t:fade;sl:d;\">\n\t\t\t\t\t\t\t<img decoding=\"async\" src=\"\/\/www.mediresor.se\/wp-content\/uploads\/2018\/11\/gastric_bypass_fo\u0308re_eefter.png\" title=\"Gastrisk ballong i Estland\" data-parallax=\"off\" class=\"rev-slidebg\" data-no-retina>\n<!---->\t\t\t\t\t\t<\/rs-slide>\n\t\t\t\t\t\t<rs-slide data-key=\"rs-10\" data-title=\"Slide\" data-anim=\"ei:d;eo:d;s:d;r:0;t:fade;sl:d;\">\n\t\t\t\t\t\t\t<img decoding=\"async\" src=\"\/\/www.mediresor.se\/wp-content\/uploads\/2018\/11\/gastric_plication_fo\u0308re_efter.png\" title=\"Gastrisk ballong i Estland\" data-parallax=\"off\" class=\"rev-slidebg\" data-no-retina>\n<!---->\t\t\t\t\t\t<\/rs-slide>\n\t\t\t\t\t\t<rs-slide data-key=\"rs-11\" data-title=\"Slide\" data-anim=\"ei:d;eo:d;s:d;r:0;t:fade;sl:d;\">\n\t\t\t\t\t\t\t<img decoding=\"async\" src=\"\/\/www.mediresor.se\/wp-content\/uploads\/2018\/11\/gastric_sleeve_fo\u0308re_e_efter.png\" title=\"Gastrisk ballong i Estland\" data-parallax=\"off\" class=\"rev-slidebg\" data-no-retina>\n<!---->\t\t\t\t\t\t<\/rs-slide>\n\t\t\t\t\t\t<rs-slide data-key=\"rs-17\" data-title=\"Slide\" data-anim=\"ei:d;eo:d;s:d;r:0;t:fade;sl:d;\">\n\t\t\t\t\t\t\t<img decoding=\"async\" src=\"\/\/www.mediresor.se\/wp-content\/uploads\/2018\/11\/Screen-Shot-2018-11-12-at-17.31.23.png\" title=\"Gastrisk ballong i Estland\" data-parallax=\"off\" class=\"rev-slidebg\" data-no-retina>\n<!---->\t\t\t\t\t\t<\/rs-slide>\n\t\t\t\t\t<\/rs-slides>\n\t\t\t\t<\/rs-module>\n\t\t\t\t<script type=\"text\/javascript\">\n\t\t\t\t\tsetREVStartSize({c: 'rev_slider_2_1',rl:[1240,1024,778,480],el:[],gw:[1240],gh:[868],type:'standard',justify:'',layout:'fullwidth',mh:\"0\"});\n\t\t\t\t\tvar\trevapi2,\n\t\t\t\t\t\ttpj;\n\t\t\t\t\tjQuery(function() {\n\t\t\t\t\t\ttpj = jQuery;\n\t\t\t\t\t\trevapi2 = tpj(\"#rev_slider_2_1\")\n\t\t\t\t\t\tif(revapi2==undefined || revapi2.revolution == undefined){\n\t\t\t\t\t\t\trevslider_showDoubleJqueryError(\"rev_slider_2_1\");\n\t\t\t\t\t\t}else{\n\t\t\t\t\t\t\trevapi2.revolution({\n\t\t\t\t\t\t\t\tduration:2000,\n\t\t\t\t\t\t\t\tvisibilityLevels:\"1240,1024,778,480\",\n\t\t\t\t\t\t\t\tgridwidth:1240,\n\t\t\t\t\t\t\t\tgridheight:868,\n\t\t\t\t\t\t\t\tspinner:\"spinner2\",\n\t\t\t\t\t\t\t\tperspectiveType:\"local\",\n\t\t\t\t\t\t\t\tresponsiveLevels:\"1240,1024,778,480\",\n\t\t\t\t\t\t\t\tprogressBar:{disableProgressBar:true},\n\t\t\t\t\t\t\t\tnavigation: {\n\t\t\t\t\t\t\t\t\tonHoverStop:false\n\t\t\t\t\t\t\t\t},\n\t\t\t\t\t\t\t\tparallax: {\n\t\t\t\t\t\t\t\t\tlevels:[5,10,15,20,25,30,35,40,45,50,47,48,49,50,51,30],\n\t\t\t\t\t\t\t\t\ttype:\"mouse\",\n\t\t\t\t\t\t\t\t\tspeed:200\n\t\t\t\t\t\t\t\t},\n\t\t\t\t\t\t\t\tfallbacks: {\n\t\t\t\t\t\t\t\t\tallowHTML5AutoPlayOnAndroid:true\n\t\t\t\t\t\t\t\t},\n\t\t\t\t\t\t\t});\n\t\t\t\t\t\t}\n\t\t\t\t\t\t\n\t\t\t\t\t});\n\t\t\t\t<\/script>\n\t\t\t\t<script>\n\t\t\t\t\tvar htmlDivCss = ' #rev_slider_2_1_wrapper rs-loader.spinner2{ background-color: #FFFFFF !important; } '\n\t\t\t\t\tvar htmlDiv = document.getElementById('rs-plugin-settings-inline-css');\n\t\t\t\t\tif(htmlDiv) {\n\t\t\t\t\t\thtmlDiv.innerHTML = htmlDiv.innerHTML + htmlDivCss;\n\t\t\t\t\t}else{\n\t\t\t\t\t\tvar htmlDiv = document.createElement('div');\n\t\t\t\t\t\thtmlDiv.innerHTML = '<style>' + htmlDivCss + '<\/style>';\n\t\t\t\t\t\tdocument.getElementsByTagName('head')[0].appendChild(htmlDiv.childNodes[0]);\n\t\t\t\t\t}\n\t\t\t\t<\/script>\n\t\t\t<\/rs-module-wrap>\n\t\t\t<!-- END REVOLUTION SLIDER -->\n\n<p>**<\/td>\n<\/tr>\n<\/tbody>\n<\/table>\n<div class=\"page\" title=\"Page 1\"><\/div>\n<p class=\"p1\"><span class=\"s1\">Er du klar for \u00e5 f\u00f8lge en diett og mosjonere, er en mageballong en sv\u00e6rt effektiv og bekvem m\u00e5te \u00e5 g\u00e5 ned i vekt p\u00e5. Ettersom den fylte mageballongen raskere gir en metthetsf\u00f8lelse, er det enklere for deg \u00e5 holde dietten og oppn\u00e5 vektreduksjonen. Det forventede vekttapet kan v\u00e6re 10-25 kilo.<\/span><\/p>\n<p class=\"p1\"><span class=\"s1\">HVORDAN PROSESSEN FUNGERER<\/span><\/p>\n<p class=\"p1\"><span class=\"s1\">Vil tilbyr deg to slags ballonger &#8211; 6-m\u00e5neders ballonger og nyere 12-m\u00e5neders Spatz-ballonger.<\/span><\/p>\n<p class=\"p1\"><span class=\"s1\">F\u00f8r vi avtaler tid for operasjonen klarlegger vi i fellesskap dine forventninger. Vi vurderer din allmenne helsetilstand og utf\u00f8rer unders\u00f8kelser og m\u00e5linger. Vi vil ogs\u00e5 absolutt fastsette din BMI.<\/span><\/p>\n<p class=\"p1\"><span class=\"s1\">I henhold til mottatte data lager vi et pristilbud til deg. Vi foresl\u00e5r ogs\u00e5 aktuelle datoer for operasjonen.<\/span><\/p>\n<p class=\"p1\"><span class=\"s1\">Dersom det passer, ber vi deg om opplysninger slik at du kan bekrefte reservasjonen og g\u00e5 videre med konsultasjoner over e-post og\/eller telefon.<\/span><\/p>\n<p class=\"p1\"><span class=\"s1\">Vi ber om at du 12 timer f\u00f8r operasjonen ikke inntar fast f\u00f8de og v\u00e6sker.<\/span><\/p>\n<p class=\"p1\"><span class=\"s1\">Operasjonen med plassering av mageballong utf\u00f8res av Dr. Rein Adamson, som har sv\u00e6rt store erfaringer p\u00e5 omr\u00e5det i form av over 1000 operasjoner i l\u00f8pet av tjue \u00e5r.<\/span><\/p>\n<p class=\"p1\"><span class=\"s1\">Selve operasjonen varer fra en halv time til en time. I l\u00f8pet av denne settes ballongen inn i magesekken uten kirurgi og fylles deretter med saltl\u00f8sning.<\/span><\/p>\n<p class=\"p1\"><span class=\"s1\">Under operasjonen oppholder du deg en natt ved v\u00e5r klinikk.<\/span><\/p>\n<p class=\"p1\"><span class=\"s1\">Rekonvalesensperioden etter operasjonen kan vare et par uker, der man f\u00f8rst m\u00e5 benytte en diett med flytende f\u00f8de og deretter kan begynne \u00e5 venne magen til fast f\u00f8de igjen. De f\u00f8rste dagene kan det v\u00e6re en viss ubehagsf\u00f8lelse i magen, men ballongen utgj\u00f8r ingen helsefare.<\/span><\/p>\n<p class=\"p1\"><span class=\"s1\">Etter en frist p\u00e5 6 eller 12 m\u00e5neder fjernes ballongen. Dersom din kroppsvekt er sv\u00e6rt stor, kan behandlingen gjentas etter et lite opphold. Man b\u00f8r likevel huske at ballongen er et hjelpemiddel og at ern\u00e6ring og mosjon er noe du selv m\u00e5 f\u00f8lge n\u00f8ye med p\u00e5.<\/span><\/p>\n<p class=\"p1\"><span class=\"s1\">Enda bedre resultater f\u00e5r man med den 12-m\u00e5neders Spatz-ballongen ved etter 2-3 m\u00e5neder \u00e5 fylle den med tilleggsv\u00e6ske.<\/span><\/p>\n<p class=\"p1\"><span class=\"s1\">HVOR SKJER OPERASJONEN<\/span><\/p>\n<p class=\"p1\"><span class=\"s1\">Hele prosessen foreg\u00e5r i Tallinn. Det skjer i en moderne klinikk som ligger om lag en times flyreise unna for deg. Her ventes du av et 5-stjerners hotell med nordisk kvalitet og service til en rimelig pris.<\/span><\/p>\n<p class=\"p1\"><span class=\"s1\">Ved v\u00e5r klinikk har det hvert \u00e5r v\u00e6rt utf\u00f8rt vellykkede operasjoner p\u00e5 n\u00e6rmere 300 pasienter fra Skandinavia, i tillegg til lokale pasienter. Vi har sv\u00e6rt gode erfaringer med organisering av behandlings- og reiseprosessen for utenlandske pasienter, der m\u00e5let er \u00e5 gi et best mulig estetisk resultat og sikre pasientens trygghet.<\/span><\/p>\n<p class=\"p1\"><span class=\"s1\">I tillegg til \u00e5 v\u00e6re profesjonelle er klinikkens ansatte ogs\u00e5 sv\u00e6rt vennlige og st\u00f8ttende.<\/span><\/p>\n<p class=\"p1\"><span class=\"s1\">Ta kontakt om du vil sende en foresp\u00f8rsel eller om du skulle ha tilleggssp\u00f8rsm\u00e5l ang\u00e5ende denne operasjonen. <\/span><\/p>\n<p class=\"p1\"><span class=\"s1\">Vi venter din samtale p\u00e5 +467 36 36 36 90 eller ditt brev p\u00e5 adresse info@mediresor.se.<\/span><\/p>\n","protected":false},"excerpt":{"rendered":"<p>MAGEBALLONGER Lege: dr. R. Adamson. Endoskopi\u00a0(gastroskopi)\u00a0 er inkludert i prisen. Blodpr\u00f8v er inkludert i prisen. Anestesi\u00a0inkludert i prisen. 2 dagers opphold p\u00e5 sykehuset er inkludert i prisen. ** Er du klar for \u00e5 f\u00f8lge en diett og mosjonere, er en mageballong en sv\u00e6rt effektiv og bekvem m\u00e5te \u00e5 g\u00e5 ned i vekt p\u00e5. Ettersom den&hellip; <a class=\"read-more\" href=\"https:\/\/mediresor.se\/nb\/gastrisk-ballong\/\">Read More<\/a><\/p>\n","protected":false},"author":1,"featured_media":0,"parent":0,"menu_order":0,"comment_status":"closed","ping_status":"closed","template":"","meta":{"footnotes":""},"class_list":["post-1513","page","type-page","status-publish","hentry"],"_links":{"self":[{"href":"https:\/\/mediresor.se\/nb\/wp-json\/wp\/v2\/pages\/1513","targetHints":{"allow":["GET"]}}],"collection":[{"href":"https:\/\/mediresor.se\/nb\/wp-json\/wp\/v2\/pages"}],"about":[{"href":"https:\/\/mediresor.se\/nb\/wp-json\/wp\/v2\/types\/page"}],"author":[{"embeddable":true,"href":"https:\/\/mediresor.se\/nb\/wp-json\/wp\/v2\/users\/1"}],"replies":[{"embeddable":true,"href":"https:\/\/mediresor.se\/nb\/wp-json\/wp\/v2\/comments?post=1513"}],"version-history":[{"count":4,"href":"https:\/\/mediresor.se\/nb\/wp-json\/wp\/v2\/pages\/1513\/revisions"}],"predecessor-version":[{"id":1517,"href":"https:\/\/mediresor.se\/nb\/wp-json\/wp\/v2\/pages\/1513\/revisions\/1517"}],"wp:attachment":[{"href":"https:\/\/mediresor.se\/nb\/wp-json\/wp\/v2\/media?parent=1513"}],"curies":[{"name":"wp","href":"https:\/\/api.w.org\/{rel}","templated":true}]}}