{"id":344,"date":"2015-04-24T21:03:50","date_gmt":"2015-04-24T20:03:50","guid":{"rendered":"http:\/\/www.mediresor.se\/hinnat-2\/"},"modified":"2019-11-21T05:02:24","modified_gmt":"2019-11-21T05:02:24","slug":"priser","status":"publish","type":"page","link":"https:\/\/mediresor.se\/nb\/priser\/","title":{"rendered":"Priser"},"content":{"rendered":"<p>Oppdatert 1.9.2019<\/p>\n<h2 class=\"western\" lang=\"nb-NO\">Mage- og generell kirurgi<\/h2>\n<p>I pakkeprisene inng\u00e5r<\/p>\n<p>1) Evaluering av medisinske spesialister p\u00e5 Tallinn-kontoret.<\/p>\n<p>2) Blodpr\u00f8ver, anestesi og operasjon p\u00e5 Tallinn-kontoret.<\/p>\n<p>&nbsp;<\/p>\n<table border=\"1\" width=\"100%\" cellspacing=\"0\" cellpadding=\"0\">\n<thead>\n<tr>\n<td valign=\"middle\">Operasjon<\/td>\n<td>Pakkepris (EURO)<\/td>\n<\/tr>\n<\/thead>\n<tbody>\n<tr>\n<td>Kirurgi for \u00e5reknuter \u00a0<span lang=\"zxx\">(1 ben)<\/span><a href=\"http:\/\/www.medimatkat.eu\/leikkaukset\/suonikohjuleikkaus\"><br \/>\n<\/a><\/td>\n<td>957<\/td>\n<\/tr>\n<tr>\n<td><a href=\"http:\/\/www.medimatkat.fi\/terveyspalvelut\/vaahtoruiskutushoito\"><span lang=\"zxx\">Behandling av \u00e5reknuter<\/span><br \/>\n<span lang=\"zxx\">(skuminjeksjon)<\/span><\/a><\/td>\n<td>387<\/td>\n<\/tr>\n<tr>\n<td><span lang=\"nb-NO\">Navlebrokk-kirurgi<\/span><\/td>\n<td>1090<\/td>\n<\/tr>\n<tr>\n<td>Laparoskopisk inngrep ved navlebrokk<\/td>\n<td>1490<\/td>\n<\/tr>\n<tr>\n<td><span lang=\"nb-NO\">Lyskebrokk-kirurgi<\/span><\/td>\n<td>1297<\/td>\n<\/tr>\n<tr>\n<td>Laparoskopisk inngrep ved lyskebrokk<\/td>\n<td>1980<\/td>\n<\/tr>\n<tr>\n<td><a href=\"http:\/\/www.medimatkat.fi\/terveyspalvelut\/sappileikkaus\"><span lang=\"zxx\">Kolecystektomi\u00a0<\/span><span lang=\"zxx\">(med endoskop)<\/span><\/a><\/td>\n<td>1980<\/td>\n<\/tr>\n<tr>\n<td>Hemoridekirurgi<\/td>\n<td>1390<\/td>\n<\/tr>\n<tr style=\"background-color: #b0afaf; color: #fff;\">\n<td style=\"text-align: right;\" colspan=\"2\"><span style=\"color: #ffffff;\"><strong>Kirurgi K. Fleidervis<\/strong><\/span><\/td>\n<\/tr>\n<\/tbody>\n<\/table>\n<p>&nbsp;<\/p>\n<div>\n<h1>Fedmekirurgi fr. 04\/2018*<\/h1>\n<p>I pakkeprisen inng\u00e5r: blodpr\u00f8ver, narkose, operasjon og overnatting ved Tallinnkontoret.<\/p>\n<table border=\"1\" width=\"100%\" cellspacing=\"0\" cellpadding=\"0\">\n<thead>\n<tr>\n<td>Operasjon<\/td>\n<td>Total<br \/>\npakkepris (EURO)<\/td>\n<\/tr>\n<\/thead>\n<tbody>\n<tr>\n<td>F<span lang=\"nb-NO\">edmekirurgi (gastric band)<\/span><\/td>\n<td>4 650<\/td>\n<\/tr>\n<tr>\n<td><span lang=\"nb-NO\">Fedmekirurgi (gastrisk sleeve)<\/span><\/td>\n<td>5 644<\/td>\n<\/tr>\n<tr>\n<td><span lang=\"nb-NO\">Fedmekirurgi (gastrisk bypass)<\/span><\/td>\n<td>5 744<\/td>\n<\/tr>\n<tr>\n<td><span lang=\"nb-NO\">Fedmekirurgi(gastrisk plication)<br \/>\n<\/span><\/td>\n<td>4 600<\/td>\n<\/tr>\n<tr>\n<td>Innsetting av gastrisk ballong (BIB)<\/td>\n<td>2550<\/td>\n<\/tr>\n<tr style=\"background-color: #b0afaf;\">\n<td style=\"text-align: right;\" colspan=\"2\"><strong><span style=\"color: #ffffff;\">Kirurgi S. Troost<\/span><\/strong><\/td>\n<\/tr>\n<\/tbody>\n<\/table>\n<div><\/div>\n<h2 class=\"western\" lang=\"nb-NO\">Plastisk kirurgi*<\/h2>\n<p>I pakkeprisen inng\u00e5r: blodpr\u00f8ver, narkose, operasjon og overnatting ved Tallinnkontoret.<\/p>\n<p>OBS! 0 % moms p\u00e5 plastisk kirurgi i Estland!<\/p>\n<table border=\"1\" width=\"100%\">\n<thead>\n<tr>\n<td>Operasjon<\/td>\n<td>Pakkepris (EURO)<\/td>\n<\/tr>\n<\/thead>\n<tbody>\n<tr>\n<td>Brystforst\u00f8rrelse (med implantater fra Motiva\u00a0\u00a0eller Polytech)<\/td>\n<td>3950<\/td>\n<\/tr>\n<tr>\n<td>Vannassistert fettsuging (ett omr\u00e5de)<\/td>\n<td>860<\/td>\n<\/tr>\n<tr>\n<td>Vannassistert fettsuging (2 omr\u00e5de)<\/td>\n<td>1550<\/td>\n<\/tr>\n<tr>\n<td>Vannassistert fettsuging (fire omr\u00e5der)<\/td>\n<td>2144<\/td>\n<\/tr>\n<tr>\n<td>Vannassistert fettsuging (seks omr\u00e5der)<\/td>\n<td>2548<\/td>\n<\/tr>\n<tr>\n<td>Vannassistert fettsuging (\u00e5tte omr\u00e5der)<\/td>\n<td>3044<\/td>\n<\/tr>\n<tr>\n<td>Vannassistert fettsuging (\u00e5tte omr\u00e5der)<\/td>\n<td>3548<\/td>\n<\/tr>\n<tr>\n<td>Mageplastikk (abdominoplasty)<\/td>\n<td>\n<p class=\"p1\">3290<\/p>\n<\/td>\n<\/tr>\n<tr>\n<td>\u00d8yelokkplastikk (begge \u00f8vre \u00f8yelokk)<\/td>\n<td>1260<\/td>\n<\/tr>\n<tr>\n<td>\u00d8yelokksoperasjon (begge nedre \u00f8yelokk)<\/td>\n<td>1290<\/td>\n<\/tr>\n<tr>\n<td>\u00d8yelokkplastikk (b\u00e5de \u00f8vre og nedre \u00f8yelokk)<\/td>\n<td>1790<\/td>\n<\/tr>\n<tr>\n<td>Brystl\u00f8ft<\/td>\n<td>3644<\/td>\n<\/tr>\n<tr>\n<td>Brystreduksjon<\/td>\n<td>3790<\/td>\n<\/tr>\n<tr>\n<td>Operasjon av gynekomasti<\/td>\n<td>1960<\/td>\n<\/tr>\n<tr>\n<td>Operasjon av indre kj\u00f8nnslepper<\/td>\n<td>1890<\/td>\n<\/tr>\n<tr>\n<td>L\u00e5rplastikk<\/td>\n<td>2590<\/td>\n<\/tr>\n<tr>\n<td>Overarmsplastikk<\/td>\n<td>2144<\/td>\n<\/tr>\n<tr style=\"background-color: #b0afaf;\">\n<td style=\"text-align: right;\" colspan=\"2\"><span style=\"color: #ffffff;\"><strong>Kirurgi tri P. Kirjanen<\/strong><\/span><\/td>\n<\/tr>\n<\/tbody>\n<\/table>\n<h2 class=\"western\" lang=\"nb-NO\">Gynekologi<\/h2>\n<p>I pakkeprisen inng\u00e5r: evaluering av medisinsk spesialist, ultralyd, blodpr\u00f8ver, narkose, operasjon og overnatting ved Tallinnkontoret.<\/p>\n<table border=\"1\" width=\"100%\" cellspacing=\"0\" cellpadding=\"0\">\n<thead>\n<tr>\n<td>Operasjon<\/td>\n<td>Total<br \/>\npakkepris (EURO)<\/td>\n<\/tr>\n<\/thead>\n<tbody>\n<tr>\n<td><b>Hysterektomi <\/b>eller <b>fjerning av livmor-fibroider<\/b> med endoskop<b><br \/>\n<\/b><\/td>\n<td>1690<\/td>\n<\/tr>\n<tr>\n<td>Prolaps-kirurgi<\/td>\n<td>1690<\/td>\n<\/tr>\n<tr>\n<td>Fjerning av cyste (laparoskopisk inngrep)<\/td>\n<td>1290<\/td>\n<\/tr>\n<tr>\n<td>Vasektomi (laparoskopisk inngrep)<\/td>\n<td>890<\/td>\n<\/tr>\n<tr>\n<td>Inkontinenskirurgi (TVT)<\/td>\n<td>990<\/td>\n<\/tr>\n<tr>\n<td>Omskj\u00e6ring<\/td>\n<td>809<\/td>\n<\/tr>\n<tr style=\"background-color: #b0afaf;\">\n<td style=\"text-align: right;\" colspan=\"3\"><span style=\"color: #ffffff;\"><strong>Gynekologi A. Doba<\/strong><\/span><\/td>\n<\/tr>\n<\/tbody>\n<\/table>\n<div>\n<h2 class=\"western\" lang=\"nb-NO\">Ortopedi og h\u00e5ndkirurgi<\/h2>\n<p>I pakkeprisen inng\u00e5r: legens evaluering og blodpr\u00f8ver i Tallinn. Operasjon i Tallinn<\/p>\n<table border=\"1\" width=\"100%\" cellspacing=\"0\" cellpadding=\"0\">\n<thead>\n<tr>\n<td>Operasjon<\/td>\n<td>Total<br \/>\npris (EURO)<\/td>\n<\/tr>\n<\/thead>\n<tbody>\n<tr>\n<td><b>Kne-artroskopi <\/b>og<br \/>\n\u201crengj\u00f8ring\u201d<b><br \/>\n<\/b><\/td>\n<td>980<\/td>\n<\/tr>\n<tr>\n<td>Meniskoperasjon<br \/>\nmed artroskopi<\/td>\n<td>1200<\/td>\n<\/tr>\n<tr>\n<td>Liktornsoperasjon<\/td>\n<td>1190<\/td>\n<\/tr>\n<tr>\n<td>Artroskopi av skulderledd<\/td>\n<td>1300-1995<\/td>\n<\/tr>\n<tr>\n<td>Hofteplastikk<\/td>\n<td>6195<\/td>\n<\/tr>\n<tr>\n<td>Kne-plastisk kirurgi<\/td>\n<td>6990<\/td>\n<\/tr>\n<tr style=\"background-color: #b0afaf;\">\n<td style=\"text-align: right;\" colspan=\"2\"><span style=\"color: #ffffff;\"><strong>Ortopedi D. Kulak<\/strong><\/span><\/td>\n<\/tr>\n<\/tbody>\n<\/table>\n<h2 class=\"western\" lang=\"nb-NO\">\u00d8yesykdommer<\/h2>\n<table style=\"height: 201px;\" border=\"1\" width=\"845\" cellspacing=\"0\" cellpadding=\"0\">\n<thead>\n<tr>\n<td>Operasjon<\/td>\n<td>Total<br \/>\npris (EURO)<\/td>\n<\/tr>\n<\/thead>\n<tbody>\n<tr>\n<td><b>Katarakt-kirurgi (tradisjonell metode)<\/b><\/td>\n<td>630\/\u00d8ye<\/td>\n<\/tr>\n<tr>\n<td>aserkirurgi (LASIK)<\/td>\n<td>820\/\u00d8ye.<\/td>\n<\/tr>\n<tr>\n<td>Laserkirurgi (FS-LASIK)<\/td>\n<td>1200\/\u00d8ye.<\/td>\n<\/tr>\n<tr style=\"background-color: #b0afaf;\">\n<td style=\"text-align: right;\" colspan=\"2\"><span style=\"color: #ffffff;\"><strong>Dr. M. T\u00e4ll, dr. K. Noor<\/strong><\/span><\/td>\n<\/tr>\n<\/tbody>\n<\/table>\n<div>\n<h1 class=\"western\" lang=\"nb-NO\"><\/h1>\n<h1 class=\"western\" lang=\"nb-NO\"><\/h1>\n<h1 class=\"western\" lang=\"nb-NO\">Magnetkameraunders\u00f8kelse (\u20ac, euro)<\/h1>\n<p><b>Bilder med magnetkamera (1,5 Tesla) selvrisiko 99 euro\/omr\u00e5de<\/b><\/p>\n<p>Bilder tas l\u00f8rdager p\u00e5 Tallinnkontoret (prisen er 200 \u20ac per omr\u00e5de).<\/p>\n<p>FPA refunderer 145 \u20ac per omr\u00e5de. (<span style=\"color: #000080;\"><span lang=\"nb-NO\"><u><a class=\"western\" href=\"http:\/\/www.medimatkat.fi\/SV128_W.pdf\">skjema\u00a0<\/a><a class=\"western\" href=\"http:\/\/www.medimatkat.fi\/SV128_W.pdf\">SV128<\/a><\/u><\/span><\/span>).<\/p>\n<p>E-konsultasjon for magnetkameraunders\u00f8kelse koster 44 \u20ac per omr\u00e5de.<\/p>\n<p>I prisen inng\u00e5r en CD med bilder og radiologens rapport p\u00e5 engelsk.<\/p>\n<h2 class=\"western\" lang=\"nb-NO\">Annen magnetkameraunders\u00f8kelse (\u20ac, euro)<\/h2>\n<p><b>Bilder med magnetkamera (1,5 Tesla) selvrisiko 99 euro\/omr\u00e5de<\/b><\/p>\n<p>Ultralyd av magen \u2013 35 \u20ac.<\/p>\n<p>Ultralyd av skjoldbruskkjertelen \u2013 30 \u20ac.<\/p>\n<p>Mammografi (ett bryst) \u2013 29 \u20ac.<\/p>\n<h2 class=\"western\" lang=\"nb-NO\">Blodpr\u00f8ver (Tallinnkontoret) (\u20ac, euro)<\/h2>\n<p><b>Bilder med magnetkamera (1,5 Tesla) selvrisiko 99 euro\/omr\u00e5de<\/b><\/p>\n<p>CRP (betennelsesverdier) \u2013<strong class=\"western\">\u00a0<\/strong>3,90\u00a0\u20ac.<\/p>\n<p>Grunnleggende blodpr\u00f8ver (PVK, CRP, K, Na, Krea) \u2013\u00a029 \u20ac.<\/p>\n<p>Pakke med omfattende blodpr\u00f8ver (grunnleggende blodpr\u00f8ver, blodfett og leververdier) \u2013 49 \u20ac.<\/p>\n<p>Kreftpakke (CA19-9, CEA, CA125, AFP) \u2013 49\u00a0\u20ac.<\/p>\n<p>** Serviceavtalen (varer i 12 m\u00e5neder) omfatter: operasjon og konsultasjon med medisinske spesialister per e-post, utan ekstra kostnad.<\/p>\n<h1 class=\"western\" lang=\"nb-NO\">Helsingfors poliklinikk (\u20ac, euro)<\/h1>\n<p><b>Bilder med magnetkamera (1,5 Tesla) selvrisiko 99 euro\/omr\u00e5de<\/b><\/p>\n<p>Kontorkostnader 14 \u20ac<\/p>\n<p>Legevakt 44 \u20ac\u00a0\u00a0\u00a0\u00a0\u00a0 27,50 \u20ac\/20 min (Med FPA-refusjon)<\/p>\n<p>Behandlingskontrakt med pasienten som skal opereres<br \/>\n150 \u20ac (omfatter kontorkostnader og legevakt).<\/p>\n<p>E-konsultasjon med pasienter som kommer til Estland fra et annet land, 114 \u20ac (skriftlig informasjon om risiko og ettervern)<\/p>\n<p>Kansellering av kirurgi efter e-konsultasjon &#8211; 10% av pakkprisen<\/p>\n<\/div>\n<p>* Eksemplene er gitt i teksten er generelle og kan variere avhengig av behovene til pasientene. Ta kontakt med en lege for ytterligere informasjon<\/p>\n<\/div>\n<\/div>\n","protected":false},"excerpt":{"rendered":"<p>Oppdatert 1.9.2019 Mage- og generell kirurgi I pakkeprisene inng\u00e5r 1) Evaluering av medisinske spesialister p\u00e5 Tallinn-kontoret. 2) Blodpr\u00f8ver, anestesi og operasjon p\u00e5 Tallinn-kontoret. &nbsp; Operasjon Pakkepris (EURO) Kirurgi for \u00e5reknuter \u00a0(1 ben) 957 Behandling av \u00e5reknuter (skuminjeksjon) 387 Navlebrokk-kirurgi 1090 Laparoskopisk inngrep ved navlebrokk 1490 Lyskebrokk-kirurgi 1297 Laparoskopisk inngrep ved lyskebrokk 1980 Kolecystektomi\u00a0(med endoskop) 1980&hellip; <a class=\"read-more\" href=\"https:\/\/mediresor.se\/nb\/priser\/\">Read More<\/a><\/p>\n","protected":false},"author":1,"featured_media":0,"parent":0,"menu_order":0,"comment_status":"open","ping_status":"open","template":"page-rightsidebar.php","meta":{"footnotes":""},"class_list":["post-344","page","type-page","status-publish","hentry"],"_links":{"self":[{"href":"https:\/\/mediresor.se\/nb\/wp-json\/wp\/v2\/pages\/344","targetHints":{"allow":["GET"]}}],"collection":[{"href":"https:\/\/mediresor.se\/nb\/wp-json\/wp\/v2\/pages"}],"about":[{"href":"https:\/\/mediresor.se\/nb\/wp-json\/wp\/v2\/types\/page"}],"author":[{"embeddable":true,"href":"https:\/\/mediresor.se\/nb\/wp-json\/wp\/v2\/users\/1"}],"replies":[{"embeddable":true,"href":"https:\/\/mediresor.se\/nb\/wp-json\/wp\/v2\/comments?post=344"}],"version-history":[{"count":5,"href":"https:\/\/mediresor.se\/nb\/wp-json\/wp\/v2\/pages\/344\/revisions"}],"predecessor-version":[{"id":1810,"href":"https:\/\/mediresor.se\/nb\/wp-json\/wp\/v2\/pages\/344\/revisions\/1810"}],"wp:attachment":[{"href":"https:\/\/mediresor.se\/nb\/wp-json\/wp\/v2\/media?parent=344"}],"curies":[{"name":"wp","href":"https:\/\/api.w.org\/{rel}","templated":true}]}}