{"id":358,"date":"2015-06-11T18:20:38","date_gmt":"2015-06-11T17:20:38","guid":{"rendered":"http:\/\/www.mediresor.se\/?page_id=358"},"modified":"2018-11-12T11:11:45","modified_gmt":"2018-11-12T11:11:45","slug":"brystforstorring","status":"publish","type":"page","link":"https:\/\/mediresor.se\/nb\/brystforstorring\/","title":{"rendered":"Brystforst\u00f8rring i Estland"},"content":{"rendered":"<p>Brystforst\u00f8rring*<\/p>\n<table width=\"741\">\n<tbody>\n<tr>\n<td><\/td>\n<td>Lege: dr.\u00a0P. Kirjanen<\/p>\n<p>Blodpr\u00f8v er inkludert i prisen.<\/p>\n<p>Anestesi\u00a0inkludert i prisen.<\/p>\n<p>LipoElastic (bandage) er inkludert i prisen<\/p>\n<p>2 dagers opphold p\u00e5 sykehuset er inkludert i prisen.<\/p>\n<p><img loading=\"lazy\" decoding=\"async\" class=\"alignleft size-medium wp-image-531\" src=\"http:\/\/www.mediresor.se\/wp-content\/uploads\/2015\/08\/vatsan_muotoilu_rasvaimu_rintojen_suurennus-300x300.jpg\" alt=\"vatsan_muotoilu_rasvaimu_rintojen_suurennus\" width=\"300\" height=\"300\" srcset=\"https:\/\/mediresor.se\/wp-content\/uploads\/2015\/08\/vatsan_muotoilu_rasvaimu_rintojen_suurennus-300x300.jpg 300w, https:\/\/mediresor.se\/wp-content\/uploads\/2015\/08\/vatsan_muotoilu_rasvaimu_rintojen_suurennus.jpg 960w\" sizes=\"auto, (max-width: 300px) 100vw, 300px\" \/><\/p>\n<p>**<\/p>\n<p>&nbsp;<\/td>\n<\/tr>\n<\/tbody>\n<\/table>\n<div class=\"page\" title=\"Page 1\"><\/div>\n<p class=\"p1\"><span class=\"s1\">BRYSTFORST\u00d8RRING<\/span><\/p>\n<p class=\"p1\"><span class=\"s1\">Det er mange \u00e5rsaker til at du kan \u00f8nske deg st\u00f8rre bryster, men bak alle disse \u00e5rsakene skjuler det seg en virkelig grunn &#8211; \u00e5 v\u00e6re vakker og kjenne seg vel i egen kropp.<\/span><\/p>\n<p class=\"p1\"><span class=\"s1\">En brystforst\u00f8rringsoperasjon er en storartet mulighet til \u00e5 korrigere brystene for eksempel etter graviditet og amming eller etter en stor vektendring.<\/span><\/p>\n<p class=\"p1\"><span class=\"s1\">HVORDAN PROSESSEN FUNGERER<\/span><\/p>\n<p class=\"p1\"><span class=\"s1\">Din operasjon utf\u00f8res av den lisensierte plastiske kirurgen dr. Pille Kirjanen, som har over 10 \u00e5rs erfaring som kirurg, som har arbeidet ved Universitetet i Tartu og ved Tallinns st\u00f8rste regionale sykehus, har deltatt ved sv\u00e6rt mange kurs verden over, har fokusert p\u00e5 plastisk brystkirurgi, med sv\u00e6rt gode resultater. Hun er sv\u00e6rt pasientsentrert, hjelper alltid hver pasient \u00e5 velge riktig teknikk og implantat, og er ogs\u00e5 veldig st\u00f8ttende og hjelpsom etter operasjonen. Hun utf\u00f8rer om lag 300 operasjoner \u00e5rlig.<\/span><\/p>\n<p class=\"p1\"><span class=\"s1\">Under konsultasjonene f\u00f8r operasjonen klarlegger vi dine forventninger og unders\u00f8ker ogs\u00e5 din allmenne helsetilstand. I tillegg til dette utf\u00f8rer vi unders\u00f8kelser av brystkassen og brystkjertlene. For \u00e5 avslutte konsultasjonen utf\u00f8rer vi m\u00e5linger p\u00e5 brystene for \u00e5 planlegge valg av implantater, plassering og justering i forhold til brystkjertlene. For journalen tar vi ogs\u00e5 bilder av brystene dine.<\/span><\/p>\n<p class=\"p1\"><span class=\"s1\">Operasjonens varighet er en time og den utf\u00f8res under full narkose.<\/span><\/p>\n<p class=\"p1\"><span class=\"s1\">Etter operasjonen oppholder du deg kun en natt ved v\u00e5r klinikk. Det vil si at du kan begynne p\u00e5 hjemreisen alt morgenen etter.<\/span><\/p>\n<p class=\"p1\"><span class=\"s1\">Selv om rekonvalesenstiden er ulik for hver pasient, er smertebehandling n\u00f8dvendig de f\u00f8rste dagene. S\u00e5rene dekker vi med s\u00e5rteip og plaster i inntil to uker.<\/span><\/p>\n<p class=\"p1\"><span class=\"s1\">Bruk av st\u00f8ttende brystholder er avhengig av hvert individuelle fall.<\/span><\/p>\n<p class=\"p1\"><span class=\"s1\">Derimot anbefaler vi \u00e5 ikke bruke push up-BH etter operasjonen.<\/span><\/p>\n<p class=\"p1\"><span class=\"s1\">Som ved alle typer kirurgi ber vi om at du unng\u00e5r fysisk belastning de f\u00f8rste par ukene av rekonvalesensperioden.<\/span><\/p>\n<p class=\"p1\"><span class=\"s1\">HVOR SKJER OPERASJONEN<\/span><\/p>\n<p class=\"p1\"><span class=\"s1\">Hele prosessen skjer i Tallinn i en ny privatklinikk for plastisk kirurgi, bygd i \u00e5rene 2016-2017 og spesialisert p\u00e5 \u00e5 tilby tjenester innen plastisk kirurgi p\u00e5 h\u00f8yt niv\u00e5. Tallinn ligger om lag en times flyreise unna for deg. Her ventes du av et 5-stjerners hotell med nordisk kvalitet og service til en rimelig pris.<\/span><\/p>\n<p class=\"p1\"><span class=\"s1\">Ved v\u00e5r klinikk har det hvert \u00e5r v\u00e6rt utf\u00f8rt vellykkede operasjoner p\u00e5 n\u00e6rmere 300 pasienter fra Skandinavia, i tillegg til lokale pasienter. Vi har sv\u00e6rt gode erfaringer med organisering av behandlings- og reiseprosessen for utenlandske pasienter, der m\u00e5let er \u00e5 gi et best mulig estetisk resultat og sikre pasientens trygghet.<\/span><\/p>\n<p class=\"p1\"><span class=\"s1\">I tillegg til \u00e5 v\u00e6re profesjonelle er klinikkens ansatte ogs\u00e5 sv\u00e6rt vennlige og st\u00f8ttende.<\/span><\/p>\n<p class=\"p1\"><span class=\"s1\">Ta kontakt om du vil sende en foresp\u00f8rsel eller om du skulle ha tilleggssp\u00f8rsm\u00e5l ang\u00e5ende denne <\/span><span class=\"s1\">operasjonen. <\/span><\/p>\n<p class=\"p1\"><span class=\"s1\">Vi venter din samtale p\u00e5 +467 36 36 36 90 eller ditt brev p\u00e5 adresse info@mediresor.se.<\/span><\/p>\n<p class=\"p1\">\n<h1 class=\"western\" lang=\"sv-SE\"><a class=\"loerohkem\" href=\"http:\/\/www.mediresor.se\/nb\/brystforstorring-les-mer\/\">LES MER<\/a><\/h1>\n<p>&nbsp;<\/p>\n<p><img loading=\"lazy\" decoding=\"async\" class=\"alignleft size-medium wp-image-531\" src=\"http:\/\/www.mediresor.se\/wp-content\/uploads\/2015\/08\/vatsan_muotoilu_rasvaimu_rintojen_suurennus-300x300.jpg\" alt=\"vatsan_muotoilu_rasvaimu_rintojen_suurennus\" width=\"300\" height=\"300\" srcset=\"https:\/\/mediresor.se\/wp-content\/uploads\/2015\/08\/vatsan_muotoilu_rasvaimu_rintojen_suurennus-300x300.jpg 300w, https:\/\/mediresor.se\/wp-content\/uploads\/2015\/08\/vatsan_muotoilu_rasvaimu_rintojen_suurennus.jpg 960w\" sizes=\"auto, (max-width: 300px) 100vw, 300px\" \/><\/p>\n<p>**<\/p>\n<p>&nbsp;<\/p>\n<p>&nbsp;<\/p>\n<p>&nbsp;<\/p>\n<p>&nbsp;<\/p>\n<p>&nbsp;<\/p>\n<p>&nbsp;<\/p>\n<p>&nbsp;<\/p>\n<p>&nbsp;<\/p>\n<p>(c) Mediresor, dr. P. Kirjanen<\/p>\n<p>* Eksemplene er gitt i teksten er generelle og kan variere avhengig av behovene til pasientene. Ta kontakt med en lege for ytterligere informasjon<\/p>\n<p>&nbsp;<\/p>\n<p>**\u00a0Dette er en reell anbefaling fra v\u00e5r kunde. Ogs\u00e5 v\u00e6re klar over at slike resultater ikke kan lovet eller garantert.<\/p>\n<p>&nbsp;<\/p>\n<p>&nbsp;<\/p>\n","protected":false},"excerpt":{"rendered":"<p>Brystforst\u00f8rring* Lege: dr.\u00a0P. Kirjanen Blodpr\u00f8v er inkludert i prisen. Anestesi\u00a0inkludert i prisen. LipoElastic (bandage) er inkludert i prisen 2 dagers opphold p\u00e5 sykehuset er inkludert i prisen. ** &nbsp; BRYSTFORST\u00d8RRING Det er mange \u00e5rsaker til at du kan \u00f8nske deg st\u00f8rre bryster, men bak alle disse \u00e5rsakene skjuler det seg en virkelig grunn &#8211; \u00e5&hellip; <a class=\"read-more\" href=\"https:\/\/mediresor.se\/nb\/brystforstorring\/\">Read More<\/a><\/p>\n","protected":false},"author":1,"featured_media":0,"parent":0,"menu_order":0,"comment_status":"open","ping_status":"closed","template":"page-rightsidebar2.php","meta":{"footnotes":""},"class_list":["post-358","page","type-page","status-publish","hentry"],"_links":{"self":[{"href":"https:\/\/mediresor.se\/nb\/wp-json\/wp\/v2\/pages\/358","targetHints":{"allow":["GET"]}}],"collection":[{"href":"https:\/\/mediresor.se\/nb\/wp-json\/wp\/v2\/pages"}],"about":[{"href":"https:\/\/mediresor.se\/nb\/wp-json\/wp\/v2\/types\/page"}],"author":[{"embeddable":true,"href":"https:\/\/mediresor.se\/nb\/wp-json\/wp\/v2\/users\/1"}],"replies":[{"embeddable":true,"href":"https:\/\/mediresor.se\/nb\/wp-json\/wp\/v2\/comments?post=358"}],"version-history":[{"count":5,"href":"https:\/\/mediresor.se\/nb\/wp-json\/wp\/v2\/pages\/358\/revisions"}],"predecessor-version":[{"id":1512,"href":"https:\/\/mediresor.se\/nb\/wp-json\/wp\/v2\/pages\/358\/revisions\/1512"}],"wp:attachment":[{"href":"https:\/\/mediresor.se\/nb\/wp-json\/wp\/v2\/media?parent=358"}],"curies":[{"name":"wp","href":"https:\/\/api.w.org\/{rel}","templated":true}]}}