{"id":363,"date":"2015-06-11T18:26:42","date_gmt":"2015-06-11T17:26:42","guid":{"rendered":"http:\/\/www.mediresor.se\/?page_id=363"},"modified":"2018-11-12T15:43:33","modified_gmt":"2018-11-12T15:43:33","slug":"fettsuging","status":"publish","type":"page","link":"https:\/\/mediresor.se\/nb\/fettsuging\/","title":{"rendered":"Fettsuging"},"content":{"rendered":"<h3 class=\"p1\"><strong><span class=\"s1\">Fettsuging<\/span><\/strong><\/h3>\n<table style=\"height: 321px;\" width=\"741\">\n<tbody>\n<tr>\n<td><\/td>\n<td>Lege: dr.\u00a0P. Kirjanen<\/p>\n<p>&nbsp;<\/p>\n<p>Vannassistert fettsugning (BodyJet)\u00a0er inkludert i prisen.<\/p>\n<p>Blodpr\u00f8v er inkludert i prisen.<\/p>\n<p>Anestesi\u00a0inkludert i prisen.<\/p>\n<p>LipoElastic (bandage) er inkludert i prisen<\/p>\n<p>2 dagers opphold p\u00e5 sykehuset er inkludert i prisen.<\/p>\n<p>&nbsp;<\/p>\n\n\t\t\t<!-- START Fettsugning, fettsuging, fedtsugning i Estland REVOLUTION SLIDER 6.2.15 --><p class=\"rs-p-wp-fix\"><\/p>\n\t\t\t<rs-module-wrap id=\"rev_slider_3_1_wrapper\" data-source=\"gallery\" style=\"background:transparent;padding:0;margin:0px auto;margin-top:0;margin-bottom:0;max-width:;\">\n\t\t\t\t<rs-module id=\"rev_slider_3_1\" style=\"\" data-version=\"6.2.15\">\n\t\t\t\t\t<rs-slides>\n\t\t\t\t\t\t<rs-slide data-key=\"rs-14\" data-title=\"Slide\" data-anim=\"ei:d;eo:d;s:d;r:0;t:fade;sl:d;\">\n\t\t\t\t\t\t\t<img decoding=\"async\" src=\"\/\/www.mediresor.se\/wp-content\/uploads\/2015\/08\/rasvaimu.jpg\" title=\"Fettsuging\" class=\"rev-slidebg\" data-no-retina>\n<!---->\t\t\t\t\t\t<\/rs-slide>\n\t\t\t\t\t\t<rs-slide data-key=\"rs-15\" data-title=\"Slide\" data-anim=\"ei:d;eo:d;s:d;r:0;t:fade;sl:d;\">\n\t\t\t\t\t\t\t<img decoding=\"async\" src=\"\/\/www.mediresor.se\/wp-content\/uploads\/2018\/11\/Screen-Shot-2018-11-12-at-17.31.50.png\" title=\"Fettsuging\" class=\"rev-slidebg\" data-no-retina>\n<!---->\t\t\t\t\t\t<\/rs-slide>\n\t\t\t\t\t\t<rs-slide data-key=\"rs-16\" data-title=\"Slide\" data-anim=\"ei:d;eo:d;s:d;r:0;t:fade;sl:d;\">\n\t\t\t\t\t\t\t<img decoding=\"async\" src=\"\/\/www.mediresor.se\/wp-content\/uploads\/2018\/11\/Screen-Shot-2018-11-12-at-17.33.18.png\" title=\"Fettsuging\" class=\"rev-slidebg\" data-no-retina>\n<!---->\t\t\t\t\t\t<\/rs-slide>\n\t\t\t\t\t<\/rs-slides>\n\t\t\t\t<\/rs-module>\n\t\t\t\t<script type=\"text\/javascript\">\n\t\t\t\t\tsetREVStartSize({c: 'rev_slider_3_1',rl:[1240,1024,778,480],el:[],gw:[1240],gh:[868],type:'standard',justify:'',layout:'fullwidth',mh:\"0\"});\n\t\t\t\t\tvar\trevapi3,\n\t\t\t\t\t\ttpj;\n\t\t\t\t\tjQuery(function() {\n\t\t\t\t\t\ttpj = jQuery;\n\t\t\t\t\t\trevapi3 = tpj(\"#rev_slider_3_1\")\n\t\t\t\t\t\tif(revapi3==undefined || revapi3.revolution == undefined){\n\t\t\t\t\t\t\trevslider_showDoubleJqueryError(\"rev_slider_3_1\");\n\t\t\t\t\t\t}else{\n\t\t\t\t\t\t\trevapi3.revolution({\n\t\t\t\t\t\t\t\tduration:2000,\n\t\t\t\t\t\t\t\tvisibilityLevels:\"1240,1024,778,480\",\n\t\t\t\t\t\t\t\tgridwidth:1240,\n\t\t\t\t\t\t\t\tgridheight:868,\n\t\t\t\t\t\t\t\tspinner:\"spinner0\",\n\t\t\t\t\t\t\t\tperspectiveType:\"local\",\n\t\t\t\t\t\t\t\tresponsiveLevels:\"1240,1024,778,480\",\n\t\t\t\t\t\t\t\tprogressBar:{disableProgressBar:true},\n\t\t\t\t\t\t\t\tnavigation: {\n\t\t\t\t\t\t\t\t\tonHoverStop:false\n\t\t\t\t\t\t\t\t},\n\t\t\t\t\t\t\t\tfallbacks: {\n\t\t\t\t\t\t\t\t\tallowHTML5AutoPlayOnAndroid:true\n\t\t\t\t\t\t\t\t},\n\t\t\t\t\t\t\t});\n\t\t\t\t\t\t}\n\t\t\t\t\t\t\n\t\t\t\t\t});\n\t\t\t\t<\/script>\n\t\t\t<\/rs-module-wrap>\n\t\t\t<!-- END REVOLUTION SLIDER -->\n**<\/td>\n<\/tr>\n<\/tbody>\n<\/table>\n<div class=\"page\" title=\"Page 1\"><\/div>\n<div class=\"page\" title=\"Page 1\">\n<p class=\"p1\"><span class=\"s1\">Noen fettavleiringer lar seg ikke behandle med normale metoder. Du vet det, for du har alt pr\u00f8vd med en rekke dietter og treningsmetoder. Men disse omr\u00e5dene endrer seg ikke, men skaper i stedet ubehag eller smerter.<\/span><\/p>\n<p class=\"p1\"><span class=\"s1\">For \u00e5 f\u00e5 bukt med slike gjenstridige fettavleiringer og for \u00e5 bli kvitt smerten er nesten den eneste l\u00f8sningen fettsuging, for i denne prosessen fjernes fettcellene permanent.<\/span><\/p>\n<p class=\"p1\"><span class=\"s1\">Gjennom denne operasjonen fjernes overfl\u00f8dig fett fra de omr\u00e5dene som forstyrrer deg mest, noe som klarlegges i l\u00f8pet av konsultasjonen f\u00f8r operasjonen.<\/span><\/p>\n<p class=\"p1\"><span class=\"s1\">HVORDAN PROSESSEN FUNGERER<\/span><\/p>\n<p class=\"p1\"><span class=\"s1\">Gjennom konsultasjonen vurderes din allmenne helsetilstand. Videre vurderes avvik fra den ideelle kroppskonturen og hudens tilstand.<\/span><\/p>\n<p class=\"p1\"><span class=\"s1\">Den f\u00f8rste konsultasjonen kommer over e-post. I l\u00f8pet av denne klarlegger vi dine \u00f8nsker, det reelle omfanget p\u00e5 operasjonen avhengig av din sykehistorie og hvilke medikamenter du bruker.<\/span><\/p>\n<p class=\"p1\"><span class=\"s1\">Ut fra de innsamlede opplysningene lager vi et pristilbud til deg og foresl\u00e5r mulige operasjonsdatoer.<\/span><\/p>\n<p class=\"p1\"><span class=\"s1\">Om det passer, avtaler vi operasjonsdato og ber deg om n\u00f8dvendige kontaktopplysninger for bekreftelse av reservasjonen. N\u00e5r dette er gjort g\u00e5r vi videre med konsultasjon over e-post og\/eller telefon.<\/span><\/p>\n<p class=\"p1\"><span class=\"s1\">Selve operasjonen varer som som regel fra 3 til 4 timer. V\u00e5r klinikk benytter en ny og sv\u00e6rt effektiv fettsugingsmetode som gir sv\u00e6rt gode resultater &#8211; water assisted liposuction method. Med denne metoden fjernes fettvevet med en vannstr\u00e5le som i mindre grad p\u00e5virker annet vev, og derfor er rekonvalesensen lettere og mer smertefri.<\/span><\/p>\n<p class=\"p1\"><span class=\"s1\">Du f\u00e5r reise hjem alt neste morgen etter operasjonen.<\/span><\/p>\n<p class=\"p1\"><span class=\"s1\">Rekonvalesens etter operasjonen er riktig nok forskjellig for hver pasient, men s\u00e5rene m\u00e5 i to uker holdes fast med s\u00e5rteip og plaster, og det er n\u00f8dvendig med st\u00f8ttekl\u00e6r (st\u00f8ttebekledning av sv\u00e6rt h\u00f8y kvalitet gis gratis med fra v\u00e5r klinikk) for det opererte omr\u00e5det i 4-6 uker. Det anbefales ogs\u00e5 \u00e5 unng\u00e5 fysisk belastning i l\u00f8pet av de f\u00f8rste ukene av rekonvalesensperioden.<\/span><\/p>\n<p class=\"p1\"><span class=\"s1\">HVOR SKJER OPERASJONEN OG HVEM UTF\u00d8RER DEN<\/span><\/p>\n<p class=\"p1\"><span class=\"s1\">Hele prosessen skjer i Tallinn i en ny privatklinikk for plastisk kirurgi, bygd i \u00e5rene 2016-2017 og spesialisert p\u00e5 \u00e5 tilby tjenester innen plastisk kirurgi p\u00e5 h\u00f8yt niv\u00e5. Tallinn ligger om lag en times flyreise unna for deg. Her ventes du av et 5-stjerners hotell med nordisk kvalitet og service til en rimelig pris.<\/span><\/p>\n<p class=\"p1\"><span class=\"s1\">Ved v\u00e5r klinikk utf\u00f8res det i tillegg til lokale pasienter hvert \u00e5r vellykkede operasjoner p\u00e5 over 300 pasienter fra Skandinavia, og vi har sv\u00e6rt gode erfaringer med organisering av behandlings- og reiseprosessen for utenlandske pasienter, der m\u00e5let er \u00e5 gi et best mulig estetisk resultat og sikre pasientens trygghet.<\/span><\/p>\n<p class=\"p1\"><span class=\"s1\">I tillegg til \u00e5 v\u00e6re profesjonelle er klinikkens ansatte ogs\u00e5 sv\u00e6rt vennlige og st\u00f8ttende. Din kirurg er dr. Pille Kirjanen, som har lang erfaring og er lisensiert ekspert p\u00e5 feltet.<\/span><\/p>\n<p class=\"p1\"><span class=\"s1\">Ta kontakt om du vil sende en foresp\u00f8rsel eller om du skulle ha tilleggssp\u00f8rsm\u00e5l ang\u00e5ende denne operasjonen. Vi venter din samtale p\u00e5 +467 36 36 36 90 eller ditt brev p\u00e5 adresse info@mediresor.se.<\/span><\/p>\n<\/div>\n<h1 class=\"western\" lang=\"sv-SE\">\u00a0<a class=\"loerohkem\" href=\"http:\/\/www.mediresor.se\/nb\/fettsuging_les_mer\/\">LES MER<\/a><\/h1>\n<h1 class=\"western\" lang=\"sv-SE\"><\/h1>\n<p>&nbsp;<\/p>\n<p>&nbsp;<\/p>\n<p>&nbsp;<\/p>\n<p>(c) Mediresor<\/p>\n<p>&nbsp;<\/p>\n<p>&nbsp;<\/p>\n<p>&nbsp;<\/p>\n<p>*\u00a0Eksemplene er gitt i teksten er generelle og kan variere avhengig av behovene til pasientene. Ta kontakt med en lege for ytterligere informasjon<\/p>\n<p>&nbsp;<\/p>\n<p>**\u00a0Dette er en reell anbefaling fra v\u00e5r kunde. Ogs\u00e5 v\u00e6re klar over at slike resultater ikke kan lovet eller garantert.<\/p>\n","protected":false},"excerpt":{"rendered":"<p>Fettsuging Lege: dr.\u00a0P. Kirjanen &nbsp; Vannassistert fettsugning (BodyJet)\u00a0er inkludert i prisen. Blodpr\u00f8v er inkludert i prisen. Anestesi\u00a0inkludert i prisen. LipoElastic (bandage) er inkludert i prisen 2 dagers opphold p\u00e5 sykehuset er inkludert i prisen. &nbsp; ** Noen fettavleiringer lar seg ikke behandle med normale metoder. Du vet det, for du har alt pr\u00f8vd med en&hellip; <a class=\"read-more\" href=\"https:\/\/mediresor.se\/nb\/fettsuging\/\">Read More<\/a><\/p>\n","protected":false},"author":1,"featured_media":0,"parent":0,"menu_order":0,"comment_status":"open","ping_status":"open","template":"page-rightsidebar2.php","meta":{"footnotes":""},"class_list":["post-363","page","type-page","status-publish","hentry"],"_links":{"self":[{"href":"https:\/\/mediresor.se\/nb\/wp-json\/wp\/v2\/pages\/363","targetHints":{"allow":["GET"]}}],"collection":[{"href":"https:\/\/mediresor.se\/nb\/wp-json\/wp\/v2\/pages"}],"about":[{"href":"https:\/\/mediresor.se\/nb\/wp-json\/wp\/v2\/types\/page"}],"author":[{"embeddable":true,"href":"https:\/\/mediresor.se\/nb\/wp-json\/wp\/v2\/users\/1"}],"replies":[{"embeddable":true,"href":"https:\/\/mediresor.se\/nb\/wp-json\/wp\/v2\/comments?post=363"}],"version-history":[{"count":5,"href":"https:\/\/mediresor.se\/nb\/wp-json\/wp\/v2\/pages\/363\/revisions"}],"predecessor-version":[{"id":1579,"href":"https:\/\/mediresor.se\/nb\/wp-json\/wp\/v2\/pages\/363\/revisions\/1579"}],"wp:attachment":[{"href":"https:\/\/mediresor.se\/nb\/wp-json\/wp\/v2\/media?parent=363"}],"curies":[{"name":"wp","href":"https:\/\/api.w.org\/{rel}","templated":true}]}}