{"id":365,"date":"2015-06-11T18:27:59","date_gmt":"2015-06-11T17:27:59","guid":{"rendered":"http:\/\/www.mediresor.se\/?page_id=365"},"modified":"2016-03-19T12:51:46","modified_gmt":"2016-03-19T12:51:46","slug":"brystreduksjon","status":"publish","type":"page","link":"https:\/\/mediresor.se\/nb\/brystreduksjon\/","title":{"rendered":"Brystreduksjon"},"content":{"rendered":"<h1 class=\"western\" lang=\"nb-NO\">Brystreduksjon*<\/h1>\n<p>Brystreduksjon er et kirurgisk inngrep med det form\u00e5l \u00e5 redusere brystvolumet og korrigere formen. Uforholdsmessig store bryster kan for\u00e5rsake rygg- og nakkesmerter og kan knyttes til deformasjon av skuldrene og kronisk hodepine. Altfor store bryster kan hindre trening og gj\u00f8re det vanskelig \u00e5 finne kl\u00e6r som passer. Brystreduksjon er en egnet metode for kvinner som \u00f8nsker \u00e5 forbedre livskvaliteten ved \u00e5 redusere st\u00f8rrelsen p\u00e5 brystene og forbedre brystenes fasong og utseende. \u00c5 oppn\u00e5 en ideell symmetri av brystene er ikke sannsynlig.<\/p>\n<p><strong class=\"western\">Pre-kirurgisk konsultasjon<\/strong><br \/>\nPasientens forventninger og muligheter til \u00e5 realisere \u00f8nskene sine blir etablert. Pasientens medisinske historie blir diskutert, spesielt eventuelle sykdommer relatert til brystene (individuell eller familie-anamnese av brystkreft). Informasjon til pasienten om endring av brystene knyttet til graviditet\/amming og vektendringer er viktig, samt at aktuell bruk av medisiner blir diskutert. Behovet for en pre-kirurgisk unders\u00f8kelse (mammografi) bestemmes for hver enkelt pasient. Det anbefales \u00e5 stabilisere pasientens vekt f\u00f8r inngrepet.<\/p>\n<p>Unders\u00f8kelsen av pasienten omfatter en unders\u00f8kelse av bryst og brystkjertler (asymmetri, hengende bryster og graden av denne, st\u00f8rrelse og plasseringen av brystvorte og areola- omr\u00e5det), samt at hudens kvalitet blir evaluert. Pasientens bryster fotograferes for den historiske saksgangen. Brystene blir m\u00e5lt, metode for inngrep planlagt, samt stedet for de senere arrene. Det er viktig at du snakker med legen om ditt \u00f8nske om \u00e5 bli gravid og amme (muligheten til \u00e5 velge en inngrespmetode som best bevarer melkekanalene, men det garanterer ikke at mulighetene til senere amming blir bevart).<\/p>\n<p><b>Operasjonen<\/b><\/p>\n<p>Operasjonen vil utf\u00f8res med vanlig anestesi og tar normalt 2-3 timer. Inngrepet er en kombinasjon av \u00e5 fjerne og erstatte overfl\u00f8dig vev og fjerning av overfl\u00f8dig hud. Drenet blir normalt sittende i brystene.<\/p>\n<p><strong class=\"western\">Restitusjon<\/strong><\/p>\n<p><a name=\"__mceDel11\"><\/a><em class=\"western\">Drenet fjernes og pasienten skrives normalt ut morgenen etter operasjonen.<\/em><\/p>\n<p>Restitusjonen er individuell for hver enkelt pasient. Post-kirurgisk smertelindring vil trenges de f\u00f8rste dagene da traumatisert vev vil for\u00e5rsake hevelser. Snittene dekkes med s\u00e5rlukkingstape og bandasjer i inntil 2 uker og f\u00f8lges opp med arr-omsorg. Det er n\u00f8dvendig \u00e5 bruke en st\u00f8tte-BH d\u00f8gnet rundt de f\u00f8rste 6 ukene og deretter kompresjon i 4-6 uker, men \u00e5 bruke en push-up-BH etter det kirurgiske inngrepet er s\u00e5 avgjort ikke \u00e5 anbefale. Un\u00f8dvendig trening b\u00f8r unng\u00e5s under de f\u00f8rste ukene etter operasjonen.<\/p>\n<p><strong class=\"western\">Mulig risiko<\/strong><br \/>\nRett etter operasjonen er det mulighet for langvarig hevelse, ubehag, endringer i brystvortenes f\u00f8lsomhet, samt subdermale hematomer. Hvis det oppst\u00e5r et hematom i brystet, kan det bli n\u00f8dvendig med ny operasjon. Infeksjoner er sjeldne. Hyppigere er problemer med helbredelse av snittene som f\u00f8rer til strekk i arrene. Asymmetri er vanlig. Skrumpet vev, inkludert brystvorte-vev, utilfredsstillende brystfasong og st\u00f8rrelse er mulig.<\/p>\n<p>&nbsp;<\/p>\n<p>* * Eksemplene er gitt i teksten er generelle og kan variere avhengig av behovene til pasientene. Ta kontakt med en lege for ytterligere informasjon<\/p>\n","protected":false},"excerpt":{"rendered":"<p>Brystreduksjon* Brystreduksjon er et kirurgisk inngrep med det form\u00e5l \u00e5 redusere brystvolumet og korrigere formen. Uforholdsmessig store bryster kan for\u00e5rsake rygg- og nakkesmerter og kan knyttes til deformasjon av skuldrene og kronisk hodepine. Altfor store bryster kan hindre trening og gj\u00f8re det vanskelig \u00e5 finne kl\u00e6r som passer. Brystreduksjon er en egnet metode for kvinner&hellip; <a class=\"read-more\" href=\"https:\/\/mediresor.se\/nb\/brystreduksjon\/\">Read More<\/a><\/p>\n","protected":false},"author":1,"featured_media":0,"parent":0,"menu_order":0,"comment_status":"open","ping_status":"open","template":"page-rightsidebar2.php","meta":{"footnotes":""},"class_list":["post-365","page","type-page","status-publish","hentry"],"_links":{"self":[{"href":"https:\/\/mediresor.se\/nb\/wp-json\/wp\/v2\/pages\/365","targetHints":{"allow":["GET"]}}],"collection":[{"href":"https:\/\/mediresor.se\/nb\/wp-json\/wp\/v2\/pages"}],"about":[{"href":"https:\/\/mediresor.se\/nb\/wp-json\/wp\/v2\/types\/page"}],"author":[{"embeddable":true,"href":"https:\/\/mediresor.se\/nb\/wp-json\/wp\/v2\/users\/1"}],"replies":[{"embeddable":true,"href":"https:\/\/mediresor.se\/nb\/wp-json\/wp\/v2\/comments?post=365"}],"version-history":[{"count":3,"href":"https:\/\/mediresor.se\/nb\/wp-json\/wp\/v2\/pages\/365\/revisions"}],"predecessor-version":[{"id":705,"href":"https:\/\/mediresor.se\/nb\/wp-json\/wp\/v2\/pages\/365\/revisions\/705"}],"wp:attachment":[{"href":"https:\/\/mediresor.se\/nb\/wp-json\/wp\/v2\/media?parent=365"}],"curies":[{"name":"wp","href":"https:\/\/api.w.org\/{rel}","templated":true}]}}